{"id":10557,"date":"2021-05-06T09:52:40","date_gmt":"2021-05-06T07:52:40","guid":{"rendered":"https:\/\/www.sade-cgth.fr\/ouzbekistan\/"},"modified":"2021-06-24T15:59:42","modified_gmt":"2021-06-24T13:59:42","slug":"uzbekistan","status":"publish","type":"page","link":"https:\/\/www.sade-cgth.fr\/es\/uzbekistan\/","title":{"rendered":"Uzbekist\u00e1n"},"content":{"rendered":"<div class=\"wpb-content-wrapper\"><p>[vc_row full_width=\u00bbstretch_row_content_no_spaces\u00bb][vc_column]\n\t\t\t<!-- START Caroussel Ouzbekistan ES REVOLUTION SLIDER 6.6.2 --><p class=\"rs-p-wp-fix\"><\/p>\n\t\t\t<rs-module-wrap id=\"rev_slider_42_1_wrapper\" data-source=\"gallery\" style=\"visibility:hidden;background:transparent;padding:0;margin:0px auto;margin-top:0;margin-bottom:0;\">\n\t\t\t\t<rs-module id=\"rev_slider_42_1\" style=\"\" data-version=\"6.6.2\">\n\t\t\t\t\t<rs-slides style=\"overflow: hidden; position: absolute;\">\n\t\t\t\t\t\t<rs-slide style=\"position: absolute;\" data-key=\"rs-164\" data-title=\"Slide\" data-thumb=\"\/\/www.sade-cgth.fr\/wp-content\/uploads\/2021\/05\/bandeau_pays-new1-50x100.jpg\" data-anim=\"ms:1000;r:0;\" data-in=\"o:0;\" data-out=\"a:false;\">\n\t\t\t\t\t\t\t<img decoding=\"async\" src=\"\/\/www.sade-cgth.fr\/wp-content\/plugins\/revslider\/public\/assets\/assets\/dummy.png\" alt=\"\" title=\"bandeau_pays-new1\" width=\"1920\" height=\"607\" class=\"rev-slidebg tp-rs-img rs-lazyload\" data-lazyload=\"\/\/www.sade-cgth.fr\/wp-content\/uploads\/2021\/05\/bandeau_pays-new1.jpg\" data-no-retina>\n<!--\n\t\t\t\t\t\t\t--><rs-layer\n\t\t\t\t\t\t\t\tid=\"slider-42-slide-164-layer-0\" \n\t\t\t\t\t\t\t\tdata-type=\"text\"\n\t\t\t\t\t\t\t\tdata-color=\"#fff\"\n\t\t\t\t\t\t\t\tdata-rsp_ch=\"on\"\n\t\t\t\t\t\t\t\tdata-xy=\"x:r;xo:9px;y:506px;\"\n\t\t\t\t\t\t\t\tdata-text=\"w:normal;s:54;l:50;ls:3px;a:center;\"\n\t\t\t\t\t\t\t\tdata-dim=\"w:512px;minh:0px;\"\n\t\t\t\t\t\t\t\tdata-frame_999=\"o:0;st:w;\"\n\t\t\t\t\t\t\t\tstyle=\"z-index:9;font-family:'Lato';\"\n\t\t\t\t\t\t\t>Infraestructuras \n\t\t\t\t\t\t\t<\/rs-layer><!--\n\n\t\t\t\t\t\t\t--><rs-layer\n\t\t\t\t\t\t\t\tid=\"slider-42-slide-164-layer-1\" \n\t\t\t\t\t\t\t\tdata-type=\"shape\"\n\t\t\t\t\t\t\t\tdata-rsp_ch=\"on\"\n\t\t\t\t\t\t\t\tdata-xy=\"x:r;xo:27px;y:484px;\"\n\t\t\t\t\t\t\t\tdata-text=\"w:normal;\"\n\t\t\t\t\t\t\t\tdata-dim=\"w:476px;h:98px;\"\n\t\t\t\t\t\t\t\tdata-frame_999=\"o:0;st:w;\"\n\t\t\t\t\t\t\t\tstyle=\"z-index:5;background-color:rgba(0,0,0,0.5);\"\n\t\t\t\t\t\t\t> \n\t\t\t\t\t\t\t<\/rs-layer><!--\n-->\t\t\t\t\t\t<\/rs-slide>\n\t\t\t\t\t\t<rs-slide style=\"position: absolute;\" data-key=\"rs-165\" data-title=\"Slide\" data-thumb=\"\/\/www.sade-cgth.fr\/wp-content\/uploads\/2021\/05\/bandeau_pays-new2-50x100.jpg\" data-anim=\"ms:1000;r:0;\" data-in=\"o:0;\" data-out=\"a:false;\">\n\t\t\t\t\t\t\t<img decoding=\"async\" src=\"\/\/www.sade-cgth.fr\/wp-content\/plugins\/revslider\/public\/assets\/assets\/dummy.png\" alt=\"\" title=\"bandeau_pays-new2\" width=\"1920\" height=\"607\" class=\"rev-slidebg tp-rs-img rs-lazyload\" data-lazyload=\"\/\/www.sade-cgth.fr\/wp-content\/uploads\/2021\/05\/bandeau_pays-new2.jpg\" data-no-retina>\n<!--\n\t\t\t\t\t\t\t--><rs-layer\n\t\t\t\t\t\t\t\tid=\"slider-42-slide-165-layer-0\" \n\t\t\t\t\t\t\t\tdata-type=\"text\"\n\t\t\t\t\t\t\t\tdata-color=\"#fff\"\n\t\t\t\t\t\t\t\tdata-rsp_ch=\"on\"\n\t\t\t\t\t\t\t\tdata-xy=\"x:r;xo:9px;y:506px;\"\n\t\t\t\t\t\t\t\tdata-text=\"w:normal;s:54;l:50;ls:3px;a:center;\"\n\t\t\t\t\t\t\t\tdata-dim=\"w:294px;minh:0px;\"\n\t\t\t\t\t\t\t\tdata-frame_999=\"o:0;st:w;\"\n\t\t\t\t\t\t\t\tstyle=\"z-index:9;font-family:'Lato';\"\n\t\t\t\t\t\t\t>Redes \n\t\t\t\t\t\t\t<\/rs-layer><!--\n\n\t\t\t\t\t\t\t--><rs-layer\n\t\t\t\t\t\t\t\tid=\"slider-42-slide-165-layer-1\" \n\t\t\t\t\t\t\t\tdata-type=\"shape\"\n\t\t\t\t\t\t\t\tdata-rsp_ch=\"on\"\n\t\t\t\t\t\t\t\tdata-xy=\"x:r;xo:27px;y:484px;\"\n\t\t\t\t\t\t\t\tdata-text=\"w:normal;\"\n\t\t\t\t\t\t\t\tdata-dim=\"w:258px;h:98px;\"\n\t\t\t\t\t\t\t\tdata-frame_999=\"o:0;st:w;\"\n\t\t\t\t\t\t\t\tstyle=\"z-index:5;background-color:rgba(0,0,0,0.5);\"\n\t\t\t\t\t\t\t> \n\t\t\t\t\t\t\t<\/rs-layer><!--\n-->\t\t\t\t\t\t<\/rs-slide>\n\t\t\t\t\t\t<rs-slide style=\"position: absolute;\" data-key=\"rs-166\" data-title=\"Slide\" data-thumb=\"\/\/www.sade-cgth.fr\/wp-content\/uploads\/2021\/05\/bandeau_pays-new3-50x100.jpg\" data-anim=\"ms:1000;r:0;\" data-in=\"o:0;\" data-out=\"a:false;\">\n\t\t\t\t\t\t\t<img decoding=\"async\" src=\"\/\/www.sade-cgth.fr\/wp-content\/plugins\/revslider\/public\/assets\/assets\/dummy.png\" alt=\"\" title=\"bandeau_pays-new3\" width=\"1920\" height=\"607\" class=\"rev-slidebg tp-rs-img rs-lazyload\" data-lazyload=\"\/\/www.sade-cgth.fr\/wp-content\/uploads\/2021\/05\/bandeau_pays-new3.jpg\" data-no-retina>\n<!--\n\t\t\t\t\t\t\t--><rs-layer\n\t\t\t\t\t\t\t\tid=\"slider-42-slide-166-layer-0\" \n\t\t\t\t\t\t\t\tdata-type=\"text\"\n\t\t\t\t\t\t\t\tdata-color=\"#fff\"\n\t\t\t\t\t\t\t\tdata-rsp_ch=\"on\"\n\t\t\t\t\t\t\t\tdata-xy=\"x:r;xo:9px;y:506px;\"\n\t\t\t\t\t\t\t\tdata-text=\"w:normal;s:54;l:50;ls:3px;a:center;\"\n\t\t\t\t\t\t\t\tdata-dim=\"w:216px;minh:0px;\"\n\t\t\t\t\t\t\t\tdata-frame_999=\"o:0;st:w;\"\n\t\t\t\t\t\t\t\tstyle=\"z-index:9;font-family:'Lato';\"\n\t\t\t\t\t\t\t>EAI \n\t\t\t\t\t\t\t<\/rs-layer><!--\n\n\t\t\t\t\t\t\t--><rs-layer\n\t\t\t\t\t\t\t\tid=\"slider-42-slide-166-layer-1\" \n\t\t\t\t\t\t\t\tdata-type=\"shape\"\n\t\t\t\t\t\t\t\tdata-rsp_ch=\"on\"\n\t\t\t\t\t\t\t\tdata-xy=\"x:r;xo:27px;y:484px;\"\n\t\t\t\t\t\t\t\tdata-text=\"w:normal;\"\n\t\t\t\t\t\t\t\tdata-dim=\"w:181px;h:98px;\"\n\t\t\t\t\t\t\t\tdata-frame_999=\"o:0;st:w;\"\n\t\t\t\t\t\t\t\tstyle=\"z-index:5;background-color:rgba(0,0,0,0.5);\"\n\t\t\t\t\t\t\t> \n\t\t\t\t\t\t\t<\/rs-layer><!--\n-->\t\t\t\t\t\t<\/rs-slide>\n\t\t\t\t\t<\/rs-slides>\n\t\t\t\t<\/rs-module>\n\t\t\t\t<script>\n\t\t\t\t\tsetREVStartSize({c: 'rev_slider_42_1',rl:[1240,1024,778,480],el:[607],gw:[1920],gh:[607],type:'standard',justify:'',layout:'fullwidth',mh:\"0\"});if (window.RS_MODULES!==undefined && window.RS_MODULES.modules!==undefined && window.RS_MODULES.modules[\"revslider421\"]!==undefined) {window.RS_MODULES.modules[\"revslider421\"].once = false;window.revapi42 = undefined;if (window.RS_MODULES.checkMinimal!==undefined) window.RS_MODULES.checkMinimal()}\n\t\t\t\t<\/script>\n\t\t\t<\/rs-module-wrap>\n\t\t\t<!-- END REVOLUTION SLIDER -->\n[\/vc_column][\/vc_row][vc_row gap=\u00bb30&#8243; el_class=\u00bbflex\u00bb][vc_column width=\u00bb2\/3&#8243;][vc_column_text]<\/p>\n<h2>Principal proyecto<\/h2>\n<p>[\/vc_column_text][vc_row_inner gap=\u00bb20&#8243;][vc_column_inner width=\u00bb1\/2&#8243;][vc_column_text css=\u00bb.vc_custom_1624540092998{margin-top: -20px !important;}\u00bb]<iframe loading=\"lazy\" title=\"YouTube video player\" src=\"https:\/\/www.youtube-nocookie.com\/embed\/WiMTiI79LAg\" width=\"100%\" height=\"230\" frameborder=\"0\" allowfullscreen=\"allowfullscreen\"><\/iframe>[\/vc_column_text][vc_column_text css=\u00bb.vc_custom_1620286802838{margin-top: 40px !important;}\u00bb el_class=\u00bblireaussi\u00bb]<\/p>\n<div style=\"height: 6px; width: 120px; background-color: #008bcb; margin-bottom: -10px;\"><\/div>\n<p><a style=\"text-decoration: underline; color: #008bcb;\" href=\"https:\/\/www.sade-cgth.fr\/blog\/geographie\/afrique\/decollage-immediat-pour-cotonou\/\" target=\"_blank\" rel=\"noopener noreferrer\">Lire aussi sur le m\u00eame sujet<\/a>[\/vc_column_text][\/vc_column_inner][vc_column_inner width=\u00bb1\/2&#8243;][vc_column_text css=\u00bb.vc_custom_1621235562419{margin-top: -35px !important;}\u00bb]<\/p>\n<h3 style=\"margin-bottom: 5px;\"><span style=\"color: #008bcb;\"><strong>Depuradora en Samarcanda<\/strong><\/span><\/h3>\n<p><span style=\"font-weight: 400;\">SADE est\u00e1 rehabilitando y modernizando la depuradora de Samarcanda, construida en los a\u00f1os 50 y 60. Se trata del primer proyecto de SADE en este pa\u00eds en colaboraci\u00f3n con equipos uzbecos y turcos. Un proyecto emblem\u00e1tico que cuenta con el apoyo del Banco Mundial.<\/span><span style=\"font-weight: 400;\"><br \/>\n<\/span><span style=\"font-weight: 400;\">SADE Ingenier\u00eda garantiza la actualizaci\u00f3n y conformidad de los estudios, as\u00ed como el suministro de equipos electromec\u00e1nicos y el\u00e9ctricos.<\/span>[\/vc_column_text][\/vc_column_inner][\/vc_row_inner][vc_row_inner gap=\u00bb20&#8243; css=\u00bb.vc_custom_1620286980404{margin-top: 10px !important;padding-top: 25px !important;padding-right: 15px !important;padding-bottom: 15px !important;padding-left: 15px !important;background-color: #008bcb !important;}\u00bb][vc_column_inner width=\u00bb1\/2&#8243;][vc_column_text css=\u00bb.vc_custom_1621235577843{margin-top: -35px !important;}\u00bb]<span style=\"color: #ffffff;\"><img loading=\"lazy\" decoding=\"async\" class=\"wp-image-10421 aligncenter\" src=\"https:\/\/www.sade-cgth.fr\/wp-content\/uploads\/2021\/05\/information-button.png\" alt=\"\" width=\"28\" height=\"23\" srcset=\"https:\/\/www.sade-cgth.fr\/wp-content\/uploads\/2021\/05\/information-button.png 595w, https:\/\/www.sade-cgth.fr\/wp-content\/uploads\/2021\/05\/information-button-250x212.png 250w, https:\/\/www.sade-cgth.fr\/wp-content\/uploads\/2021\/05\/information-button-120x102.png 120w\" sizes=\"(max-width: 28px) 100vw, 28px\" \/><br \/>\nLa Direcci\u00f3n del Ministerio de Vivienda y Servicios Comunales (el nuevo ministro y su viceministro) visit\u00f3 el lugar en abril de 2021 para ver de cerca las obras de construcci\u00f3n y reparaci\u00f3n realizadas en la depuradora.<\/span>[\/vc_column_text][\/vc_column_inner][vc_column_inner width=\u00bb1\/2&#8243;][vc_column_text css=\u00bb.vc_custom_1621235620386{margin-top: -35px !important;}\u00bb]<\/p>\n<p style=\"text-align: center;\"><span style=\"color: #ffffff;\"><strong>EXTRACTO DE LA P\u00c1GINA WEB OFICIAL DEL MINISTERIO<br \/>\n<\/strong><\/span><br \/>\n<span style=\"color: #ffffff;\">\u201c<em>SADE ha introducido tecnolog\u00edas modernas con financiaci\u00f3n del Banco Mundial. La capacidad anterior de la planta era de 70 000 m<sup>3<\/sup>, ahora ser\u00e1 de 140 000 m<sup>3<\/sup> diarios. Gracias al equipamiento de la planta, la capacidad de recepci\u00f3n de aguas residuales pasar\u00e1 del 64 % al 95 %<\/em>\u201d<\/span><\/p>\n<p>[\/vc_column_text][\/vc_column_inner][\/vc_row_inner][\/vc_column][vc_column width=\u00bb1\/3&#8243;][vc_row_inner][vc_column_inner][vc_column_text]<\/p>\n<h2>Acerca de<\/h2>\n<p>[\/vc_column_text][vc_column_text]<\/p>\n<p class=\"bodytext\"><img loading=\"lazy\" decoding=\"async\" class=\" wp-image-10394 alignnone\" src=\"https:\/\/www.sade-cgth.fr\/wp-content\/uploads\/2021\/05\/Logo-SADE-Ouzbe\u0301kistan.jpg\" alt=\"\" width=\"229\" height=\"105\" srcset=\"https:\/\/www.sade-cgth.fr\/wp-content\/uploads\/2021\/05\/Logo-SADE-Ouzbe\u0301kistan.jpg 800w, https:\/\/www.sade-cgth.fr\/wp-content\/uploads\/2021\/05\/Logo-SADE-Ouzbe\u0301kistan-250x115.jpg 250w, https:\/\/www.sade-cgth.fr\/wp-content\/uploads\/2021\/05\/Logo-SADE-Ouzbe\u0301kistan-700x321.jpg 700w, https:\/\/www.sade-cgth.fr\/wp-content\/uploads\/2021\/05\/Logo-SADE-Ouzbe\u0301kistan-768x352.jpg 768w, https:\/\/www.sade-cgth.fr\/wp-content\/uploads\/2021\/05\/Logo-SADE-Ouzbe\u0301kistan-120x55.jpg 120w\" sizes=\"(max-width: 229px) 100vw, 229px\" \/><br \/>\n51 a Sodiz Azimov Ko\u2019chasi \u2013 Tachkent 100047\u00a0 OUZBEKISTAN<br \/>\n<b>T\u00e9l :<\/b>+998 97 726 46 46<\/p>\n<p>[\/vc_column_text][\/vc_column_inner][\/vc_row_inner][\/vc_column][\/vc_row]<\/p>\n<!-- WPMSNGI:: This input got made by wpms-network-global-inserts It is a WordPress Plugin, you will find your Plugins @ www.wordpress.org ... Information about the Plugin you will find @ www.ruben-storm.de Thank you for using this Plungin--><\/div>","protected":false},"excerpt":{"rendered":"[vc_row full_width=\u00bbstretch_row_content_no_spaces\u00bb][vc_column][\/vc_column][\/vc_row][vc_row gap=\u00bb30&#8243; el_class=\u00bbflex\u00bb][vc_column width=\u00bb2\/3&#8243;][vc_column_text] Principal proyecto [\/vc_column_text][vc_row_inner gap=\u00bb20&#8243;][vc_column_inner width=\u00bb1\/2&#8243;][vc_column_text css=\u00bb.vc_custom_1624540092998{margin-top: -20px !important;}\u00bb][\/vc_column_text][vc_column_text css=\u00bb.vc_custom_1620286802838{margin-top: 40px !important;}\u00bb el_class=\u00bblireaussi\u00bb] Lire aussi sur le m\u00eame sujet[\/vc_column_text][\/vc_column_inner][vc_column_inner width=\u00bb1\/2&#8243;][vc_column_text css=\u00bb.vc_custom_1621235562419{margin-top: -35px !important;}\u00bb] Depuradora en Samarcanda SADE est\u00e1 rehabilitando y modernizando la depuradora de Samarcanda, construida en los a\u00f1os 50 y 60. Se trata del primer proyecto de SADE en este pa\u00eds en colaboraci\u00f3n con equipos uzbecos y turcos. Un proyecto emblem\u00e1tico que cuenta con el apoyo del Banco Mundial. SADE Ingenier\u00eda garantiza la actualizaci\u00f3n y conformidad de los estudios, as\u00ed como el suministro de equipos electromec\u00e1nicos y el\u00e9ctricos.[\/vc_column_text][\/vc_column_inner][\/vc_row_inner][vc_row_inner gap=\u00bb20&#8243; css=\u00bb.vc_custom_1620286980404{margin-top: 10px !important;padding-top: 25px !important;padding-right: 15px&#8230; <div class=\"liresuite\"><a class=\"view-article\" href=\"https:\/\/www.sade-cgth.fr\/es\/uzbekistan\/\">+<\/a><\/div>","protected":false},"author":8,"featured_media":0,"parent":0,"menu_order":0,"comment_status":"closed","ping_status":"closed","template":"","meta":{"footnotes":""},"class_list":["post-10557","page","type-page","status-publish","hentry"],"yoast_head":"<!-- This site is optimized with the Yoast SEO plugin v24.6 - https:\/\/yoast.com\/wordpress\/plugins\/seo\/ -->\n<title>Uzbekist\u00e1n - SADE<\/title>\n<meta name=\"description\" content=\"Principal proyecto\r\n\r\n\r\nLire aussi sur le m\u00eame sujet\r\nDepuradora en Samarcanda\r\nSADE est\u00e1 rehabilitando y modernizando la depuradora de Samarcanda, const\" \/>\n<meta name=\"robots\" content=\"index, follow, max-snippet:-1, max-image-preview:large, max-video-preview:-1\" \/>\n<link rel=\"canonical\" href=\"https:\/\/www.sade-cgth.fr\/es\/uzbekistan\/\" \/>\n<meta property=\"og:locale\" content=\"es_ES\" \/>\n<meta property=\"og:type\" content=\"article\" \/>\n<meta property=\"og:title\" content=\"Uzbekist\u00e1n - SADE\" \/>\n<meta property=\"og:description\" content=\"[vc_row full_width=\u00bbstretch_row_content_no_spaces\u00bb][vc_column][\/vc_column][\/vc_row][vc_row gap=\u00bb30&#8243; el_class=\u00bbflex\u00bb][vc_column width=\u00bb2\/3&#8243;][vc_column_text] Principal proyecto [\/vc_column_text][vc_row_inner gap=\u00bb20&#8243;][vc_column_inner width=\u00bb1\/2&#8243;][vc_column_text css=\u00bb.vc_custom_1624540092998{margin-top: -20px !important;}\u00bb][\/vc_column_text][vc_column_text css=\u00bb.vc_custom_1620286802838{margin-top: 40px !important;}\u00bb el_class=\u00bblireaussi\u00bb] Lire aussi sur le m\u00eame sujet[\/vc_column_text][\/vc_column_inner][vc_column_inner width=\u00bb1\/2&#8243;][vc_column_text css=\u00bb.vc_custom_1621235562419{margin-top: -35px !important;}\u00bb] Depuradora en Samarcanda SADE est\u00e1 rehabilitando y modernizando la depuradora de Samarcanda, construida en los a\u00f1os 50 y 60. Se trata del primer proyecto de SADE en este pa\u00eds en colaboraci\u00f3n con equipos uzbecos y turcos. Un proyecto emblem\u00e1tico que cuenta con el apoyo del Banco Mundial. SADE Ingenier\u00eda garantiza la actualizaci\u00f3n y conformidad de los estudios, as\u00ed como el suministro de equipos electromec\u00e1nicos y el\u00e9ctricos.[\/vc_column_text][\/vc_column_inner][\/vc_row_inner][vc_row_inner gap=\u00bb20&#8243; css=\u00bb.vc_custom_1620286980404{margin-top: 10px !important;padding-top: 25px !important;padding-right: 15px... +\" \/>\n<meta property=\"og:url\" content=\"https:\/\/www.sade-cgth.fr\/es\/uzbekistan\/\" \/>\n<meta property=\"og:site_name\" content=\"SADE\" \/>\n<meta property=\"article:modified_time\" content=\"2021-06-24T13:59:42+00:00\" \/>\n<meta property=\"og:image\" content=\"https:\/\/www.sade-cgth.fr\/wp-content\/uploads\/2021\/05\/information-button.png\" \/>\n<meta name=\"twitter:card\" content=\"summary_large_image\" \/>\n<meta name=\"twitter:site\" content=\"@sadecgth\" \/>\n<meta name=\"twitter:label1\" content=\"Tiempo de lectura\" \/>\n\t<meta name=\"twitter:data1\" content=\"2 minutos\" \/>\n<script type=\"application\/ld+json\" class=\"yoast-schema-graph\">{\"@context\":\"https:\/\/schema.org\",\"@graph\":[{\"@type\":\"WebPage\",\"@id\":\"https:\/\/www.sade-cgth.fr\/es\/uzbekistan\/\",\"url\":\"https:\/\/www.sade-cgth.fr\/es\/uzbekistan\/\",\"name\":\"Uzbekist\u00e1n - SADE\",\"isPartOf\":{\"@id\":\"https:\/\/www.sade-cgth.fr\/#website\"},\"primaryImageOfPage\":{\"@id\":\"https:\/\/www.sade-cgth.fr\/es\/uzbekistan\/#primaryimage\"},\"image\":{\"@id\":\"https:\/\/www.sade-cgth.fr\/es\/uzbekistan\/#primaryimage\"},\"thumbnailUrl\":\"https:\/\/www.sade-cgth.fr\/wp-content\/uploads\/2021\/05\/information-button.png\",\"datePublished\":\"2021-05-06T07:52:40+00:00\",\"dateModified\":\"2021-06-24T13:59:42+00:00\",\"breadcrumb\":{\"@id\":\"https:\/\/www.sade-cgth.fr\/es\/uzbekistan\/#breadcrumb\"},\"inLanguage\":\"es\",\"potentialAction\":[{\"@type\":\"ReadAction\",\"target\":[\"https:\/\/www.sade-cgth.fr\/es\/uzbekistan\/\"]}]},{\"@type\":\"ImageObject\",\"inLanguage\":\"es\",\"@id\":\"https:\/\/www.sade-cgth.fr\/es\/uzbekistan\/#primaryimage\",\"url\":\"https:\/\/www.sade-cgth.fr\/wp-content\/uploads\/2021\/05\/information-button.png\",\"contentUrl\":\"https:\/\/www.sade-cgth.fr\/wp-content\/uploads\/2021\/05\/information-button.png\"},{\"@type\":\"BreadcrumbList\",\"@id\":\"https:\/\/www.sade-cgth.fr\/es\/uzbekistan\/#breadcrumb\",\"itemListElement\":[{\"@type\":\"ListItem\",\"position\":1,\"name\":\"Accueil\",\"item\":\"https:\/\/www.sade-cgth.fr\/es\/\"},{\"@type\":\"ListItem\",\"position\":2,\"name\":\"Uzbekist\u00e1n\"}]},{\"@type\":\"WebSite\",\"@id\":\"https:\/\/www.sade-cgth.fr\/#website\",\"url\":\"https:\/\/www.sade-cgth.fr\/\",\"name\":\"SADE\",\"description\":\"\",\"publisher\":{\"@id\":\"https:\/\/www.sade-cgth.fr\/#organization\"},\"potentialAction\":[{\"@type\":\"SearchAction\",\"target\":{\"@type\":\"EntryPoint\",\"urlTemplate\":\"https:\/\/www.sade-cgth.fr\/?s={search_term_string}\"},\"query-input\":{\"@type\":\"PropertyValueSpecification\",\"valueRequired\":true,\"valueName\":\"search_term_string\"}}],\"inLanguage\":\"es\"},{\"@type\":\"Organization\",\"@id\":\"https:\/\/www.sade-cgth.fr\/#organization\",\"name\":\"La SADE\",\"url\":\"https:\/\/www.sade-cgth.fr\/\",\"logo\":{\"@type\":\"ImageObject\",\"inLanguage\":\"es\",\"@id\":\"https:\/\/www.sade-cgth.fr\/#\/schema\/logo\/image\/\",\"url\":\"https:\/\/www.sade-cgth.fr\/wp-content\/uploads\/2020\/06\/logo-la-sade.png\",\"contentUrl\":\"https:\/\/www.sade-cgth.fr\/wp-content\/uploads\/2020\/06\/logo-la-sade.png\",\"width\":330,\"height\":144,\"caption\":\"La SADE\"},\"image\":{\"@id\":\"https:\/\/www.sade-cgth.fr\/#\/schema\/logo\/image\/\"},\"sameAs\":[\"https:\/\/x.com\/sadecgth\",\"https:\/\/www.instagram.com\/sadecgth\",\"https:\/\/fr.linkedin.com\/company\/sade\",\"https:\/\/www.youtube.com\/channel\/UCt0AEHEpfgRE3pADxCZvXnQ\"]}]}<\/script>\n<!-- \/ Yoast SEO plugin. -->","yoast_head_json":{"title":"Uzbekist\u00e1n - SADE","description":"Principal proyecto\r\n\r\n\r\nLire aussi sur le m\u00eame sujet\r\nDepuradora en Samarcanda\r\nSADE est\u00e1 rehabilitando y modernizando la depuradora de Samarcanda, const","robots":{"index":"index","follow":"follow","max-snippet":"max-snippet:-1","max-image-preview":"max-image-preview:large","max-video-preview":"max-video-preview:-1"},"canonical":"https:\/\/www.sade-cgth.fr\/es\/uzbekistan\/","og_locale":"es_ES","og_type":"article","og_title":"Uzbekist\u00e1n - SADE","og_description":"[vc_row full_width=\u00bbstretch_row_content_no_spaces\u00bb][vc_column][\/vc_column][\/vc_row][vc_row gap=\u00bb30&#8243; el_class=\u00bbflex\u00bb][vc_column width=\u00bb2\/3&#8243;][vc_column_text] Principal proyecto [\/vc_column_text][vc_row_inner gap=\u00bb20&#8243;][vc_column_inner width=\u00bb1\/2&#8243;][vc_column_text css=\u00bb.vc_custom_1624540092998{margin-top: -20px !important;}\u00bb][\/vc_column_text][vc_column_text css=\u00bb.vc_custom_1620286802838{margin-top: 40px !important;}\u00bb el_class=\u00bblireaussi\u00bb] Lire aussi sur le m\u00eame sujet[\/vc_column_text][\/vc_column_inner][vc_column_inner width=\u00bb1\/2&#8243;][vc_column_text css=\u00bb.vc_custom_1621235562419{margin-top: -35px !important;}\u00bb] Depuradora en Samarcanda SADE est\u00e1 rehabilitando y modernizando la depuradora de Samarcanda, construida en los a\u00f1os 50 y 60. Se trata del primer proyecto de SADE en este pa\u00eds en colaboraci\u00f3n con equipos uzbecos y turcos. Un proyecto emblem\u00e1tico que cuenta con el apoyo del Banco Mundial. SADE Ingenier\u00eda garantiza la actualizaci\u00f3n y conformidad de los estudios, as\u00ed como el suministro de equipos electromec\u00e1nicos y el\u00e9ctricos.[\/vc_column_text][\/vc_column_inner][\/vc_row_inner][vc_row_inner gap=\u00bb20&#8243; css=\u00bb.vc_custom_1620286980404{margin-top: 10px !important;padding-top: 25px !important;padding-right: 15px... +","og_url":"https:\/\/www.sade-cgth.fr\/es\/uzbekistan\/","og_site_name":"SADE","article_modified_time":"2021-06-24T13:59:42+00:00","og_image":[{"url":"https:\/\/www.sade-cgth.fr\/wp-content\/uploads\/2021\/05\/information-button.png","type":"","width":"","height":""}],"twitter_card":"summary_large_image","twitter_site":"@sadecgth","twitter_misc":{"Tiempo de lectura":"2 minutos"},"schema":{"@context":"https:\/\/schema.org","@graph":[{"@type":"WebPage","@id":"https:\/\/www.sade-cgth.fr\/es\/uzbekistan\/","url":"https:\/\/www.sade-cgth.fr\/es\/uzbekistan\/","name":"Uzbekist\u00e1n - SADE","isPartOf":{"@id":"https:\/\/www.sade-cgth.fr\/#website"},"primaryImageOfPage":{"@id":"https:\/\/www.sade-cgth.fr\/es\/uzbekistan\/#primaryimage"},"image":{"@id":"https:\/\/www.sade-cgth.fr\/es\/uzbekistan\/#primaryimage"},"thumbnailUrl":"https:\/\/www.sade-cgth.fr\/wp-content\/uploads\/2021\/05\/information-button.png","datePublished":"2021-05-06T07:52:40+00:00","dateModified":"2021-06-24T13:59:42+00:00","breadcrumb":{"@id":"https:\/\/www.sade-cgth.fr\/es\/uzbekistan\/#breadcrumb"},"inLanguage":"es","potentialAction":[{"@type":"ReadAction","target":["https:\/\/www.sade-cgth.fr\/es\/uzbekistan\/"]}]},{"@type":"ImageObject","inLanguage":"es","@id":"https:\/\/www.sade-cgth.fr\/es\/uzbekistan\/#primaryimage","url":"https:\/\/www.sade-cgth.fr\/wp-content\/uploads\/2021\/05\/information-button.png","contentUrl":"https:\/\/www.sade-cgth.fr\/wp-content\/uploads\/2021\/05\/information-button.png"},{"@type":"BreadcrumbList","@id":"https:\/\/www.sade-cgth.fr\/es\/uzbekistan\/#breadcrumb","itemListElement":[{"@type":"ListItem","position":1,"name":"Accueil","item":"https:\/\/www.sade-cgth.fr\/es\/"},{"@type":"ListItem","position":2,"name":"Uzbekist\u00e1n"}]},{"@type":"WebSite","@id":"https:\/\/www.sade-cgth.fr\/#website","url":"https:\/\/www.sade-cgth.fr\/","name":"SADE","description":"","publisher":{"@id":"https:\/\/www.sade-cgth.fr\/#organization"},"potentialAction":[{"@type":"SearchAction","target":{"@type":"EntryPoint","urlTemplate":"https:\/\/www.sade-cgth.fr\/?s={search_term_string}"},"query-input":{"@type":"PropertyValueSpecification","valueRequired":true,"valueName":"search_term_string"}}],"inLanguage":"es"},{"@type":"Organization","@id":"https:\/\/www.sade-cgth.fr\/#organization","name":"La SADE","url":"https:\/\/www.sade-cgth.fr\/","logo":{"@type":"ImageObject","inLanguage":"es","@id":"https:\/\/www.sade-cgth.fr\/#\/schema\/logo\/image\/","url":"https:\/\/www.sade-cgth.fr\/wp-content\/uploads\/2020\/06\/logo-la-sade.png","contentUrl":"https:\/\/www.sade-cgth.fr\/wp-content\/uploads\/2020\/06\/logo-la-sade.png","width":330,"height":144,"caption":"La SADE"},"image":{"@id":"https:\/\/www.sade-cgth.fr\/#\/schema\/logo\/image\/"},"sameAs":["https:\/\/x.com\/sadecgth","https:\/\/www.instagram.com\/sadecgth","https:\/\/fr.linkedin.com\/company\/sade","https:\/\/www.youtube.com\/channel\/UCt0AEHEpfgRE3pADxCZvXnQ"]}]}},"_links":{"self":[{"href":"https:\/\/www.sade-cgth.fr\/es\/wp-json\/wp\/v2\/pages\/10557"}],"collection":[{"href":"https:\/\/www.sade-cgth.fr\/es\/wp-json\/wp\/v2\/pages"}],"about":[{"href":"https:\/\/www.sade-cgth.fr\/es\/wp-json\/wp\/v2\/types\/page"}],"author":[{"embeddable":true,"href":"https:\/\/www.sade-cgth.fr\/es\/wp-json\/wp\/v2\/users\/8"}],"replies":[{"embeddable":true,"href":"https:\/\/www.sade-cgth.fr\/es\/wp-json\/wp\/v2\/comments?post=10557"}],"version-history":[{"count":0,"href":"https:\/\/www.sade-cgth.fr\/es\/wp-json\/wp\/v2\/pages\/10557\/revisions"}],"wp:attachment":[{"href":"https:\/\/www.sade-cgth.fr\/es\/wp-json\/wp\/v2\/media?parent=10557"}],"curies":[{"name":"wp","href":"https:\/\/api.w.org\/{rel}","templated":true}]}}