{"id":11192,"date":"2023-08-07T11:00:24","date_gmt":"2023-08-07T09:00:24","guid":{"rendered":"https:\/\/www.sade-cgth.fr\/?page_id=11192"},"modified":"2023-08-07T11:00:24","modified_gmt":"2023-08-07T09:00:24","slug":"comptage","status":"publish","type":"page","link":"https:\/\/www.sade-cgth.fr\/es\/comptage\/","title":{"rendered":"Comptage +"},"content":{"rendered":"<div class=\"wpb-content-wrapper\"><p>[vc_row gap=\u00bb20&#8243;][vc_column width=\u00bb2\/3&#8243;][vc_column_text]<span style=\"color: #999999;\"><b style=\"color: #999999;\">El Grupo SADE dispone de un laboratorio de calibraci\u00f3n equipado con 13 bancos de calibraci\u00f3n para medidores \u00d8 \u2264 150 mm. Estudiando los medidores nuevos y en servicio, el laboratorio optimiza los m\u00e9todos de gesti\u00f3n de los parques de medidores de agua y define pol\u00edticas de renovaci\u00f3n pertinentes y adecuadas, al tiempo que realiza la verificaci\u00f3n peri\u00f3dica reglamentaria.<\/b><\/span><\/p>\n<h3><span style=\"color: #008bcb;\"><b>Comptage + cumple las siguientes funciones:<\/b><\/span><\/h3>\n<ul>\n<li>\n<p class=\"p1\"><span style=\"color: #008bcb;\"><strong>identificaci\u00f3n de los medidores con peor rendimiento en servicio<\/strong><\/span>, gracias a los m\u00e9todos de estudio y los conocimientos del laboratorio de calibraci\u00f3n;<span class=\"Apple-converted-space\">\u00a0<\/span><\/p>\n<\/li>\n<li>\n<p class=\"p1\"><strong><span style=\"color: #008bcb;\">elaboraci\u00f3n de programas de sustituci\u00f3n de medidores<\/span><\/strong> con presupuestos constantes, lo que permite aumentar r\u00e1pidamente los ingresos del servicio de aguas (gesti\u00f3n administrativa, entidad local); <span class=\"Apple-converted-space\">\u00a0<\/span><\/p>\n<\/li>\n<li>\n<p class=\"p1\"><strong><span style=\"color: #008bcb;\">un aumento r\u00e1pido y significativo de la eficiencia del parque de medidores<\/span><\/strong> y, por tanto, de la eficiencia de la red de agua en su conjunto;<span class=\"Apple-converted-space\">\u00a0<\/span><\/p>\n<\/li>\n<\/ul>\n<p>[\/vc_column_text][vc_row_inner gap=\u00bb10&#8243; css=\u00bb.vc_custom_1631264878555{margin-top: 18px !important;}\u00bb][vc_column_inner width=\u00bb1\/2&#8243;][vc_single_image image=\u00bb12959&#8243; img_size=\u00bbfull\u00bb][\/vc_column_inner][vc_column_inner width=\u00bb1\/2&#8243;][vc_single_image image=\u00bb12962&#8243; img_size=\u00bbfull\u00bb][\/vc_column_inner][\/vc_row_inner][vc_row_inner gap=\u00bb10&#8243; css=\u00bb.vc_custom_1683208389273{margin-top: 10px !important;}\u00bb][vc_column_inner width=\u00bb1\/3&#8243; css=\u00bb.vc_custom_1651584169621{padding-top: 0px !important;padding-right: 20px !important;padding-bottom: 25px !important;padding-left: 20px !important;background-color: #32a394 !important;}\u00bb][vc_column_text]<\/p>\n<h3 style=\"text-align: center; margin-bottom: 0px;\"><span style=\"color: #ffffff;\"><strong>Oferta ECO<\/strong><\/span><\/h3>\n<p style=\"text-align: center; margin-top: 5px; font-size: 15px;\"><span style=\"color: #ffffff;\">para parques de hasta<br \/>\n15 000 medidores<\/span><\/p>\n<p>[\/vc_column_text][\/vc_column_inner][vc_column_inner width=\u00bb1\/3&#8243; css=\u00bb.vc_custom_1651584164254{padding-top: 0px !important;padding-right: 20px !important;padding-bottom: 25px !important;padding-left: 20px !important;background-color: #dd890b !important;}\u00bb][vc_column_text]<\/p>\n<h3 style=\"text-align: center; margin-bottom: 0px;\"><span style=\"color: #ffffff;\"><strong>Oferta esencial<\/strong><\/span><\/h3>\n<p style=\"text-align: center; margin-top: 5px; font-size: 15px;\"><span style=\"color: #ffffff;\">para parques de m\u00e1s de<br \/>\n15 000 medidores<\/span><\/p>\n<p>[\/vc_column_text][\/vc_column_inner][vc_column_inner width=\u00bb1\/3&#8243; css=\u00bb.vc_custom_1651584145118{padding-top: 0px !important;padding-right: 20px !important;padding-bottom: 25px !important;padding-left: 20px !important;background-color: #a261e2 !important;}\u00bb][vc_column_text]<\/p>\n<h3 style=\"text-align: center; margin-bottom: 0px;\"><span style=\"color: #ffffff;\"><strong>Oferta Premium<\/strong><\/span><\/h3>\n<p style=\"text-align: center; margin-top: 5px; font-size: 15px;\"><span style=\"color: #ffffff;\">compromiso con remuneraci\u00f3n<br \/>\nen funci\u00f3n de los resultados<\/span><\/p>\n<p>[\/vc_column_text][\/vc_column_inner][\/vc_row_inner][\/vc_column][vc_column width=\u00bb1\/3&#8243;][vc_column_text css=\u00bb.vc_custom_1691398775112{margin-top: 20px !important;padding-top: 1px !important;padding-right: 20px !important;padding-bottom: 20px !important;padding-left: 20px !important;background-color: #008bcb !important;}\u00bb]<\/p>\n<h3><span style=\"color: #ffffff;\"><b>Ventajas<\/b><\/span><\/h3>\n<ul style=\"color: #ffffff;\">\n<li><span style=\"color: #ffffff;\">un aumento de la eficiencia de los parques de medidores del <span class=\"s1\"><b>3 % al 5 % en 2 a\u00f1os<\/b><\/span> con <span class=\"s1\"><b>Comptage +<\/b><\/span>; <\/span><\/li>\n<li><span style=\"color: #ffffff;\">un aumento de la eficiencia de los parques de medidores de hasta el <span class=\"s1\"><b>99 %<\/b><\/span>;<\/span><\/li>\n<li><span style=\"color: #ffffff;\"><span class=\"s1\"><b>garant\u00eda<\/b><\/span> de que todos los medidores en servicio se ajustan a la normativa<\/span><\/li>\n<\/ul>\n<p>[\/vc_column_text][vc_row_inner][vc_column_inner][vc_single_image image=\u00bb12956&#8243; img_size=\u00bbfull\u00bb][\/vc_column_inner][\/vc_row_inner][vc_row_inner][vc_column_inner][vc_column_text css=\u00bb.vc_custom_1691398820510{margin-top: 52px !important;padding-top: 10px !important;padding-right: 15px !important;padding-bottom: 25px !important;padding-left: 15px !important;background-color: #008bcb !important;}\u00bb]<\/p>\n<p style=\"text-align: center;\"><span style=\"color: #ffffff;\"><img loading=\"lazy\" decoding=\"async\" class=\"aligncenter wp-image-11224\" src=\"https:\/\/www.sade-cgth.fr\/wp-content\/uploads\/2021\/09\/icone-comptage.png\" alt=\"\" width=\"82\" height=\"82\" srcset=\"https:\/\/www.sade-cgth.fr\/wp-content\/uploads\/2021\/09\/icone-comptage.png 425w, https:\/\/www.sade-cgth.fr\/wp-content\/uploads\/2021\/09\/icone-comptage-250x250.png 250w, https:\/\/www.sade-cgth.fr\/wp-content\/uploads\/2021\/09\/icone-comptage-150x150.png 150w, https:\/\/www.sade-cgth.fr\/wp-content\/uploads\/2021\/09\/icone-comptage-120x120.png 120w\" sizes=\"(max-width: 82px) 100vw, 82px\" \/>Optimizaci\u00f3n de parques de entre <span class=\"s1\"><b>10 000 y 170 000 medidores<\/b><\/span> para facturaciones anuales de <span class=\"s1\"><b>1,5 a 30 millones de m<sup>3<\/sup><\/b>.<\/span><\/span><\/p>\n<p>[\/vc_column_text][\/vc_column_inner][\/vc_row_inner][\/vc_column][\/vc_row][vc_row][vc_column][\/vc_column][\/vc_row]<\/p>\n<!-- WPMSNGI:: This input got made by wpms-network-global-inserts It is a WordPress Plugin, you will find your Plugins @ www.wordpress.org ... Information about the Plugin you will find @ www.ruben-storm.de Thank you for using this Plungin--><\/div>","protected":false},"excerpt":{"rendered":"[vc_row gap=\u00bb20&#8243;][vc_column width=\u00bb2\/3&#8243;][vc_column_text]El Grupo SADE dispone de un laboratorio de calibraci\u00f3n equipado con 13 bancos de calibraci\u00f3n para medidores \u00d8 \u2264 150 mm. Estudiando los medidores nuevos y en servicio, el laboratorio optimiza los m\u00e9todos de gesti\u00f3n de los parques de medidores de agua y define pol\u00edticas de renovaci\u00f3n pertinentes y adecuadas, al tiempo que realiza la verificaci\u00f3n peri\u00f3dica reglamentaria. Comptage + cumple las siguientes funciones: identificaci\u00f3n de los medidores con peor rendimiento en servicio, gracias a los m\u00e9todos de estudio y los conocimientos del laboratorio de calibraci\u00f3n;\u00a0 elaboraci\u00f3n de programas de sustituci\u00f3n de medidores con presupuestos constantes, lo que&#8230; <div class=\"liresuite\"><a class=\"view-article\" href=\"https:\/\/www.sade-cgth.fr\/es\/comptage\/\">+<\/a><\/div>","protected":false},"author":8,"featured_media":0,"parent":0,"menu_order":0,"comment_status":"closed","ping_status":"closed","template":"","meta":{"footnotes":""},"class_list":["post-11192","page","type-page","status-publish","hentry"],"yoast_head":"<!-- This site is optimized with the Yoast SEO plugin v24.6 - https:\/\/yoast.com\/wordpress\/plugins\/seo\/ -->\n<title>Comptage + : la solution pour l&#039;optimisation des parcs de compteurs<\/title>\n<meta name=\"description\" content=\"Comptage + est l\u2019offre SADE destin\u00e9e aux gestionnaires de parcs de compteurs d\u2019eau, garantissant la conformit\u00e9 r\u00e9glementaire de leur parc et une augmentation du rendement de comptage jusqu\u2019\u00e0 99 %.\" \/>\n<meta name=\"robots\" content=\"index, follow, max-snippet:-1, max-image-preview:large, max-video-preview:-1\" \/>\n<link rel=\"canonical\" href=\"https:\/\/www.sade-cgth.fr\/es\/comptage\/\" \/>\n<meta property=\"og:locale\" content=\"es_ES\" \/>\n<meta property=\"og:type\" content=\"article\" \/>\n<meta property=\"og:title\" content=\"Comptage + : la solution pour l&#039;optimisation des parcs de compteurs\" \/>\n<meta property=\"og:description\" content=\"Comptage + est l\u2019offre SADE destin\u00e9e aux gestionnaires de parcs de compteurs d\u2019eau, garantissant la conformit\u00e9 r\u00e9glementaire de leur parc et une augmentation du rendement de comptage jusqu\u2019\u00e0 99 %.\" \/>\n<meta property=\"og:url\" content=\"https:\/\/www.sade-cgth.fr\/es\/comptage\/\" \/>\n<meta property=\"og:site_name\" content=\"SADE\" \/>\n<meta property=\"og:image\" content=\"https:\/\/www.sade-cgth.fr\/wp-content\/uploads\/2021\/09\/icone-comptage.png\" \/>\n<meta name=\"twitter:card\" content=\"summary_large_image\" \/>\n<meta name=\"twitter:site\" content=\"@sadecgth\" \/>\n<meta name=\"twitter:label1\" content=\"Tiempo de lectura\" \/>\n\t<meta name=\"twitter:data1\" content=\"2 minutos\" \/>\n<script type=\"application\/ld+json\" class=\"yoast-schema-graph\">{\"@context\":\"https:\/\/schema.org\",\"@graph\":[{\"@type\":\"WebPage\",\"@id\":\"https:\/\/www.sade-cgth.fr\/es\/comptage\/\",\"url\":\"https:\/\/www.sade-cgth.fr\/es\/comptage\/\",\"name\":\"Comptage + : la solution pour l'optimisation des parcs de compteurs\",\"isPartOf\":{\"@id\":\"https:\/\/www.sade-cgth.fr\/#website\"},\"primaryImageOfPage\":{\"@id\":\"https:\/\/www.sade-cgth.fr\/es\/comptage\/#primaryimage\"},\"image\":{\"@id\":\"https:\/\/www.sade-cgth.fr\/es\/comptage\/#primaryimage\"},\"thumbnailUrl\":\"https:\/\/www.sade-cgth.fr\/wp-content\/uploads\/2021\/09\/icone-comptage.png\",\"datePublished\":\"2023-08-07T09:00:24+00:00\",\"description\":\"Comptage + est l\u2019offre SADE destin\u00e9e aux gestionnaires de parcs de compteurs d\u2019eau, garantissant la conformit\u00e9 r\u00e9glementaire de leur parc et une augmentation du rendement de comptage jusqu\u2019\u00e0 99 %.\",\"breadcrumb\":{\"@id\":\"https:\/\/www.sade-cgth.fr\/es\/comptage\/#breadcrumb\"},\"inLanguage\":\"es\",\"potentialAction\":[{\"@type\":\"ReadAction\",\"target\":[\"https:\/\/www.sade-cgth.fr\/es\/comptage\/\"]}]},{\"@type\":\"ImageObject\",\"inLanguage\":\"es\",\"@id\":\"https:\/\/www.sade-cgth.fr\/es\/comptage\/#primaryimage\",\"url\":\"https:\/\/www.sade-cgth.fr\/wp-content\/uploads\/2021\/09\/icone-comptage.png\",\"contentUrl\":\"https:\/\/www.sade-cgth.fr\/wp-content\/uploads\/2021\/09\/icone-comptage.png\"},{\"@type\":\"BreadcrumbList\",\"@id\":\"https:\/\/www.sade-cgth.fr\/es\/comptage\/#breadcrumb\",\"itemListElement\":[{\"@type\":\"ListItem\",\"position\":1,\"name\":\"Accueil\",\"item\":\"https:\/\/www.sade-cgth.fr\/es\/\"},{\"@type\":\"ListItem\",\"position\":2,\"name\":\"Comptage +\"}]},{\"@type\":\"WebSite\",\"@id\":\"https:\/\/www.sade-cgth.fr\/#website\",\"url\":\"https:\/\/www.sade-cgth.fr\/\",\"name\":\"SADE\",\"description\":\"\",\"publisher\":{\"@id\":\"https:\/\/www.sade-cgth.fr\/#organization\"},\"potentialAction\":[{\"@type\":\"SearchAction\",\"target\":{\"@type\":\"EntryPoint\",\"urlTemplate\":\"https:\/\/www.sade-cgth.fr\/?s={search_term_string}\"},\"query-input\":{\"@type\":\"PropertyValueSpecification\",\"valueRequired\":true,\"valueName\":\"search_term_string\"}}],\"inLanguage\":\"es\"},{\"@type\":\"Organization\",\"@id\":\"https:\/\/www.sade-cgth.fr\/#organization\",\"name\":\"La SADE\",\"url\":\"https:\/\/www.sade-cgth.fr\/\",\"logo\":{\"@type\":\"ImageObject\",\"inLanguage\":\"es\",\"@id\":\"https:\/\/www.sade-cgth.fr\/#\/schema\/logo\/image\/\",\"url\":\"https:\/\/www.sade-cgth.fr\/wp-content\/uploads\/2020\/06\/logo-la-sade.png\",\"contentUrl\":\"https:\/\/www.sade-cgth.fr\/wp-content\/uploads\/2020\/06\/logo-la-sade.png\",\"width\":330,\"height\":144,\"caption\":\"La SADE\"},\"image\":{\"@id\":\"https:\/\/www.sade-cgth.fr\/#\/schema\/logo\/image\/\"},\"sameAs\":[\"https:\/\/x.com\/sadecgth\",\"https:\/\/www.instagram.com\/sadecgth\",\"https:\/\/fr.linkedin.com\/company\/sade\",\"https:\/\/www.youtube.com\/channel\/UCt0AEHEpfgRE3pADxCZvXnQ\"]}]}<\/script>\n<!-- \/ Yoast SEO plugin. -->","yoast_head_json":{"title":"Comptage + : la solution pour l'optimisation des parcs de compteurs","description":"Comptage + est l\u2019offre SADE destin\u00e9e aux gestionnaires de parcs de compteurs d\u2019eau, garantissant la conformit\u00e9 r\u00e9glementaire de leur parc et une augmentation du rendement de comptage jusqu\u2019\u00e0 99 %.","robots":{"index":"index","follow":"follow","max-snippet":"max-snippet:-1","max-image-preview":"max-image-preview:large","max-video-preview":"max-video-preview:-1"},"canonical":"https:\/\/www.sade-cgth.fr\/es\/comptage\/","og_locale":"es_ES","og_type":"article","og_title":"Comptage + : la solution pour l'optimisation des parcs de compteurs","og_description":"Comptage + est l\u2019offre SADE destin\u00e9e aux gestionnaires de parcs de compteurs d\u2019eau, garantissant la conformit\u00e9 r\u00e9glementaire de leur parc et une augmentation du rendement de comptage jusqu\u2019\u00e0 99 %.","og_url":"https:\/\/www.sade-cgth.fr\/es\/comptage\/","og_site_name":"SADE","og_image":[{"url":"https:\/\/www.sade-cgth.fr\/wp-content\/uploads\/2021\/09\/icone-comptage.png","type":"","width":"","height":""}],"twitter_card":"summary_large_image","twitter_site":"@sadecgth","twitter_misc":{"Tiempo de lectura":"2 minutos"},"schema":{"@context":"https:\/\/schema.org","@graph":[{"@type":"WebPage","@id":"https:\/\/www.sade-cgth.fr\/es\/comptage\/","url":"https:\/\/www.sade-cgth.fr\/es\/comptage\/","name":"Comptage + : la solution pour l'optimisation des parcs de compteurs","isPartOf":{"@id":"https:\/\/www.sade-cgth.fr\/#website"},"primaryImageOfPage":{"@id":"https:\/\/www.sade-cgth.fr\/es\/comptage\/#primaryimage"},"image":{"@id":"https:\/\/www.sade-cgth.fr\/es\/comptage\/#primaryimage"},"thumbnailUrl":"https:\/\/www.sade-cgth.fr\/wp-content\/uploads\/2021\/09\/icone-comptage.png","datePublished":"2023-08-07T09:00:24+00:00","description":"Comptage + est l\u2019offre SADE destin\u00e9e aux gestionnaires de parcs de compteurs d\u2019eau, garantissant la conformit\u00e9 r\u00e9glementaire de leur parc et une augmentation du rendement de comptage jusqu\u2019\u00e0 99 %.","breadcrumb":{"@id":"https:\/\/www.sade-cgth.fr\/es\/comptage\/#breadcrumb"},"inLanguage":"es","potentialAction":[{"@type":"ReadAction","target":["https:\/\/www.sade-cgth.fr\/es\/comptage\/"]}]},{"@type":"ImageObject","inLanguage":"es","@id":"https:\/\/www.sade-cgth.fr\/es\/comptage\/#primaryimage","url":"https:\/\/www.sade-cgth.fr\/wp-content\/uploads\/2021\/09\/icone-comptage.png","contentUrl":"https:\/\/www.sade-cgth.fr\/wp-content\/uploads\/2021\/09\/icone-comptage.png"},{"@type":"BreadcrumbList","@id":"https:\/\/www.sade-cgth.fr\/es\/comptage\/#breadcrumb","itemListElement":[{"@type":"ListItem","position":1,"name":"Accueil","item":"https:\/\/www.sade-cgth.fr\/es\/"},{"@type":"ListItem","position":2,"name":"Comptage +"}]},{"@type":"WebSite","@id":"https:\/\/www.sade-cgth.fr\/#website","url":"https:\/\/www.sade-cgth.fr\/","name":"SADE","description":"","publisher":{"@id":"https:\/\/www.sade-cgth.fr\/#organization"},"potentialAction":[{"@type":"SearchAction","target":{"@type":"EntryPoint","urlTemplate":"https:\/\/www.sade-cgth.fr\/?s={search_term_string}"},"query-input":{"@type":"PropertyValueSpecification","valueRequired":true,"valueName":"search_term_string"}}],"inLanguage":"es"},{"@type":"Organization","@id":"https:\/\/www.sade-cgth.fr\/#organization","name":"La SADE","url":"https:\/\/www.sade-cgth.fr\/","logo":{"@type":"ImageObject","inLanguage":"es","@id":"https:\/\/www.sade-cgth.fr\/#\/schema\/logo\/image\/","url":"https:\/\/www.sade-cgth.fr\/wp-content\/uploads\/2020\/06\/logo-la-sade.png","contentUrl":"https:\/\/www.sade-cgth.fr\/wp-content\/uploads\/2020\/06\/logo-la-sade.png","width":330,"height":144,"caption":"La SADE"},"image":{"@id":"https:\/\/www.sade-cgth.fr\/#\/schema\/logo\/image\/"},"sameAs":["https:\/\/x.com\/sadecgth","https:\/\/www.instagram.com\/sadecgth","https:\/\/fr.linkedin.com\/company\/sade","https:\/\/www.youtube.com\/channel\/UCt0AEHEpfgRE3pADxCZvXnQ"]}]}},"_links":{"self":[{"href":"https:\/\/www.sade-cgth.fr\/es\/wp-json\/wp\/v2\/pages\/11192"}],"collection":[{"href":"https:\/\/www.sade-cgth.fr\/es\/wp-json\/wp\/v2\/pages"}],"about":[{"href":"https:\/\/www.sade-cgth.fr\/es\/wp-json\/wp\/v2\/types\/page"}],"author":[{"embeddable":true,"href":"https:\/\/www.sade-cgth.fr\/es\/wp-json\/wp\/v2\/users\/8"}],"replies":[{"embeddable":true,"href":"https:\/\/www.sade-cgth.fr\/es\/wp-json\/wp\/v2\/comments?post=11192"}],"version-history":[{"count":0,"href":"https:\/\/www.sade-cgth.fr\/es\/wp-json\/wp\/v2\/pages\/11192\/revisions"}],"wp:attachment":[{"href":"https:\/\/www.sade-cgth.fr\/es\/wp-json\/wp\/v2\/media?parent=11192"}],"curies":[{"name":"wp","href":"https:\/\/api.w.org\/{rel}","templated":true}]}}