{"id":13144,"date":"2023-06-28T13:57:07","date_gmt":"2023-06-28T11:57:07","guid":{"rendered":"https:\/\/www.sade-cgth.fr\/sade-ingenierie\/"},"modified":"2023-07-24T13:54:37","modified_gmt":"2023-07-24T11:54:37","slug":"sade-ingenieria","status":"publish","type":"page","link":"https:\/\/www.sade-cgth.fr\/es\/sade-ingenieria\/","title":{"rendered":"SADE Ingenier\u00eda"},"content":{"rendered":"<div class=\"wpb-content-wrapper\"><p>[vc_row full_width=\u00bbstretch_row_content\u00bb equal_height=\u00bbyes\u00bb content_placement=\u00bbmiddle\u00bb el_class=\u00bbflex\u00bb][vc_column width=\u00bb1\/2&#8243; css=\u00bb.vc_custom_1688044103397{padding-top: 100px !important;padding-right: 30px !important;padding-bottom: 100px !important;padding-left: 30px !important;}\u00bb][vc_column_text css=\u00bb.vc_custom_1690199572816{margin-top: -45px !important;}\u00bb el_class=\u00bbbloccustom\u00bb]<\/p>\n<h2><span style=\"color: #0082cb;\">Ingenier\u00eda de dise\u00f1o y construcci\u00f3n<\/span><\/h2>\n<h3><strong>para la preparaci\u00f3n de las obras<\/strong><\/h3>\n<div><\/div>\n<div>\n<div>Experiencia adaptada a las normas m\u00e1s exigentes en 4 \u00e1mbitos:<\/div>\n<ul>\n<li>Hidr\u00e1ulica<\/li>\n<li>Obras civiles<\/li>\n<li>Tratamiento de aguas<\/li>\n<li>Electricidad &#8211; automatizaci\u00f3n &#8211; instrumentaci\u00f3n<\/li>\n<\/ul>\n<\/div>\n<div>Jefes de proyecto para dirigir el dise\u00f1o y ejecuci\u00f3n de grandes proyectos multidisciplinares<\/div>\n<p>[\/vc_column_text][\/vc_column][vc_column width=\u00bb1\/2&#8243; css=\u00bb.vc_custom_1689417155400{padding-top: 50px !important;padding-right: 30px !important;padding-bottom: 50px !important;padding-left: 30px !important;background-color: #000000 !important;}\u00bb][vc_row_inner gap=\u00bb20&#8243;][vc_column_inner]\n\t\t\t<!-- START Actu SADE Ing\u00e9nierie es REVOLUTION SLIDER 6.6.2 --><p class=\"rs-p-wp-fix\"><\/p>\n\t\t\t<rs-module-wrap id=\"rev_slider_63_1_wrapper\" data-source=\"gallery\" style=\"visibility:hidden;background:transparent;padding:0;margin:0px auto;margin-top:0;margin-bottom:0;\">\n\t\t\t\t<rs-module id=\"rev_slider_63_1\" style=\"\" data-version=\"6.6.2\">\n\t\t\t\t\t<rs-slides style=\"overflow: hidden; position: absolute;\">\n\t\t\t\t\t\t<rs-slide style=\"position: absolute;\" data-key=\"rs-248\" data-title=\"Slide\" data-in=\"o:0;\" data-out=\"a:false;\">\n\t\t\t\t\t\t\t<img decoding=\"async\" src=\"\/\/www.sade-cgth.fr\/wp-content\/plugins\/revslider\/public\/assets\/assets\/dummy.png\" alt=\"\" title=\"unnamed\" width=\"1920\" height=\"1081\" class=\"rev-slidebg tp-rs-img rs-lazyload\" data-lazyload=\"\/\/www.sade-cgth.fr\/wp-content\/uploads\/2021\/12\/unnamed.jpg\" data-no-retina>\n<!--\n\t\t\t\t\t\t\t--><rs-layer\n\t\t\t\t\t\t\t\tid=\"slider-63-slide-248-layer-0\" \n\t\t\t\t\t\t\t\tdata-type=\"text\"\n\t\t\t\t\t\t\t\tdata-color=\"#ffffff\"\n\t\t\t\t\t\t\t\tdata-rsp_ch=\"on\"\n\t\t\t\t\t\t\t\tdata-xy=\"y:b;\"\n\t\t\t\t\t\t\t\tdata-text=\"w:normal;s:30;l:34;a:inherit;\"\n\t\t\t\t\t\t\t\tdata-dim=\"w:90%;\"\n\t\t\t\t\t\t\t\tdata-basealign=\"slide\"\n\t\t\t\t\t\t\t\tdata-padding=\"t:10;r:10;b:10;l:10;\"\n\t\t\t\t\t\t\t\tdata-frame_999=\"o:0;st:w;\"\n\t\t\t\t\t\t\t\tstyle=\"z-index:5;background-color:rgba(0,139,203,0.79);font-family:'Lato';\"\n\t\t\t\t\t\t\t>Construcci\u00f3n de la planta potabilizadora de Bouak\u00e9 \n\t\t\t\t\t\t\t<\/rs-layer><!--\n-->\t\t\t\t\t\t<\/rs-slide>\n\t\t\t\t\t<\/rs-slides>\n\t\t\t\t<\/rs-module>\n\t\t\t\t<script>\n\t\t\t\t\tsetREVStartSize({c: 'rev_slider_63_1',rl:[1240,1024,778,480],el:[505],gw:[1000],gh:[505],type:'standard',justify:'',layout:'fullwidth',mh:\"0\"});if (window.RS_MODULES!==undefined && window.RS_MODULES.modules!==undefined && window.RS_MODULES.modules[\"revslider631\"]!==undefined) {window.RS_MODULES.modules[\"revslider631\"].once = false;window.revapi63 = undefined;if (window.RS_MODULES.checkMinimal!==undefined) window.RS_MODULES.checkMinimal()}\n\t\t\t\t<\/script>\n\t\t\t<\/rs-module-wrap>\n\t\t\t<!-- END REVOLUTION SLIDER -->\n[\/vc_column_inner][\/vc_row_inner][\/vc_column][\/vc_row][vc_row full_width=\u00bbstretch_row_content\u00bb equal_height=\u00bbyes\u00bb content_placement=\u00bbmiddle\u00bb bg_type=\u00bbbg_color\u00bb css=\u00bb.vc_custom_1688041957011{margin-top: 0px !important;margin-bottom: 0px !important;}\u00bb][vc_column width=\u00bb1\/2&#8243; css=\u00bb.vc_custom_1689418887615{margin-top: 0px !important;margin-bottom: 0px !important;background-color: #dde7f0 !important;}\u00bb][vc_column_text css=\u00bb.vc_custom_1688050081741{margin-top: -18px !important;margin-bottom: 0px !important;padding-top: 0px !important;padding-bottom: 0px !important;}\u00bb]<img loading=\"lazy\" decoding=\"async\" class=\"aligncenter wp-image-13096 size-full\" src=\"https:\/\/www.sade-cgth.fr\/wp-content\/uploads\/2023\/06\/Untitled-1.png\" alt=\"\" width=\"1484\" height=\"911\" srcset=\"https:\/\/www.sade-cgth.fr\/wp-content\/uploads\/2023\/06\/Untitled-1.png 1484w, https:\/\/www.sade-cgth.fr\/wp-content\/uploads\/2023\/06\/Untitled-1-250x153.png 250w, https:\/\/www.sade-cgth.fr\/wp-content\/uploads\/2023\/06\/Untitled-1-700x430.png 700w, https:\/\/www.sade-cgth.fr\/wp-content\/uploads\/2023\/06\/Untitled-1-768x471.png 768w, https:\/\/www.sade-cgth.fr\/wp-content\/uploads\/2023\/06\/Untitled-1-120x74.png 120w\" sizes=\"(max-width: 1484px) 100vw, 1484px\" \/>[\/vc_column_text][\/vc_column][vc_column width=\u00bb1\/2&#8243; css=\u00bb.vc_custom_1689671675515{margin-top: 0px !important;margin-bottom: 0px !important;padding-top: 30px !important;padding-bottom: 30px !important;background-color: #008bcb !important;}\u00bb][vc_column_text css=\u00bb.vc_custom_1690199625319{padding-right: 30px !important;padding-left: 30px !important;}\u00bb el_class=\u00bbbloccustom blanc\u00bb]<\/p>\n<h2>BIM by SADE: tecnolog\u00eda digital para la industrializaci\u00f3n de la construcci\u00f3n<\/h2>\n<ul>\n<li>Maqueta digital de proyectos basada en datos existentes consolidados (escaneado 3D) con modelizaci\u00f3n 3D de estructuras<\/li>\n<li>Un abanico de m\u00e9todos (cronograma 4D) para tener en cuenta todos los requisitos del proyecto<\/li>\n<li>Y en un futuro pr\u00f3ximo, las Obras Sigilosas de SADE como resultado de nuestro programa de I+D<\/li>\n<\/ul>\n<p>&nbsp;[\/vc_column_text][vc_row_inner gap=\u00bb10&#8243; css=\u00bb.vc_custom_1689674623017{padding-right: 10px !important;padding-left: 10px !important;}\u00bb][vc_column_inner width=\u00bb1\/3&#8243;][vc_single_image image=\u00bb13119&#8243; img_size=\u00bblarge\u00bb alignment=\u00bbcenter\u00bb][\/vc_column_inner][vc_column_inner width=\u00bb1\/3&#8243;][vc_single_image image=\u00bb13134&#8243; img_size=\u00bblarge\u00bb alignment=\u00bbcenter\u00bb onclick=\u00bbcustom_link\u00bb img_link_target=\u00bb_blank\u00bb link=\u00bbhttps:\/\/www.youtube.com\/watch?v=2NaXjtCKCQ8&#8243;][\/vc_column_inner][vc_column_inner width=\u00bb1\/3&#8243;][vc_single_image image=\u00bb13122&#8243; img_size=\u00bblarge\u00bb alignment=\u00bbcenter\u00bb][\/vc_column_inner][\/vc_row_inner][\/vc_column][\/vc_row][vc_row full_width=\u00bbstretch_row_content\u00bb gap=\u00bb35&#8243; equal_height=\u00bbyes\u00bb bg_type=\u00bbbg_color\u00bb css=\u00bb.vc_custom_1688043905043{margin-top: 20px !important;margin-bottom: 20px !important;padding-top: 10px !important;padding-bottom: 20px !important;}\u00bb el_class=\u00bbblocinfo\u00bb][vc_column width=\u00bb1\/3&#8243; css=\u00bb.vc_custom_1688049086320{padding-top: 25px !important;padding-bottom: 40px !important;background-color: #31b3d1 !important;}\u00bb][vc_column_text]<img loading=\"lazy\" decoding=\"async\" class=\"aligncenter wp-image-13077\" src=\"https:\/\/www.sade-cgth.fr\/wp-content\/uploads\/2023\/06\/Fichier-1-700x700.png\" alt=\"\" width=\"80\" height=\"80\" srcset=\"https:\/\/www.sade-cgth.fr\/wp-content\/uploads\/2023\/06\/Fichier-1-700x700.png 700w, https:\/\/www.sade-cgth.fr\/wp-content\/uploads\/2023\/06\/Fichier-1-250x250.png 250w, https:\/\/www.sade-cgth.fr\/wp-content\/uploads\/2023\/06\/Fichier-1-150x150.png 150w, https:\/\/www.sade-cgth.fr\/wp-content\/uploads\/2023\/06\/Fichier-1-768x768.png 768w, https:\/\/www.sade-cgth.fr\/wp-content\/uploads\/2023\/06\/Fichier-1-1536x1536.png 1536w, https:\/\/www.sade-cgth.fr\/wp-content\/uploads\/2023\/06\/Fichier-1-120x120.png 120w, https:\/\/www.sade-cgth.fr\/wp-content\/uploads\/2023\/06\/Fichier-1.png 1920w\" sizes=\"(max-width: 80px) 100vw, 80px\" \/><\/p>\n<p style=\"text-align: center;\"><span style=\"color: #ffffff; font-size: 25px;\"><strong>1200 &#8211; 1800<\/strong><\/span><br \/>\n<span style=\"color: #ffffff; font-size: 25px;\"><strong>PROYECTOS POR A\u00d1O<\/strong><\/span><\/p>\n<p>[\/vc_column_text][\/vc_column][vc_column width=\u00bb1\/3&#8243; css=\u00bb.vc_custom_1688049100288{padding-top: 25px !important;padding-bottom: 40px !important;background-color: #008bcb !important;}\u00bb][vc_column_text]<img loading=\"lazy\" decoding=\"async\" class=\"aligncenter wp-image-13090\" src=\"https:\/\/www.sade-cgth.fr\/wp-content\/uploads\/2023\/06\/location-150x150.png\" alt=\"\" width=\"80\" height=\"80\" srcset=\"https:\/\/www.sade-cgth.fr\/wp-content\/uploads\/2023\/06\/location-150x150.png 150w, https:\/\/www.sade-cgth.fr\/wp-content\/uploads\/2023\/06\/location-250x250.png 250w, https:\/\/www.sade-cgth.fr\/wp-content\/uploads\/2023\/06\/location-700x700.png 700w, https:\/\/www.sade-cgth.fr\/wp-content\/uploads\/2023\/06\/location-768x768.png 768w, https:\/\/www.sade-cgth.fr\/wp-content\/uploads\/2023\/06\/location-1536x1536.png 1536w, https:\/\/www.sade-cgth.fr\/wp-content\/uploads\/2023\/06\/location-120x120.png 120w, https:\/\/www.sade-cgth.fr\/wp-content\/uploads\/2023\/06\/location.png 1920w\" sizes=\"(max-width: 80px) 100vw, 80px\" \/><\/p>\n<p style=\"text-align: center;\"><span style=\"color: #ffffff; font-size: 25px;\"><strong>2 CONSULTORAS<\/strong><\/span><br \/>\n<span style=\"color: #ffffff; font-size: 25px;\"><strong>PAR\u00cdS &#8211; BUCAREST<\/strong><\/span><\/p>\n<p>[\/vc_column_text][\/vc_column][vc_column width=\u00bb1\/3&#8243; css=\u00bb.vc_custom_1688043609941{padding-top: 25px !important;padding-bottom: 40px !important;background-color: #0b5394 !important;}\u00bb][vc_column_text]<img loading=\"lazy\" decoding=\"async\" class=\"aligncenter wp-image-13080\" src=\"https:\/\/www.sade-cgth.fr\/wp-content\/uploads\/2023\/06\/Fichier-2-700x700.png\" alt=\"\" width=\"80\" height=\"80\" srcset=\"https:\/\/www.sade-cgth.fr\/wp-content\/uploads\/2023\/06\/Fichier-2-700x700.png 700w, https:\/\/www.sade-cgth.fr\/wp-content\/uploads\/2023\/06\/Fichier-2-250x250.png 250w, https:\/\/www.sade-cgth.fr\/wp-content\/uploads\/2023\/06\/Fichier-2-150x150.png 150w, https:\/\/www.sade-cgth.fr\/wp-content\/uploads\/2023\/06\/Fichier-2-768x768.png 768w, https:\/\/www.sade-cgth.fr\/wp-content\/uploads\/2023\/06\/Fichier-2-1536x1536.png 1536w, https:\/\/www.sade-cgth.fr\/wp-content\/uploads\/2023\/06\/Fichier-2-120x120.png 120w, https:\/\/www.sade-cgth.fr\/wp-content\/uploads\/2023\/06\/Fichier-2.png 1920w\" sizes=\"(max-width: 80px) 100vw, 80px\" \/><\/p>\n<p style=\"text-align: center;\"><span style=\"color: #ffffff; font-size: 25px;\"><strong>120<\/strong><\/span><br \/>\n<span style=\"color: #ffffff; font-size: 25px;\"><strong>INGENIEROS Y PROYECTISTAS<\/strong><\/span><\/p>\n<p>[\/vc_column_text][\/vc_column][\/vc_row]<\/p>\n<!-- WPMSNGI:: This input got made by wpms-network-global-inserts It is a WordPress Plugin, you will find your Plugins @ www.wordpress.org ... Information about the Plugin you will find @ www.ruben-storm.de Thank you for using this Plungin--><\/div>","protected":false},"excerpt":{"rendered":"[vc_row full_width=\u00bbstretch_row_content\u00bb equal_height=\u00bbyes\u00bb content_placement=\u00bbmiddle\u00bb el_class=\u00bbflex\u00bb][vc_column width=\u00bb1\/2&#8243; css=\u00bb.vc_custom_1688044103397{padding-top: 100px !important;padding-right: 30px !important;padding-bottom: 100px !important;padding-left: 30px !important;}\u00bb][vc_column_text css=\u00bb.vc_custom_1690199572816{margin-top: -45px !important;}\u00bb el_class=\u00bbbloccustom\u00bb] Ingenier\u00eda de dise\u00f1o y construcci\u00f3n para la preparaci\u00f3n de las obras Experiencia adaptada a las normas m\u00e1s exigentes en 4 \u00e1mbitos: Hidr\u00e1ulica Obras civiles Tratamiento de aguas Electricidad &#8211; automatizaci\u00f3n &#8211; instrumentaci\u00f3n Jefes de proyecto para dirigir el dise\u00f1o y ejecuci\u00f3n de grandes proyectos multidisciplinares [\/vc_column_text][\/vc_column][vc_column width=\u00bb1\/2&#8243; css=\u00bb.vc_custom_1689417155400{padding-top: 50px !important;padding-right: 30px !important;padding-bottom: 50px !important;padding-left: 30px !important;background-color: #000000 !important;}\u00bb][vc_row_inner gap=\u00bb20&#8243;][vc_column_inner][\/vc_column_inner][\/vc_row_inner][\/vc_column][\/vc_row][vc_row full_width=\u00bbstretch_row_content\u00bb equal_height=\u00bbyes\u00bb content_placement=\u00bbmiddle\u00bb bg_type=\u00bbbg_color\u00bb css=\u00bb.vc_custom_1688041957011{margin-top: 0px !important;margin-bottom: 0px !important;}\u00bb][vc_column width=\u00bb1\/2&#8243; css=\u00bb.vc_custom_1689418887615{margin-top: 0px !important;margin-bottom: 0px !important;background-color: #dde7f0 !important;}\u00bb][vc_column_text css=\u00bb.vc_custom_1688050081741{margin-top: -18px !important;margin-bottom: 0px !important;padding-top:&#8230; <div class=\"liresuite\"><a class=\"view-article\" href=\"https:\/\/www.sade-cgth.fr\/es\/sade-ingenieria\/\">+<\/a><\/div>","protected":false},"author":8,"featured_media":0,"parent":0,"menu_order":0,"comment_status":"closed","ping_status":"closed","template":"","meta":{"footnotes":""},"class_list":["post-13144","page","type-page","status-publish","hentry"],"yoast_head":"<!-- This site is optimized with the Yoast SEO plugin v24.6 - https:\/\/yoast.com\/wordpress\/plugins\/seo\/ -->\n<title>SADE Ingenier\u00eda - SADE<\/title>\n<meta name=\"description\" content=\"Ingenier\u00eda de dise\u00f1o y construcci\u00f3n\r\npara la preparaci\u00f3n de las obras\r\n\r\n\r\nExperiencia adaptada a las normas m\u00e1s exigentes en 4 \u00e1mbitos:\r\n\r\nHidr\u00e1uli\" \/>\n<meta name=\"robots\" content=\"index, follow, max-snippet:-1, max-image-preview:large, max-video-preview:-1\" \/>\n<link rel=\"canonical\" href=\"https:\/\/www.sade-cgth.fr\/es\/sade-ingenieria\/\" \/>\n<meta property=\"og:locale\" content=\"es_ES\" \/>\n<meta property=\"og:type\" content=\"article\" \/>\n<meta property=\"og:title\" content=\"SADE Ingenier\u00eda - SADE\" \/>\n<meta property=\"og:description\" content=\"[vc_row full_width=\u00bbstretch_row_content\u00bb equal_height=\u00bbyes\u00bb content_placement=\u00bbmiddle\u00bb el_class=\u00bbflex\u00bb][vc_column width=\u00bb1\/2&#8243; css=\u00bb.vc_custom_1688044103397{padding-top: 100px !important;padding-right: 30px !important;padding-bottom: 100px !important;padding-left: 30px !important;}\u00bb][vc_column_text css=\u00bb.vc_custom_1690199572816{margin-top: -45px !important;}\u00bb el_class=\u00bbbloccustom\u00bb] Ingenier\u00eda de dise\u00f1o y construcci\u00f3n para la preparaci\u00f3n de las obras Experiencia adaptada a las normas m\u00e1s exigentes en 4 \u00e1mbitos: Hidr\u00e1ulica Obras civiles Tratamiento de aguas Electricidad &#8211; automatizaci\u00f3n &#8211; instrumentaci\u00f3n Jefes de proyecto para dirigir el dise\u00f1o y ejecuci\u00f3n de grandes proyectos multidisciplinares [\/vc_column_text][\/vc_column][vc_column width=\u00bb1\/2&#8243; css=\u00bb.vc_custom_1689417155400{padding-top: 50px !important;padding-right: 30px !important;padding-bottom: 50px !important;padding-left: 30px !important;background-color: #000000 !important;}\u00bb][vc_row_inner gap=\u00bb20&#8243;][vc_column_inner][\/vc_column_inner][\/vc_row_inner][\/vc_column][\/vc_row][vc_row full_width=\u00bbstretch_row_content\u00bb equal_height=\u00bbyes\u00bb content_placement=\u00bbmiddle\u00bb bg_type=\u00bbbg_color\u00bb css=\u00bb.vc_custom_1688041957011{margin-top: 0px !important;margin-bottom: 0px !important;}\u00bb][vc_column width=\u00bb1\/2&#8243; css=\u00bb.vc_custom_1689418887615{margin-top: 0px !important;margin-bottom: 0px !important;background-color: #dde7f0 !important;}\u00bb][vc_column_text css=\u00bb.vc_custom_1688050081741{margin-top: -18px !important;margin-bottom: 0px !important;padding-top:... +\" \/>\n<meta property=\"og:url\" content=\"https:\/\/www.sade-cgth.fr\/es\/sade-ingenieria\/\" \/>\n<meta property=\"og:site_name\" content=\"SADE\" \/>\n<meta property=\"article:modified_time\" content=\"2023-07-24T11:54:37+00:00\" \/>\n<meta property=\"og:image\" content=\"https:\/\/www.sade-cgth.fr\/wp-content\/uploads\/2023\/06\/Untitled-1.png\" \/>\n<meta name=\"twitter:card\" content=\"summary_large_image\" \/>\n<meta name=\"twitter:site\" content=\"@sadecgth\" \/>\n<meta name=\"twitter:label1\" content=\"Tiempo de lectura\" \/>\n\t<meta name=\"twitter:data1\" content=\"3 minutos\" \/>\n<script type=\"application\/ld+json\" class=\"yoast-schema-graph\">{\"@context\":\"https:\/\/schema.org\",\"@graph\":[{\"@type\":\"WebPage\",\"@id\":\"https:\/\/www.sade-cgth.fr\/es\/sade-ingenieria\/\",\"url\":\"https:\/\/www.sade-cgth.fr\/es\/sade-ingenieria\/\",\"name\":\"SADE Ingenier\u00eda - SADE\",\"isPartOf\":{\"@id\":\"https:\/\/www.sade-cgth.fr\/#website\"},\"primaryImageOfPage\":{\"@id\":\"https:\/\/www.sade-cgth.fr\/es\/sade-ingenieria\/#primaryimage\"},\"image\":{\"@id\":\"https:\/\/www.sade-cgth.fr\/es\/sade-ingenieria\/#primaryimage\"},\"thumbnailUrl\":\"https:\/\/www.sade-cgth.fr\/wp-content\/uploads\/2023\/06\/Untitled-1.png\",\"datePublished\":\"2023-06-28T11:57:07+00:00\",\"dateModified\":\"2023-07-24T11:54:37+00:00\",\"breadcrumb\":{\"@id\":\"https:\/\/www.sade-cgth.fr\/es\/sade-ingenieria\/#breadcrumb\"},\"inLanguage\":\"es\",\"potentialAction\":[{\"@type\":\"ReadAction\",\"target\":[\"https:\/\/www.sade-cgth.fr\/es\/sade-ingenieria\/\"]}]},{\"@type\":\"ImageObject\",\"inLanguage\":\"es\",\"@id\":\"https:\/\/www.sade-cgth.fr\/es\/sade-ingenieria\/#primaryimage\",\"url\":\"https:\/\/www.sade-cgth.fr\/wp-content\/uploads\/2023\/06\/Untitled-1.png\",\"contentUrl\":\"https:\/\/www.sade-cgth.fr\/wp-content\/uploads\/2023\/06\/Untitled-1.png\"},{\"@type\":\"BreadcrumbList\",\"@id\":\"https:\/\/www.sade-cgth.fr\/es\/sade-ingenieria\/#breadcrumb\",\"itemListElement\":[{\"@type\":\"ListItem\",\"position\":1,\"name\":\"Accueil\",\"item\":\"https:\/\/www.sade-cgth.fr\/es\/\"},{\"@type\":\"ListItem\",\"position\":2,\"name\":\"SADE Ingenier\u00eda\"}]},{\"@type\":\"WebSite\",\"@id\":\"https:\/\/www.sade-cgth.fr\/#website\",\"url\":\"https:\/\/www.sade-cgth.fr\/\",\"name\":\"SADE\",\"description\":\"\",\"publisher\":{\"@id\":\"https:\/\/www.sade-cgth.fr\/#organization\"},\"potentialAction\":[{\"@type\":\"SearchAction\",\"target\":{\"@type\":\"EntryPoint\",\"urlTemplate\":\"https:\/\/www.sade-cgth.fr\/?s={search_term_string}\"},\"query-input\":{\"@type\":\"PropertyValueSpecification\",\"valueRequired\":true,\"valueName\":\"search_term_string\"}}],\"inLanguage\":\"es\"},{\"@type\":\"Organization\",\"@id\":\"https:\/\/www.sade-cgth.fr\/#organization\",\"name\":\"La SADE\",\"url\":\"https:\/\/www.sade-cgth.fr\/\",\"logo\":{\"@type\":\"ImageObject\",\"inLanguage\":\"es\",\"@id\":\"https:\/\/www.sade-cgth.fr\/#\/schema\/logo\/image\/\",\"url\":\"https:\/\/www.sade-cgth.fr\/wp-content\/uploads\/2020\/06\/logo-la-sade.png\",\"contentUrl\":\"https:\/\/www.sade-cgth.fr\/wp-content\/uploads\/2020\/06\/logo-la-sade.png\",\"width\":330,\"height\":144,\"caption\":\"La SADE\"},\"image\":{\"@id\":\"https:\/\/www.sade-cgth.fr\/#\/schema\/logo\/image\/\"},\"sameAs\":[\"https:\/\/x.com\/sadecgth\",\"https:\/\/www.instagram.com\/sadecgth\",\"https:\/\/fr.linkedin.com\/company\/sade\",\"https:\/\/www.youtube.com\/channel\/UCt0AEHEpfgRE3pADxCZvXnQ\"]}]}<\/script>\n<!-- \/ Yoast SEO plugin. -->","yoast_head_json":{"title":"SADE Ingenier\u00eda - SADE","description":"Ingenier\u00eda de dise\u00f1o y construcci\u00f3n\r\npara la preparaci\u00f3n de las obras\r\n\r\n\r\nExperiencia adaptada a las normas m\u00e1s exigentes en 4 \u00e1mbitos:\r\n\r\nHidr\u00e1uli","robots":{"index":"index","follow":"follow","max-snippet":"max-snippet:-1","max-image-preview":"max-image-preview:large","max-video-preview":"max-video-preview:-1"},"canonical":"https:\/\/www.sade-cgth.fr\/es\/sade-ingenieria\/","og_locale":"es_ES","og_type":"article","og_title":"SADE Ingenier\u00eda - SADE","og_description":"[vc_row full_width=\u00bbstretch_row_content\u00bb equal_height=\u00bbyes\u00bb content_placement=\u00bbmiddle\u00bb el_class=\u00bbflex\u00bb][vc_column width=\u00bb1\/2&#8243; css=\u00bb.vc_custom_1688044103397{padding-top: 100px !important;padding-right: 30px !important;padding-bottom: 100px !important;padding-left: 30px !important;}\u00bb][vc_column_text css=\u00bb.vc_custom_1690199572816{margin-top: -45px !important;}\u00bb el_class=\u00bbbloccustom\u00bb] Ingenier\u00eda de dise\u00f1o y construcci\u00f3n para la preparaci\u00f3n de las obras Experiencia adaptada a las normas m\u00e1s exigentes en 4 \u00e1mbitos: Hidr\u00e1ulica Obras civiles Tratamiento de aguas Electricidad &#8211; automatizaci\u00f3n &#8211; instrumentaci\u00f3n Jefes de proyecto para dirigir el dise\u00f1o y ejecuci\u00f3n de grandes proyectos multidisciplinares [\/vc_column_text][\/vc_column][vc_column width=\u00bb1\/2&#8243; css=\u00bb.vc_custom_1689417155400{padding-top: 50px !important;padding-right: 30px !important;padding-bottom: 50px !important;padding-left: 30px !important;background-color: #000000 !important;}\u00bb][vc_row_inner gap=\u00bb20&#8243;][vc_column_inner][\/vc_column_inner][\/vc_row_inner][\/vc_column][\/vc_row][vc_row full_width=\u00bbstretch_row_content\u00bb equal_height=\u00bbyes\u00bb content_placement=\u00bbmiddle\u00bb bg_type=\u00bbbg_color\u00bb css=\u00bb.vc_custom_1688041957011{margin-top: 0px !important;margin-bottom: 0px !important;}\u00bb][vc_column width=\u00bb1\/2&#8243; css=\u00bb.vc_custom_1689418887615{margin-top: 0px !important;margin-bottom: 0px !important;background-color: #dde7f0 !important;}\u00bb][vc_column_text css=\u00bb.vc_custom_1688050081741{margin-top: -18px !important;margin-bottom: 0px !important;padding-top:... +","og_url":"https:\/\/www.sade-cgth.fr\/es\/sade-ingenieria\/","og_site_name":"SADE","article_modified_time":"2023-07-24T11:54:37+00:00","og_image":[{"url":"https:\/\/www.sade-cgth.fr\/wp-content\/uploads\/2023\/06\/Untitled-1.png","type":"","width":"","height":""}],"twitter_card":"summary_large_image","twitter_site":"@sadecgth","twitter_misc":{"Tiempo de lectura":"3 minutos"},"schema":{"@context":"https:\/\/schema.org","@graph":[{"@type":"WebPage","@id":"https:\/\/www.sade-cgth.fr\/es\/sade-ingenieria\/","url":"https:\/\/www.sade-cgth.fr\/es\/sade-ingenieria\/","name":"SADE Ingenier\u00eda - SADE","isPartOf":{"@id":"https:\/\/www.sade-cgth.fr\/#website"},"primaryImageOfPage":{"@id":"https:\/\/www.sade-cgth.fr\/es\/sade-ingenieria\/#primaryimage"},"image":{"@id":"https:\/\/www.sade-cgth.fr\/es\/sade-ingenieria\/#primaryimage"},"thumbnailUrl":"https:\/\/www.sade-cgth.fr\/wp-content\/uploads\/2023\/06\/Untitled-1.png","datePublished":"2023-06-28T11:57:07+00:00","dateModified":"2023-07-24T11:54:37+00:00","breadcrumb":{"@id":"https:\/\/www.sade-cgth.fr\/es\/sade-ingenieria\/#breadcrumb"},"inLanguage":"es","potentialAction":[{"@type":"ReadAction","target":["https:\/\/www.sade-cgth.fr\/es\/sade-ingenieria\/"]}]},{"@type":"ImageObject","inLanguage":"es","@id":"https:\/\/www.sade-cgth.fr\/es\/sade-ingenieria\/#primaryimage","url":"https:\/\/www.sade-cgth.fr\/wp-content\/uploads\/2023\/06\/Untitled-1.png","contentUrl":"https:\/\/www.sade-cgth.fr\/wp-content\/uploads\/2023\/06\/Untitled-1.png"},{"@type":"BreadcrumbList","@id":"https:\/\/www.sade-cgth.fr\/es\/sade-ingenieria\/#breadcrumb","itemListElement":[{"@type":"ListItem","position":1,"name":"Accueil","item":"https:\/\/www.sade-cgth.fr\/es\/"},{"@type":"ListItem","position":2,"name":"SADE Ingenier\u00eda"}]},{"@type":"WebSite","@id":"https:\/\/www.sade-cgth.fr\/#website","url":"https:\/\/www.sade-cgth.fr\/","name":"SADE","description":"","publisher":{"@id":"https:\/\/www.sade-cgth.fr\/#organization"},"potentialAction":[{"@type":"SearchAction","target":{"@type":"EntryPoint","urlTemplate":"https:\/\/www.sade-cgth.fr\/?s={search_term_string}"},"query-input":{"@type":"PropertyValueSpecification","valueRequired":true,"valueName":"search_term_string"}}],"inLanguage":"es"},{"@type":"Organization","@id":"https:\/\/www.sade-cgth.fr\/#organization","name":"La SADE","url":"https:\/\/www.sade-cgth.fr\/","logo":{"@type":"ImageObject","inLanguage":"es","@id":"https:\/\/www.sade-cgth.fr\/#\/schema\/logo\/image\/","url":"https:\/\/www.sade-cgth.fr\/wp-content\/uploads\/2020\/06\/logo-la-sade.png","contentUrl":"https:\/\/www.sade-cgth.fr\/wp-content\/uploads\/2020\/06\/logo-la-sade.png","width":330,"height":144,"caption":"La SADE"},"image":{"@id":"https:\/\/www.sade-cgth.fr\/#\/schema\/logo\/image\/"},"sameAs":["https:\/\/x.com\/sadecgth","https:\/\/www.instagram.com\/sadecgth","https:\/\/fr.linkedin.com\/company\/sade","https:\/\/www.youtube.com\/channel\/UCt0AEHEpfgRE3pADxCZvXnQ"]}]}},"_links":{"self":[{"href":"https:\/\/www.sade-cgth.fr\/es\/wp-json\/wp\/v2\/pages\/13144"}],"collection":[{"href":"https:\/\/www.sade-cgth.fr\/es\/wp-json\/wp\/v2\/pages"}],"about":[{"href":"https:\/\/www.sade-cgth.fr\/es\/wp-json\/wp\/v2\/types\/page"}],"author":[{"embeddable":true,"href":"https:\/\/www.sade-cgth.fr\/es\/wp-json\/wp\/v2\/users\/8"}],"replies":[{"embeddable":true,"href":"https:\/\/www.sade-cgth.fr\/es\/wp-json\/wp\/v2\/comments?post=13144"}],"version-history":[{"count":0,"href":"https:\/\/www.sade-cgth.fr\/es\/wp-json\/wp\/v2\/pages\/13144\/revisions"}],"wp:attachment":[{"href":"https:\/\/www.sade-cgth.fr\/es\/wp-json\/wp\/v2\/media?parent=13144"}],"curies":[{"name":"wp","href":"https:\/\/api.w.org\/{rel}","templated":true}]}}