{"id":7288,"date":"2020-10-08T15:30:17","date_gmt":"2020-10-08T13:30:17","guid":{"rendered":"https:\/\/www.sade-cgth.fr\/mentions-legales\/"},"modified":"2025-06-03T10:25:48","modified_gmt":"2025-06-03T08:25:48","slug":"aviso-legal","status":"publish","type":"page","link":"https:\/\/www.sade-cgth.fr\/es\/aviso-legal\/","title":{"rendered":"Aviso legal"},"content":{"rendered":"<div class=\"wpb-content-wrapper\"><p>[vc_row css=\u00bb.vc_custom_1602164538331{margin-top: 50px !important;margin-bottom: 50px !important;}\u00bb][vc_column][vc_column_text css=\u00bb\u00bb]<\/p>\n<div id=\"c6920\" class=\"csc-default\">\n<div class=\"contenu\">\n<div class=\"inner\">\n<div class=\"inner2\">\n<h3>Informaci\u00f3n general<\/h3>\n<p class=\"bodytext\">Este sitio web proporciona informaci\u00f3n sobre el Grupo SADE.<br \/>\nEst\u00e1 publicado por SADE-Compagnie G\u00e9n\u00e9rale de Travaux d\u2019Hydraulique :<\/p>\n<ul>\n<li>Sociedad An\u00f3nima<\/li>\n<li>Capital de <span data-olk-copy-source=\"MessageBody\">24 018 840<\/span> \u20ac<\/li>\n<li>N\u00famero RCS Paris 562 077 503<\/li>\n<li>Sede social:23-25 Av. del Doctor Lannelongue \u2013 CS 51450 \u2013 75685 Par\u00eds C\u00e9dex 14, Francia<\/li>\n<li>Tel\u00e9fono: (0033) 01 53 75 99 11.<\/li>\n<\/ul>\n<p class=\"bodytext\">La redactora jefe es\u00a0<a class=\"mail\">Fr\u00e9d\u00e9rique GAUDIBERT<\/a><\/p>\n<p class=\"bodytext\">La p\u00e1gina est\u00e1 alojada en WP Engine:<\/p>\n<ul>\n<li>Sede Social : Irongate House, 22-30 Duke\u2019s Place \u2013 London, EC3A 7LP United Kingdom<\/li>\n<\/ul>\n<h3>Responsabilidad limitada y garant\u00eda de exclusi\u00f3n<\/h3>\n<p class=\"bodytext\">Siendo usuario de este sitio web, usted reconoce disponer de las competencias y recursos necesarios para acceder y utilizarlo.<\/p>\n<p class=\"bodytext\">El Grupo SADE pone todos los medios a su alcance para asegurar que la informaci\u00f3n mostrada en este Sitio web es exacta y est\u00e1 actualizada, reserv\u00e1ndose el derecho de modificarla en todo momento sin aviso previo. No obstante, no garantiza que la informaci\u00f3n est\u00e9 completa o que no pueda ser modificada por un tercero (pirater\u00eda, virus). El Grupo SADE declina adem\u00e1s toda responsabilidad (directa o indirecta) en caso de retraso, error u omisi\u00f3n en todo lo relacionado con el contenido y utilizaci\u00f3n de estas p\u00e1ginas, incluyendo interrupci\u00f3n o indisponibilidad del servicio.<\/p>\n<p class=\"bodytext\">Asimismo, el Grupo SADE no garantiza ni asume responsabilidad alguna, en ning\u00fan caso, en cuanto a la idoneidad, continuidad, precisi\u00f3n, ausencia de errores, veracidad, actualidad, car\u00e1cter leal y comercial, calidad, procedencia y disponibilidad de las informaciones contenidas en este Sitio web. Cada usuario asume todos los riegos asociados al cr\u00e9dito que otorga a las informaciones de este Sitio web. Informaciones incorrectas u omisiones pueden ser debidas a errores tipogr\u00e1ficos o de dise\u00f1o de p\u00e1gina. Si usted constata alg\u00fan error le invitamos a indicarlo para que pueda ser corregido apropiadamente.<\/p>\n<p class=\"bodytext\">Igualmente, se recuerda que la confidencialidad de los mensajes intercambiados en la red no puede ser garantizada, correspondiendo a cada usuario tomar las medidas apropiadas para proteger sus datos y\/o software de virus que podr\u00edan circular en Internet.<\/p>\n<h3>Propiedad intelectual<\/h3>\n<p class=\"bodytext\">Los elementos que constituyen este sitio web (denominados a continuaci\u00f3n el Contenido), realizados por cuenta del Grupo SADE, son protegidos por la legislaci\u00f3n francesa en t\u00e9rminos de derechos de autor, de marca, de dise\u00f1o, de competencia desleal y, de manera gen\u00e9rica, de propiedad intelectual.<\/p>\n<p class=\"bodytext\">El contenido incluye principalmente la arquitectura, los gr\u00e1ficos y el conjunto de todas las informaciones y elementos disponibles en el sitio web (textos, art\u00edculos, fotograf\u00edas, ilustraciones, im\u00e1genes, marcas, logos, v\u00eddeos\u2026)<\/p>\n<p class=\"bodytext\">Este contenido es propiedad del Grupo SADE.<\/p>\n<p class=\"bodytext\">Cualquier reproducci\u00f3n, representaci\u00f3n, difusi\u00f3n y\/o explotaci\u00f3n de este contenido est\u00e1 prohibida por cualquier medio, bajo cualquier forma y para cualquier prop\u00f3sito sin la previa autorizaci\u00f3n escrita de SADE.<\/p>\n<p class=\"bodytext\">Cualquier persona que no respete estas disposiciones legales, ser\u00e1 culpable de un delito de falsificaci\u00f3n y ser\u00e1 objeto de las sanciones penales previstas por la ley.<\/p>\n<h3>Respeto a la privacidad<\/h3>\n<p class=\"bodytext\">Como usuario de este Sitio web usted est\u00e1 obligado a respetar la normativa aplicable, en especial las disposiciones legislativas relativas a la inform\u00e1tica, a los archivos y a las libertades, cuya violaci\u00f3n es objeto de sanciones penales.<\/p>\n<p class=\"bodytext\">Debe abstenerse de todo recabo y mal uso de cualquier informaci\u00f3n personal a la que acceda y, gen\u00e9ricamente, de cualquier acto que pueda perjudicar la provacidad, el honor, la sensibilidad, la imagen de marca o la reputaci\u00f3n de toda persona, f\u00edsica o moral, en especial del Grupo SADE, evitando cualquier menci\u00f3n, mensaje o texto difamatorio, provocador, malicioso, denigrante o amenazante en cualquier medio.<\/p>\n<h3>Datos personales<\/h3>\n<p class=\"bodytext\"><strong>1. Recogida de datos personales<\/strong><\/p>\n<p class=\"bodytext\">Con el fin de satisfacer las necesidades de los usuarios del Sitio web y durante su navegaci\u00f3n, el Grupo SADE podr\u00eda solicitar a los usuarios algunos datos personales (ej.: direcci\u00f3n email). Estos datos se guardan con fines l\u00edcitos y leg\u00edtimos y se utilizan de conformidad con dichos fines. Son adecuados, relevantes y no excesivos en relaci\u00f3n con dichos fines y su seguridad queda garantizada tom\u00e1ndose las debidas precauciones para evitar que puedan ser modificados, destruidos o comunicados a terceros no autorizados.<\/p>\n<p class=\"bodytext\">Exceptuando las direcciones IP registradas autom\u00e1ticamente, los datos de car\u00e1cter personal recogidos en el Sitio web provienen del registro voluntario de los usuarios del Sitio, lo que les permite acceder a determinados servicios ofrecidos en \u00e9l.<\/p>\n<p class=\"bodytext\"><strong>2. Finalidad<\/strong><\/p>\n<p class=\"bodytext\">La recogida tiene como finalidad:<\/p>\n<ul>\n<li>en la secci\u00f3n \u00abContacto\u00bb, tramitar la solicitud;<\/li>\n<li>en la secci\u00f3n \u00abTrabaja con nosotros\u00bb, gestionar las candidaturas espont\u00e1neas.<\/li>\n<\/ul>\n<p class=\"bodytext\">La recogida de datos personales es opcional, exceptuando los servicios anteriormente mencionados, dado que no pueden prestarse si no se facilitan los datos personales.<\/p>\n<p class=\"bodytext\"><strong>3. Comunicaci\u00f3n de datos<\/strong><\/p>\n<p class=\"bodytext\">Los datos personales recabados a trav\u00e9s de los formularios de contacto est\u00e1n destinados al personal de tratamiento de la informaci\u00f3n del Grupo SADE.<\/p>\n<p class=\"bodytext\">Los datos personales recabados a ra\u00edz de la presentaci\u00f3n de candidaturas espont\u00e1neas en la secci\u00f3n \u00abTrabaja con nosotros\u00bb est\u00e1n destinados al personal de contrataci\u00f3n del grupo SADE.<\/p>\n<p class=\"bodytext\">Los datos personales recabados por el Grupo SADE en el Sitio web est\u00e1n exclusivamente destinados a un uso interno y no se comunican, ceden o divulgan a terceros sin el consentimiento expreso y escrito del interesado, salvo obligaci\u00f3n legal o requerimiento judicial.<\/p>\n<p class=\"bodytext\"><strong>4. Conservaci\u00f3n de datos<\/strong><\/p>\n<p class=\"bodytext\">Los datos personales se conservar\u00e1n:<\/p>\n<ul>\n<li>en el caso de la secci\u00f3n \u00abContacto\u00bb, el tiempo necesario para gestionar su solicitud;<\/li>\n<li>en el caso de las candidaturas espont\u00e1neas de la secci\u00f3n \u00abTrabaja con nosotros\u00bb, 2 a\u00f1os despu\u00e9s de la presentaci\u00f3n de la candidatura.<\/li>\n<\/ul>\n<p class=\"bodytext\"><strong>5. Derechos de los interesados<\/strong><\/p>\n<p class=\"bodytext\">Cualquier dato personal facilitado al Grupo SADE a trav\u00e9s del Sitio web est\u00e1 sujeto a las disposiciones de la ley francesa de protecci\u00f3n de datos (Loi n\u00b0 78-17 Informatique et Libert\u00e9s du 6 janvier 1978 relative \u00e0 l\u2019informatique, aux fichiers et aux libert\u00e9s), as\u00ed como al Reglamento General de Protecci\u00f3n de Datos n\u00b02016\/679 del Parlamento Europeo y del Consejo de 27 de abril de 2016 (RGPD).<\/p>\n<p class=\"bodytext\">En este sentido, usted tiene derecho a acceder, rectificar y suprimir sus datos personales y, dentro de las condiciones legales, a oponerse o limitar el tratamiento en su contra. Puede ejercerlos en cualquier momento previa presentaci\u00f3n de un justificante de identidad v\u00e1lido:<\/p>\n<p class=\"bodytext\">solicit\u00e1ndolo por escrito a:<\/p>\n<p class=\"bodytext\">SADE \u2013 D\u00e9l\u00e9gu\u00e9 \u00e0 la Protection des Donn\u00e9es \u2013 23-25 avenue du Docteur Lannelongue &#8211; CS 51450 -75685 PARIS Cedex 14;<\/p>\n<p class=\"bodytext\">o por correo electr\u00f3nico: dpo@sade-cgth.fr<\/p>\n<p class=\"bodytext\">Tambi\u00e9n tiene derecho a presentar una reclamaci\u00f3n ante una autoridad de control si considera que el tratamiento de sus datos constituye una vulneraci\u00f3n de la legislaci\u00f3n aplicable<\/p>\n<\/div>\n<\/div>\n<\/div>\n<\/div>\n<div class=\"hautdepage\"><\/div>\n<p>[\/vc_column_text][\/vc_column][\/vc_row]<\/p>\n<!-- WPMSNGI:: This input got made by wpms-network-global-inserts It is a WordPress Plugin, you will find your Plugins @ www.wordpress.org ... Information about the Plugin you will find @ www.ruben-storm.de Thank you for using this Plungin--><\/div>","protected":false},"excerpt":{"rendered":"[vc_row css=\u00bb.vc_custom_1602164538331{margin-top: 50px !important;margin-bottom: 50px !important;}\u00bb][vc_column][vc_column_text css=\u00bb\u00bb] Informaci\u00f3n general Este sitio web proporciona informaci\u00f3n sobre el Grupo SADE. Est\u00e1 publicado por SADE-Compagnie G\u00e9n\u00e9rale de Travaux d\u2019Hydraulique : Sociedad An\u00f3nima Capital de 24 018 840 \u20ac N\u00famero RCS Paris 562 077 503 Sede social:23-25 Av. del Doctor Lannelongue \u2013 CS 51450 \u2013 75685 Par\u00eds C\u00e9dex 14, Francia Tel\u00e9fono: (0033) 01 53 75 99 11. La redactora jefe es\u00a0Fr\u00e9d\u00e9rique GAUDIBERT La p\u00e1gina est\u00e1 alojada en WP Engine: Sede Social : Irongate House, 22-30 Duke\u2019s Place \u2013 London, EC3A 7LP United Kingdom Responsabilidad limitada y garant\u00eda de exclusi\u00f3n Siendo usuario de este sitio&#8230; <div class=\"liresuite\"><a class=\"view-article\" href=\"https:\/\/www.sade-cgth.fr\/es\/aviso-legal\/\">+<\/a><\/div>","protected":false},"author":1,"featured_media":0,"parent":0,"menu_order":0,"comment_status":"closed","ping_status":"closed","template":"","meta":{"footnotes":""},"class_list":["post-7288","page","type-page","status-publish","hentry"],"yoast_head":"<!-- This site is optimized with the Yoast SEO plugin v24.6 - https:\/\/yoast.com\/wordpress\/plugins\/seo\/ -->\n<title>Aviso legal - SADE<\/title>\n<meta name=\"description\" content=\"Informaci\u00f3n general\r\nEste sitio web proporciona informaci\u00f3n sobre el Grupo SADE.\r\nEst\u00e1 publicado por SADE-Compagnie G\u00e9n\u00e9rale de Travaux d\u2019Hydrauliqu\" \/>\n<meta name=\"robots\" content=\"index, follow, max-snippet:-1, max-image-preview:large, max-video-preview:-1\" \/>\n<link rel=\"canonical\" href=\"https:\/\/www.sade-cgth.fr\/es\/aviso-legal\/\" \/>\n<meta property=\"og:locale\" content=\"es_ES\" \/>\n<meta property=\"og:type\" content=\"article\" \/>\n<meta property=\"og:title\" content=\"Aviso legal - SADE\" \/>\n<meta property=\"og:description\" content=\"[vc_row css=\u00bb.vc_custom_1602164538331{margin-top: 50px !important;margin-bottom: 50px !important;}\u00bb][vc_column][vc_column_text css=\u00bb\u00bb] Informaci\u00f3n general Este sitio web proporciona informaci\u00f3n sobre el Grupo SADE. Est\u00e1 publicado por SADE-Compagnie G\u00e9n\u00e9rale de Travaux d\u2019Hydraulique : Sociedad An\u00f3nima Capital de 24 018 840 \u20ac N\u00famero RCS Paris 562 077 503 Sede social:23-25 Av. del Doctor Lannelongue \u2013 CS 51450 \u2013 75685 Par\u00eds C\u00e9dex 14, Francia Tel\u00e9fono: (0033) 01 53 75 99 11. La redactora jefe es\u00a0Fr\u00e9d\u00e9rique GAUDIBERT La p\u00e1gina est\u00e1 alojada en WP Engine: Sede Social : Irongate House, 22-30 Duke\u2019s Place \u2013 London, EC3A 7LP United Kingdom Responsabilidad limitada y garant\u00eda de exclusi\u00f3n Siendo usuario de este sitio... +\" \/>\n<meta property=\"og:url\" content=\"https:\/\/www.sade-cgth.fr\/es\/aviso-legal\/\" \/>\n<meta property=\"og:site_name\" content=\"SADE\" \/>\n<meta property=\"article:modified_time\" content=\"2025-06-03T08:25:48+00:00\" \/>\n<meta property=\"og:image\" content=\"https:\/\/www.sade-cgth.fr\/wp-content\/uploads\/2020\/06\/logo-la-sade.png\" \/>\n\t<meta property=\"og:image:width\" content=\"330\" \/>\n\t<meta property=\"og:image:height\" content=\"144\" \/>\n\t<meta property=\"og:image:type\" content=\"image\/png\" \/>\n<meta name=\"twitter:card\" content=\"summary_large_image\" \/>\n<meta name=\"twitter:site\" content=\"@sadecgth\" \/>\n<meta name=\"twitter:label1\" content=\"Tiempo de lectura\" \/>\n\t<meta name=\"twitter:data1\" content=\"6 minutos\" \/>\n<script type=\"application\/ld+json\" class=\"yoast-schema-graph\">{\"@context\":\"https:\/\/schema.org\",\"@graph\":[{\"@type\":\"WebPage\",\"@id\":\"https:\/\/www.sade-cgth.fr\/es\/aviso-legal\/\",\"url\":\"https:\/\/www.sade-cgth.fr\/es\/aviso-legal\/\",\"name\":\"Aviso legal - SADE\",\"isPartOf\":{\"@id\":\"https:\/\/www.sade-cgth.fr\/#website\"},\"datePublished\":\"2020-10-08T13:30:17+00:00\",\"dateModified\":\"2025-06-03T08:25:48+00:00\",\"breadcrumb\":{\"@id\":\"https:\/\/www.sade-cgth.fr\/es\/aviso-legal\/#breadcrumb\"},\"inLanguage\":\"es\",\"potentialAction\":[{\"@type\":\"ReadAction\",\"target\":[\"https:\/\/www.sade-cgth.fr\/es\/aviso-legal\/\"]}]},{\"@type\":\"BreadcrumbList\",\"@id\":\"https:\/\/www.sade-cgth.fr\/es\/aviso-legal\/#breadcrumb\",\"itemListElement\":[{\"@type\":\"ListItem\",\"position\":1,\"name\":\"Accueil\",\"item\":\"https:\/\/www.sade-cgth.fr\/es\/\"},{\"@type\":\"ListItem\",\"position\":2,\"name\":\"Aviso legal\"}]},{\"@type\":\"WebSite\",\"@id\":\"https:\/\/www.sade-cgth.fr\/#website\",\"url\":\"https:\/\/www.sade-cgth.fr\/\",\"name\":\"SADE\",\"description\":\"\",\"publisher\":{\"@id\":\"https:\/\/www.sade-cgth.fr\/#organization\"},\"potentialAction\":[{\"@type\":\"SearchAction\",\"target\":{\"@type\":\"EntryPoint\",\"urlTemplate\":\"https:\/\/www.sade-cgth.fr\/?s={search_term_string}\"},\"query-input\":{\"@type\":\"PropertyValueSpecification\",\"valueRequired\":true,\"valueName\":\"search_term_string\"}}],\"inLanguage\":\"es\"},{\"@type\":\"Organization\",\"@id\":\"https:\/\/www.sade-cgth.fr\/#organization\",\"name\":\"La SADE\",\"url\":\"https:\/\/www.sade-cgth.fr\/\",\"logo\":{\"@type\":\"ImageObject\",\"inLanguage\":\"es\",\"@id\":\"https:\/\/www.sade-cgth.fr\/#\/schema\/logo\/image\/\",\"url\":\"https:\/\/www.sade-cgth.fr\/wp-content\/uploads\/2020\/06\/logo-la-sade.png\",\"contentUrl\":\"https:\/\/www.sade-cgth.fr\/wp-content\/uploads\/2020\/06\/logo-la-sade.png\",\"width\":330,\"height\":144,\"caption\":\"La SADE\"},\"image\":{\"@id\":\"https:\/\/www.sade-cgth.fr\/#\/schema\/logo\/image\/\"},\"sameAs\":[\"https:\/\/x.com\/sadecgth\",\"https:\/\/www.instagram.com\/sadecgth\",\"https:\/\/fr.linkedin.com\/company\/sade\",\"https:\/\/www.youtube.com\/channel\/UCt0AEHEpfgRE3pADxCZvXnQ\"]}]}<\/script>\n<!-- \/ Yoast SEO plugin. -->","yoast_head_json":{"title":"Aviso legal - SADE","description":"Informaci\u00f3n general\r\nEste sitio web proporciona informaci\u00f3n sobre el Grupo SADE.\r\nEst\u00e1 publicado por SADE-Compagnie G\u00e9n\u00e9rale de Travaux d\u2019Hydrauliqu","robots":{"index":"index","follow":"follow","max-snippet":"max-snippet:-1","max-image-preview":"max-image-preview:large","max-video-preview":"max-video-preview:-1"},"canonical":"https:\/\/www.sade-cgth.fr\/es\/aviso-legal\/","og_locale":"es_ES","og_type":"article","og_title":"Aviso legal - SADE","og_description":"[vc_row css=\u00bb.vc_custom_1602164538331{margin-top: 50px !important;margin-bottom: 50px !important;}\u00bb][vc_column][vc_column_text css=\u00bb\u00bb] Informaci\u00f3n general Este sitio web proporciona informaci\u00f3n sobre el Grupo SADE. Est\u00e1 publicado por SADE-Compagnie G\u00e9n\u00e9rale de Travaux d\u2019Hydraulique : Sociedad An\u00f3nima Capital de 24 018 840 \u20ac N\u00famero RCS Paris 562 077 503 Sede social:23-25 Av. del Doctor Lannelongue \u2013 CS 51450 \u2013 75685 Par\u00eds C\u00e9dex 14, Francia Tel\u00e9fono: (0033) 01 53 75 99 11. La redactora jefe es\u00a0Fr\u00e9d\u00e9rique GAUDIBERT La p\u00e1gina est\u00e1 alojada en WP Engine: Sede Social : Irongate House, 22-30 Duke\u2019s Place \u2013 London, EC3A 7LP United Kingdom Responsabilidad limitada y garant\u00eda de exclusi\u00f3n Siendo usuario de este sitio... +","og_url":"https:\/\/www.sade-cgth.fr\/es\/aviso-legal\/","og_site_name":"SADE","article_modified_time":"2025-06-03T08:25:48+00:00","og_image":[{"width":330,"height":144,"url":"https:\/\/www.sade-cgth.fr\/wp-content\/uploads\/2020\/06\/logo-la-sade.png","type":"image\/png"}],"twitter_card":"summary_large_image","twitter_site":"@sadecgth","twitter_misc":{"Tiempo de lectura":"6 minutos"},"schema":{"@context":"https:\/\/schema.org","@graph":[{"@type":"WebPage","@id":"https:\/\/www.sade-cgth.fr\/es\/aviso-legal\/","url":"https:\/\/www.sade-cgth.fr\/es\/aviso-legal\/","name":"Aviso legal - SADE","isPartOf":{"@id":"https:\/\/www.sade-cgth.fr\/#website"},"datePublished":"2020-10-08T13:30:17+00:00","dateModified":"2025-06-03T08:25:48+00:00","breadcrumb":{"@id":"https:\/\/www.sade-cgth.fr\/es\/aviso-legal\/#breadcrumb"},"inLanguage":"es","potentialAction":[{"@type":"ReadAction","target":["https:\/\/www.sade-cgth.fr\/es\/aviso-legal\/"]}]},{"@type":"BreadcrumbList","@id":"https:\/\/www.sade-cgth.fr\/es\/aviso-legal\/#breadcrumb","itemListElement":[{"@type":"ListItem","position":1,"name":"Accueil","item":"https:\/\/www.sade-cgth.fr\/es\/"},{"@type":"ListItem","position":2,"name":"Aviso legal"}]},{"@type":"WebSite","@id":"https:\/\/www.sade-cgth.fr\/#website","url":"https:\/\/www.sade-cgth.fr\/","name":"SADE","description":"","publisher":{"@id":"https:\/\/www.sade-cgth.fr\/#organization"},"potentialAction":[{"@type":"SearchAction","target":{"@type":"EntryPoint","urlTemplate":"https:\/\/www.sade-cgth.fr\/?s={search_term_string}"},"query-input":{"@type":"PropertyValueSpecification","valueRequired":true,"valueName":"search_term_string"}}],"inLanguage":"es"},{"@type":"Organization","@id":"https:\/\/www.sade-cgth.fr\/#organization","name":"La SADE","url":"https:\/\/www.sade-cgth.fr\/","logo":{"@type":"ImageObject","inLanguage":"es","@id":"https:\/\/www.sade-cgth.fr\/#\/schema\/logo\/image\/","url":"https:\/\/www.sade-cgth.fr\/wp-content\/uploads\/2020\/06\/logo-la-sade.png","contentUrl":"https:\/\/www.sade-cgth.fr\/wp-content\/uploads\/2020\/06\/logo-la-sade.png","width":330,"height":144,"caption":"La SADE"},"image":{"@id":"https:\/\/www.sade-cgth.fr\/#\/schema\/logo\/image\/"},"sameAs":["https:\/\/x.com\/sadecgth","https:\/\/www.instagram.com\/sadecgth","https:\/\/fr.linkedin.com\/company\/sade","https:\/\/www.youtube.com\/channel\/UCt0AEHEpfgRE3pADxCZvXnQ"]}]}},"_links":{"self":[{"href":"https:\/\/www.sade-cgth.fr\/es\/wp-json\/wp\/v2\/pages\/7288"}],"collection":[{"href":"https:\/\/www.sade-cgth.fr\/es\/wp-json\/wp\/v2\/pages"}],"about":[{"href":"https:\/\/www.sade-cgth.fr\/es\/wp-json\/wp\/v2\/types\/page"}],"author":[{"embeddable":true,"href":"https:\/\/www.sade-cgth.fr\/es\/wp-json\/wp\/v2\/users\/1"}],"replies":[{"embeddable":true,"href":"https:\/\/www.sade-cgth.fr\/es\/wp-json\/wp\/v2\/comments?post=7288"}],"version-history":[{"count":0,"href":"https:\/\/www.sade-cgth.fr\/es\/wp-json\/wp\/v2\/pages\/7288\/revisions"}],"wp:attachment":[{"href":"https:\/\/www.sade-cgth.fr\/es\/wp-json\/wp\/v2\/media?parent=7288"}],"curies":[{"name":"wp","href":"https:\/\/api.w.org\/{rel}","templated":true}]}}