{"id":8490,"date":"2020-12-08T20:40:05","date_gmt":"2020-12-08T19:40:05","guid":{"rendered":"https:\/\/www.sade-cgth.fr\/accueil\/la-sade-plus-que-centenaire\/"},"modified":"2021-01-14T12:09:58","modified_gmt":"2021-01-14T11:09:58","slug":"sade-una-empresa-de-mas-de-cien-anos","status":"publish","type":"page","link":"https:\/\/www.sade-cgth.fr\/es\/accueil\/sade-una-empresa-de-mas-de-cien-anos\/","title":{"rendered":"SADE, una empresa de m\u00e1s de cien a\u00f1os"},"content":{"rendered":"<div class=\"wpb-content-wrapper\"><p>[vc_row css=\u00bb.vc_custom_1610468484987{padding-bottom: 30px !important;}\u00bb][vc_column width=\u00bb1\/4&#8243; css=\u00bb.vc_custom_1610551204899{margin-top: 20px !important;}\u00bb][vc_column_text el_class=\u00bbfondbleu\u00bb]<\/p>\n<h4 style=\"text-align: left\"><span style=\"color: #008bcb\"><b>EXPERIENCIA<\/b><\/span><\/h4>\n<p>[\/vc_column_text][vc_column_text css=\u00bb.vc_custom_1610622596269{padding-right: 30px !important;}\u00bb]<span style=\"color: #008bcb\"><strong>En 2018, SADE (Soci\u00e9t\u00e9 Auxiliaire des Distributions d\u2019Eau) celebr\u00f3 su centenario, todo un hito ya que, en Francia, no hay muchas empresas centenarias.<\/strong><\/span><\/p>\n<div style=\"height: 2px;width: 80px;background-color: #999999\"><\/div>\n<p>[\/vc_column_text][\/vc_column][vc_column width=\u00bb3\/4&#8243;][vc_column_text css=\u00bb.vc_custom_1610617395924{padding-left: 40px !important;}\u00bb]<\/p>\n<h2><strong><span style=\"color: #008bcb\">Orgullosa de su historia, actuando en el presente y con la mirada puesta en el futuro<\/span><\/strong><\/h2>\n<p><span style=\"color: #999999\"><strong>Este centenario puso de manifiesto nuestra agilidad y capacidad de adaptaci\u00f3n, nuestra capacidad para reinventarnos y renovarnos y hacer cambios sin rupturas. <\/strong><\/span><\/p>\n<p>Este centenario nos dio adem\u00e1s la oportunidad de trasladar nuestro m\u00e1ximo agradecimiento a:<\/p>\n<ul>\n<li>nuestros clientes p\u00fablicos, industriales y privados por los proyectos que nos conf\u00edan y la confianza que depositan en nosotros en cada ocasi\u00f3n;<\/li>\n<li>nuestros m\u00e1s de 8000 colaboradores, que son la fuerza y el alma de SADE, por su implicaci\u00f3n y compromiso diarios.<\/li>\n<\/ul>\n<p>[\/vc_column_text][\/vc_column][\/vc_row][vc_row gap=\u00bb20&#8243;][vc_column width=\u00bb7\/12&#8243;][vc_column_text]<\/p>\n<h3><span style=\"color: #008bcb\"><b>SADE, una empresa centenaria<\/b><\/span><\/h3>\n<ul>\n<li><span style=\"font-weight: 400\">Una empresa centenaria es <\/span><span style=\"color: #008bcb\"><b>una empresa que \u00abpiensa a largo plazo\u00bb<\/b><\/span><span style=\"font-weight: 400\"> y que est\u00e1, por tanto, en mejores condiciones para conjugar pasado, presente y futuro, y para aunar la transmisi\u00f3n y la innovaci\u00f3n.<\/span><\/li>\n<li>Una empresa centenaria es <span style=\"color: #008bcb\"><b>una empresa que no se rinde nunca y que siempre sabe proyectarse hacia delante.<\/b><\/span><\/li>\n<li><b><\/b>Una empresa centenaria es<span style=\"color: #008bcb\"><b> una empresa que sabe reorientarse<\/b><\/span> sin negar sus profundas ra\u00edces, que sabe que cuestionarse y reinventarse.<\/li>\n<li><span style=\"font-weight: 400\">Una empresa centenaria es <\/span><span style=\"color: #008bcb\"><b>una empresa responsable, comprometida y solidaria.<\/b><\/span><\/li>\n<\/ul>\n<p><span style=\"font-weight: 400\">As\u00ed pues, estemos orgullosos de pertenecer a una empresa centenaria, orgullosos de su historia, sus valores, su experiencia y sus logros.\u00a0<\/span><\/p>\n<p><span style=\"color: #008bcb\"><b>\u00a1Podemos estar orgullosos!\u00a0<\/b><\/span><\/p>\n<p><b><span style=\"color: #008bcb\">\u00a1Debemos estar orgullosos!<\/span>\u00a0<\/b><\/p>\n<p><span style=\"font-weight: 400\">Por eso, hacemos part\u00edcipes de este orgullo no solo a nuestros equipos, sino tambi\u00e9n a nuestros clientes y a nuestros socios.<\/span><\/p>\n<p><span style=\"font-weight: 400\">Un orgullo que adem\u00e1s transmitimos a las nuevas generaciones que se unen a la empresa y que est\u00e1n familiariz\u00e1ndose con ella.\u00a0<\/span><\/p>\n<p><span style=\"font-weight: 400\">Ser centenaria es, sin duda, una ventaja. Una ventaja comercial. Una ventaja para nuestra imagen&#8230;\u00a0<\/span><\/p>\n<p><span style=\"font-weight: 400\">Pero esta condici\u00f3n nos obliga sobre todo a ser a\u00fan m\u00e1s exigentes con nosotros mismos.\u00a0<\/span><\/p>\n<p><span style=\"font-weight: 400\">Y conlleva una serie de obligaciones, como la ejemplaridad:<\/span><\/p>\n<ul>\n<li><span style=\"font-weight: 400\"> Ejemplaridad en materia \u00e9tica.\u00a0<\/span><\/li>\n<li><span style=\"font-weight: 400\"> Ejemplaridad en materia de desarrollo sostenible y protecci\u00f3n de los recursos\u00a0<\/span><\/li>\n<li><span style=\"font-weight: 400\"> Ejemplaridad en materia de seguridad en el trabajo\u00a0<\/span><\/li>\n<li><span style=\"font-weight: 400\"> Ejemplaridad en materia de recursos humanos\u00a0<\/span><\/li>\n<li><span style=\"font-weight: 400\"> Ejemplaridad en materia t\u00e9cnica<\/span><\/li>\n<\/ul>\n<p>[\/vc_column_text][vc_column_text css=\u00bb.vc_custom_1610616522223{padding-right: 20px !important;padding-bottom: 170px !important;padding-left: 20px !important;background-color: #f7be68 !important;}\u00bb]<\/p>\n<h3><span style=\"color: #ffffff\"><b>Le mus\u00e9e \u00e9ph\u00e9m\u00e8re du centenaire<\/b> <\/span><\/h3>\n<p><span style=\"font-weight: 400;color: #ffffff\">Cr\u00e9\u00e9 pour cet \u00e9v\u00e9nement, un mus\u00e9e dont le th\u00e8me g\u00e9n\u00e9ral est \u00ab Vivez votre quotidien autrement autour d\u2019embl\u00e8mes d\u00e9tourn\u00e9s de notre m\u00e9tier \u00bb rassemblait des \u0153uvres d\u2019artistes, des objets et des affiches.<\/span><\/p>\n<p><img loading=\"lazy\" decoding=\"async\" class=\"alignleft wp-image-8158\" src=\"https:\/\/www.sade-cgth.fr\/wp-content\/uploads\/2021\/01\/IMG-6391.jpg\" alt=\"\" width=\"209\" height=\"139\" srcset=\"https:\/\/www.sade-cgth.fr\/wp-content\/uploads\/2021\/01\/IMG-6391.jpg 849w, https:\/\/www.sade-cgth.fr\/wp-content\/uploads\/2021\/01\/IMG-6391-250x167.jpg 250w, https:\/\/www.sade-cgth.fr\/wp-content\/uploads\/2021\/01\/IMG-6391-700x467.jpg 700w, https:\/\/www.sade-cgth.fr\/wp-content\/uploads\/2021\/01\/IMG-6391-768x512.jpg 768w, https:\/\/www.sade-cgth.fr\/wp-content\/uploads\/2021\/01\/IMG-6391-120x80.jpg 120w\" sizes=\"(max-width: 209px) 100vw, 209px\" \/><img loading=\"lazy\" decoding=\"async\" class=\"alignleft wp-image-8161\" src=\"https:\/\/www.sade-cgth.fr\/wp-content\/uploads\/2021\/01\/IMG-6390.jpg\" alt=\"\" width=\"210\" height=\"140\" srcset=\"https:\/\/www.sade-cgth.fr\/wp-content\/uploads\/2021\/01\/IMG-6390.jpg 849w, https:\/\/www.sade-cgth.fr\/wp-content\/uploads\/2021\/01\/IMG-6390-250x167.jpg 250w, https:\/\/www.sade-cgth.fr\/wp-content\/uploads\/2021\/01\/IMG-6390-700x467.jpg 700w, https:\/\/www.sade-cgth.fr\/wp-content\/uploads\/2021\/01\/IMG-6390-768x512.jpg 768w, https:\/\/www.sade-cgth.fr\/wp-content\/uploads\/2021\/01\/IMG-6390-120x80.jpg 120w\" sizes=\"(max-width: 210px) 100vw, 210px\" \/><img loading=\"lazy\" decoding=\"async\" class=\"alignleft wp-image-8164\" src=\"https:\/\/www.sade-cgth.fr\/wp-content\/uploads\/2021\/01\/DSC1060.jpg\" alt=\"\" width=\"211\" height=\"141\" srcset=\"https:\/\/www.sade-cgth.fr\/wp-content\/uploads\/2021\/01\/DSC1060.jpg 849w, https:\/\/www.sade-cgth.fr\/wp-content\/uploads\/2021\/01\/DSC1060-250x167.jpg 250w, https:\/\/www.sade-cgth.fr\/wp-content\/uploads\/2021\/01\/DSC1060-700x467.jpg 700w, https:\/\/www.sade-cgth.fr\/wp-content\/uploads\/2021\/01\/DSC1060-768x512.jpg 768w, https:\/\/www.sade-cgth.fr\/wp-content\/uploads\/2021\/01\/DSC1060-120x80.jpg 120w\" sizes=\"(max-width: 211px) 100vw, 211px\" \/>[\/vc_column_text][vc_btn title=\u00bbVer el video\u00bb shape=\u00bbsquare\u00bb color=\u00bborange\u00bb align=\u00bbright\u00bb i_icon_fontawesome=\u00bbfas fa-video\u00bb add_icon=\u00bbtrue\u00bb link=\u00bburl:https%3A%2F%2Fyoutu.be%2FzIfBPSB-0Mw||target:%20_blank|\u00bb][\/vc_column][vc_column width=\u00bb5\/12&#8243;][vc_column_text css=\u00bb.vc_custom_1610618332281{margin-top: 20px !important;padding-right: 20px !important;padding-bottom: 20px !important;padding-left: 20px !important;background-color: #008bcb !important;}\u00bb]<\/p>\n<h3><b style=\"color: #ffffff\">El logotipo del centenario<img loading=\"lazy\" decoding=\"async\" class=\"wp-image-8155 alignright\" src=\"https:\/\/www.sade-cgth.fr\/wp-content\/uploads\/2021\/01\/Logo-Centenaire-DEF.jpg\" alt=\"\" width=\"207\" height=\"162\" \/><\/b><\/h3>\n<p><span style=\"font-weight: 400;color: #ffffff\">SADE celebr\u00f3 su centenario queriendo resaltar dos de sus cualidades principales:<\/span><\/p>\n<ul style=\"color: #ffffff\">\n<li><span style=\"font-weight: 400\"> La experiencia, en alusi\u00f3n a sus conocimientos t\u00e9cnicos y su buen hacer que son su marca de f\u00e1brica;<\/span><\/li>\n<li><span style=\"font-weight: 400\"> El entusiasmo, reflejo de la fuerza y el dinamismo de un colectivo con valores comunes.<\/span><\/li>\n<\/ul>\n<p>[\/vc_column_text][vc_column_text css=\u00bb.vc_custom_1610618850650{padding-top: 0px !important;padding-right: 20px !important;padding-bottom: 285px !important;padding-left: 20px !important;border-radius: 10px !important;}\u00bb el_class=\u00bbcontourbleu\u00bb]<\/p>\n<h3><span style=\"color: #008bcb\"><b>La estatua del centenario<\/b><\/span><\/h3>\n<p><span style=\"font-weight: 400\">Esta estatua es una libre interpretaci\u00f3n del logotipo de SADE, realizada por un artista parisino.\u00a0<\/span><\/p>\n<p><span style=\"font-weight: 400\">Y se compone de los siguientes elementos:\u00a0<\/span><\/p>\n<ul>\n<li><span style=\"font-weight: 400\"> En primer lugar,<\/span> <span style=\"color: #008bcb\"><b>un trabajador de SADE<\/b><\/span><span style=\"font-weight: 400\">, <\/span><span style=\"font-weight: 400\">alma de la empresa y elemento unificador.\u00a0<\/span><\/li>\n<li><span style=\"font-weight: 400\"> Frente a \u00e9l, <\/span><span style=\"color: #008bcb\"><b>un \u00e1nfora<\/b><\/span><span style=\"font-weight: 400\"> en alusi\u00f3n al agua, actividad hist\u00f3rica de SADE, que entre sus manos se transforma en un haz de redes: de agua, por supuesto, pero tambi\u00e9n de telecomunicaciones y energ\u00eda.\u00a0<\/span><\/li>\n<li><span style=\"font-weight: 400\"> Una base que nos remite a uno de los emblemas de las obras p\u00fablicas, <\/span><span style=\"color: #008bcb\"><b>el torno<\/b><\/span><span style=\"font-weight: 400\"> en referencia a las obras de ingenier\u00eda civil del Grupo SADE.\u00a0<\/span><\/li>\n<li><span style=\"color: #008bcb\"><b>Las manos abiertas al mundo<\/b><\/span><span style=\"font-weight: 400\"> simbolizan el trabajo realizado para la colectividad y la transmisi\u00f3n.\u00a0<\/span><\/li>\n<li><span style=\"color: #008bcb\"><b>El n\u00famero 100<\/b><\/span><span style=\"font-weight: 400\"> grabado en el \u00e1nfora para recordar el motivo de esta creaci\u00f3n.\u00a0<\/span><\/li>\n<\/ul>\n<p><span style=\"font-weight: 400\">Realizada en 40 ejemplares en el taller Ufacto, esta estatua de resina se entreg\u00f3 a cada entidad SADE durante los eventos regionales del centenario.<\/span><\/p>\n<p><img loading=\"lazy\" decoding=\"async\" width=\"1920\" height=\"1080\" class=\"alignleft size-full wp-image-8294\" src=\"https:\/\/www.sade-cgth.fr\/wp-content\/uploads\/2021\/01\/20180625_144704-1.jpg\" alt=\"\" srcset=\"https:\/\/www.sade-cgth.fr\/wp-content\/uploads\/2021\/01\/20180625_144704-1.jpg 1920w, https:\/\/www.sade-cgth.fr\/wp-content\/uploads\/2021\/01\/20180625_144704-1-250x141.jpg 250w, https:\/\/www.sade-cgth.fr\/wp-content\/uploads\/2021\/01\/20180625_144704-1-700x394.jpg 700w, https:\/\/www.sade-cgth.fr\/wp-content\/uploads\/2021\/01\/20180625_144704-1-768x432.jpg 768w, https:\/\/www.sade-cgth.fr\/wp-content\/uploads\/2021\/01\/20180625_144704-1-1536x864.jpg 1536w, https:\/\/www.sade-cgth.fr\/wp-content\/uploads\/2021\/01\/20180625_144704-1-120x68.jpg 120w\" sizes=\"(max-width: 1920px) 100vw, 1920px\" \/>[\/vc_column_text][\/vc_column][\/vc_row][vc_row][vc_column][\/vc_column][\/vc_row]<\/p>\n<!-- WPMSNGI:: This input got made by wpms-network-global-inserts It is a WordPress Plugin, you will find your Plugins @ www.wordpress.org ... Information about the Plugin you will find @ www.ruben-storm.de Thank you for using this Plungin--><\/div>","protected":false},"excerpt":{"rendered":"[vc_row css=\u00bb.vc_custom_1610468484987{padding-bottom: 30px !important;}\u00bb][vc_column width=\u00bb1\/4&#8243; css=\u00bb.vc_custom_1610551204899{margin-top: 20px !important;}\u00bb][vc_column_text el_class=\u00bbfondbleu\u00bb] EXPERIENCIA [\/vc_column_text][vc_column_text css=\u00bb.vc_custom_1610622596269{padding-right: 30px !important;}\u00bb]En 2018, SADE (Soci\u00e9t\u00e9 Auxiliaire des Distributions d\u2019Eau) celebr\u00f3 su centenario, todo un hito ya que, en Francia, no hay muchas empresas centenarias. [\/vc_column_text][\/vc_column][vc_column width=\u00bb3\/4&#8243;][vc_column_text css=\u00bb.vc_custom_1610617395924{padding-left: 40px !important;}\u00bb] Orgullosa de su historia, actuando en el presente y con la mirada puesta en el futuro Este centenario puso de manifiesto nuestra agilidad y capacidad de adaptaci\u00f3n, nuestra capacidad para reinventarnos y renovarnos y hacer cambios sin rupturas. Este centenario nos dio adem\u00e1s la oportunidad de trasladar nuestro m\u00e1ximo agradecimiento a: nuestros clientes p\u00fablicos, industriales y privados por los&#8230; <div class=\"liresuite\"><a class=\"view-article\" href=\"https:\/\/www.sade-cgth.fr\/es\/accueil\/sade-una-empresa-de-mas-de-cien-anos\/\">+<\/a><\/div>","protected":false},"author":1,"featured_media":0,"parent":6833,"menu_order":0,"comment_status":"closed","ping_status":"closed","template":"","meta":{"footnotes":""},"class_list":["post-8490","page","type-page","status-publish","hentry"],"yoast_head":"<!-- This site is optimized with the Yoast SEO plugin v24.6 - https:\/\/yoast.com\/wordpress\/plugins\/seo\/ -->\n<title>SADE, una empresa de m\u00e1s de cien a\u00f1os - SADE<\/title>\n<meta name=\"description\" content=\"EXPERIENCIA\r\nEn 2018, SADE (Soci\u00e9t\u00e9 Auxiliaire des Distributions d\u2019Eau) celebr\u00f3 su centenario, todo un hito ya que, en Francia, no hay muchas empresas\" \/>\n<meta name=\"robots\" content=\"index, follow, max-snippet:-1, max-image-preview:large, max-video-preview:-1\" \/>\n<link rel=\"canonical\" href=\"https:\/\/www.sade-cgth.fr\/es\/accueil\/sade-una-empresa-de-mas-de-cien-anos\/\" \/>\n<meta property=\"og:locale\" content=\"es_ES\" \/>\n<meta property=\"og:type\" content=\"article\" \/>\n<meta property=\"og:title\" content=\"SADE, una empresa de m\u00e1s de cien a\u00f1os - SADE\" \/>\n<meta property=\"og:description\" content=\"[vc_row css=\u00bb.vc_custom_1610468484987{padding-bottom: 30px !important;}\u00bb][vc_column width=\u00bb1\/4&#8243; css=\u00bb.vc_custom_1610551204899{margin-top: 20px !important;}\u00bb][vc_column_text el_class=\u00bbfondbleu\u00bb] EXPERIENCIA [\/vc_column_text][vc_column_text css=\u00bb.vc_custom_1610622596269{padding-right: 30px !important;}\u00bb]En 2018, SADE (Soci\u00e9t\u00e9 Auxiliaire des Distributions d\u2019Eau) celebr\u00f3 su centenario, todo un hito ya que, en Francia, no hay muchas empresas centenarias. [\/vc_column_text][\/vc_column][vc_column width=\u00bb3\/4&#8243;][vc_column_text css=\u00bb.vc_custom_1610617395924{padding-left: 40px !important;}\u00bb] Orgullosa de su historia, actuando en el presente y con la mirada puesta en el futuro Este centenario puso de manifiesto nuestra agilidad y capacidad de adaptaci\u00f3n, nuestra capacidad para reinventarnos y renovarnos y hacer cambios sin rupturas. Este centenario nos dio adem\u00e1s la oportunidad de trasladar nuestro m\u00e1ximo agradecimiento a: nuestros clientes p\u00fablicos, industriales y privados por los... +\" \/>\n<meta property=\"og:url\" content=\"https:\/\/www.sade-cgth.fr\/es\/accueil\/sade-una-empresa-de-mas-de-cien-anos\/\" \/>\n<meta property=\"og:site_name\" content=\"SADE\" \/>\n<meta property=\"article:modified_time\" content=\"2021-01-14T11:09:58+00:00\" \/>\n<meta property=\"og:image\" content=\"https:\/\/www.sade-cgth.fr\/wp-content\/uploads\/2021\/01\/IMG-6391.jpg\" \/>\n<meta name=\"twitter:card\" content=\"summary_large_image\" \/>\n<meta name=\"twitter:site\" content=\"@sadecgth\" \/>\n<meta name=\"twitter:label1\" content=\"Tiempo de lectura\" \/>\n\t<meta name=\"twitter:data1\" content=\"4 minutos\" \/>\n<script type=\"application\/ld+json\" class=\"yoast-schema-graph\">{\"@context\":\"https:\/\/schema.org\",\"@graph\":[{\"@type\":\"WebPage\",\"@id\":\"https:\/\/www.sade-cgth.fr\/es\/accueil\/sade-una-empresa-de-mas-de-cien-anos\/\",\"url\":\"https:\/\/www.sade-cgth.fr\/es\/accueil\/sade-una-empresa-de-mas-de-cien-anos\/\",\"name\":\"SADE, una empresa de m\u00e1s de cien a\u00f1os - SADE\",\"isPartOf\":{\"@id\":\"https:\/\/www.sade-cgth.fr\/#website\"},\"primaryImageOfPage\":{\"@id\":\"https:\/\/www.sade-cgth.fr\/es\/accueil\/sade-una-empresa-de-mas-de-cien-anos\/#primaryimage\"},\"image\":{\"@id\":\"https:\/\/www.sade-cgth.fr\/es\/accueil\/sade-una-empresa-de-mas-de-cien-anos\/#primaryimage\"},\"thumbnailUrl\":\"https:\/\/www.sade-cgth.fr\/wp-content\/uploads\/2021\/01\/IMG-6391.jpg\",\"datePublished\":\"2020-12-08T19:40:05+00:00\",\"dateModified\":\"2021-01-14T11:09:58+00:00\",\"breadcrumb\":{\"@id\":\"https:\/\/www.sade-cgth.fr\/es\/accueil\/sade-una-empresa-de-mas-de-cien-anos\/#breadcrumb\"},\"inLanguage\":\"es\",\"potentialAction\":[{\"@type\":\"ReadAction\",\"target\":[\"https:\/\/www.sade-cgth.fr\/es\/accueil\/sade-una-empresa-de-mas-de-cien-anos\/\"]}]},{\"@type\":\"ImageObject\",\"inLanguage\":\"es\",\"@id\":\"https:\/\/www.sade-cgth.fr\/es\/accueil\/sade-una-empresa-de-mas-de-cien-anos\/#primaryimage\",\"url\":\"https:\/\/www.sade-cgth.fr\/wp-content\/uploads\/2021\/01\/IMG-6391.jpg\",\"contentUrl\":\"https:\/\/www.sade-cgth.fr\/wp-content\/uploads\/2021\/01\/IMG-6391.jpg\"},{\"@type\":\"BreadcrumbList\",\"@id\":\"https:\/\/www.sade-cgth.fr\/es\/accueil\/sade-una-empresa-de-mas-de-cien-anos\/#breadcrumb\",\"itemListElement\":[{\"@type\":\"ListItem\",\"position\":1,\"name\":\"Accueil\",\"item\":\"https:\/\/www.sade-cgth.fr\/es\/\"},{\"@type\":\"ListItem\",\"position\":2,\"name\":\"Bienvenida SADE\",\"item\":\"https:\/\/www.sade-cgth.fr\/es\/\"},{\"@type\":\"ListItem\",\"position\":3,\"name\":\"SADE, una empresa de m\u00e1s de cien a\u00f1os\"}]},{\"@type\":\"WebSite\",\"@id\":\"https:\/\/www.sade-cgth.fr\/#website\",\"url\":\"https:\/\/www.sade-cgth.fr\/\",\"name\":\"SADE\",\"description\":\"\",\"publisher\":{\"@id\":\"https:\/\/www.sade-cgth.fr\/#organization\"},\"potentialAction\":[{\"@type\":\"SearchAction\",\"target\":{\"@type\":\"EntryPoint\",\"urlTemplate\":\"https:\/\/www.sade-cgth.fr\/?s={search_term_string}\"},\"query-input\":{\"@type\":\"PropertyValueSpecification\",\"valueRequired\":true,\"valueName\":\"search_term_string\"}}],\"inLanguage\":\"es\"},{\"@type\":\"Organization\",\"@id\":\"https:\/\/www.sade-cgth.fr\/#organization\",\"name\":\"La SADE\",\"url\":\"https:\/\/www.sade-cgth.fr\/\",\"logo\":{\"@type\":\"ImageObject\",\"inLanguage\":\"es\",\"@id\":\"https:\/\/www.sade-cgth.fr\/#\/schema\/logo\/image\/\",\"url\":\"https:\/\/www.sade-cgth.fr\/wp-content\/uploads\/2020\/06\/logo-la-sade.png\",\"contentUrl\":\"https:\/\/www.sade-cgth.fr\/wp-content\/uploads\/2020\/06\/logo-la-sade.png\",\"width\":330,\"height\":144,\"caption\":\"La SADE\"},\"image\":{\"@id\":\"https:\/\/www.sade-cgth.fr\/#\/schema\/logo\/image\/\"},\"sameAs\":[\"https:\/\/x.com\/sadecgth\",\"https:\/\/www.instagram.com\/sadecgth\",\"https:\/\/fr.linkedin.com\/company\/sade\",\"https:\/\/www.youtube.com\/channel\/UCt0AEHEpfgRE3pADxCZvXnQ\"]}]}<\/script>\n<!-- \/ Yoast SEO plugin. -->","yoast_head_json":{"title":"SADE, una empresa de m\u00e1s de cien a\u00f1os - SADE","description":"EXPERIENCIA\r\nEn 2018, SADE (Soci\u00e9t\u00e9 Auxiliaire des Distributions d\u2019Eau) celebr\u00f3 su centenario, todo un hito ya que, en Francia, no hay muchas empresas","robots":{"index":"index","follow":"follow","max-snippet":"max-snippet:-1","max-image-preview":"max-image-preview:large","max-video-preview":"max-video-preview:-1"},"canonical":"https:\/\/www.sade-cgth.fr\/es\/accueil\/sade-una-empresa-de-mas-de-cien-anos\/","og_locale":"es_ES","og_type":"article","og_title":"SADE, una empresa de m\u00e1s de cien a\u00f1os - SADE","og_description":"[vc_row css=\u00bb.vc_custom_1610468484987{padding-bottom: 30px !important;}\u00bb][vc_column width=\u00bb1\/4&#8243; css=\u00bb.vc_custom_1610551204899{margin-top: 20px !important;}\u00bb][vc_column_text el_class=\u00bbfondbleu\u00bb] EXPERIENCIA [\/vc_column_text][vc_column_text css=\u00bb.vc_custom_1610622596269{padding-right: 30px !important;}\u00bb]En 2018, SADE (Soci\u00e9t\u00e9 Auxiliaire des Distributions d\u2019Eau) celebr\u00f3 su centenario, todo un hito ya que, en Francia, no hay muchas empresas centenarias. [\/vc_column_text][\/vc_column][vc_column width=\u00bb3\/4&#8243;][vc_column_text css=\u00bb.vc_custom_1610617395924{padding-left: 40px !important;}\u00bb] Orgullosa de su historia, actuando en el presente y con la mirada puesta en el futuro Este centenario puso de manifiesto nuestra agilidad y capacidad de adaptaci\u00f3n, nuestra capacidad para reinventarnos y renovarnos y hacer cambios sin rupturas. Este centenario nos dio adem\u00e1s la oportunidad de trasladar nuestro m\u00e1ximo agradecimiento a: nuestros clientes p\u00fablicos, industriales y privados por los... +","og_url":"https:\/\/www.sade-cgth.fr\/es\/accueil\/sade-una-empresa-de-mas-de-cien-anos\/","og_site_name":"SADE","article_modified_time":"2021-01-14T11:09:58+00:00","og_image":[{"url":"https:\/\/www.sade-cgth.fr\/wp-content\/uploads\/2021\/01\/IMG-6391.jpg","type":"","width":"","height":""}],"twitter_card":"summary_large_image","twitter_site":"@sadecgth","twitter_misc":{"Tiempo de lectura":"4 minutos"},"schema":{"@context":"https:\/\/schema.org","@graph":[{"@type":"WebPage","@id":"https:\/\/www.sade-cgth.fr\/es\/accueil\/sade-una-empresa-de-mas-de-cien-anos\/","url":"https:\/\/www.sade-cgth.fr\/es\/accueil\/sade-una-empresa-de-mas-de-cien-anos\/","name":"SADE, una empresa de m\u00e1s de cien a\u00f1os - SADE","isPartOf":{"@id":"https:\/\/www.sade-cgth.fr\/#website"},"primaryImageOfPage":{"@id":"https:\/\/www.sade-cgth.fr\/es\/accueil\/sade-una-empresa-de-mas-de-cien-anos\/#primaryimage"},"image":{"@id":"https:\/\/www.sade-cgth.fr\/es\/accueil\/sade-una-empresa-de-mas-de-cien-anos\/#primaryimage"},"thumbnailUrl":"https:\/\/www.sade-cgth.fr\/wp-content\/uploads\/2021\/01\/IMG-6391.jpg","datePublished":"2020-12-08T19:40:05+00:00","dateModified":"2021-01-14T11:09:58+00:00","breadcrumb":{"@id":"https:\/\/www.sade-cgth.fr\/es\/accueil\/sade-una-empresa-de-mas-de-cien-anos\/#breadcrumb"},"inLanguage":"es","potentialAction":[{"@type":"ReadAction","target":["https:\/\/www.sade-cgth.fr\/es\/accueil\/sade-una-empresa-de-mas-de-cien-anos\/"]}]},{"@type":"ImageObject","inLanguage":"es","@id":"https:\/\/www.sade-cgth.fr\/es\/accueil\/sade-una-empresa-de-mas-de-cien-anos\/#primaryimage","url":"https:\/\/www.sade-cgth.fr\/wp-content\/uploads\/2021\/01\/IMG-6391.jpg","contentUrl":"https:\/\/www.sade-cgth.fr\/wp-content\/uploads\/2021\/01\/IMG-6391.jpg"},{"@type":"BreadcrumbList","@id":"https:\/\/www.sade-cgth.fr\/es\/accueil\/sade-una-empresa-de-mas-de-cien-anos\/#breadcrumb","itemListElement":[{"@type":"ListItem","position":1,"name":"Accueil","item":"https:\/\/www.sade-cgth.fr\/es\/"},{"@type":"ListItem","position":2,"name":"Bienvenida SADE","item":"https:\/\/www.sade-cgth.fr\/es\/"},{"@type":"ListItem","position":3,"name":"SADE, una empresa de m\u00e1s de cien a\u00f1os"}]},{"@type":"WebSite","@id":"https:\/\/www.sade-cgth.fr\/#website","url":"https:\/\/www.sade-cgth.fr\/","name":"SADE","description":"","publisher":{"@id":"https:\/\/www.sade-cgth.fr\/#organization"},"potentialAction":[{"@type":"SearchAction","target":{"@type":"EntryPoint","urlTemplate":"https:\/\/www.sade-cgth.fr\/?s={search_term_string}"},"query-input":{"@type":"PropertyValueSpecification","valueRequired":true,"valueName":"search_term_string"}}],"inLanguage":"es"},{"@type":"Organization","@id":"https:\/\/www.sade-cgth.fr\/#organization","name":"La SADE","url":"https:\/\/www.sade-cgth.fr\/","logo":{"@type":"ImageObject","inLanguage":"es","@id":"https:\/\/www.sade-cgth.fr\/#\/schema\/logo\/image\/","url":"https:\/\/www.sade-cgth.fr\/wp-content\/uploads\/2020\/06\/logo-la-sade.png","contentUrl":"https:\/\/www.sade-cgth.fr\/wp-content\/uploads\/2020\/06\/logo-la-sade.png","width":330,"height":144,"caption":"La SADE"},"image":{"@id":"https:\/\/www.sade-cgth.fr\/#\/schema\/logo\/image\/"},"sameAs":["https:\/\/x.com\/sadecgth","https:\/\/www.instagram.com\/sadecgth","https:\/\/fr.linkedin.com\/company\/sade","https:\/\/www.youtube.com\/channel\/UCt0AEHEpfgRE3pADxCZvXnQ"]}]}},"_links":{"self":[{"href":"https:\/\/www.sade-cgth.fr\/es\/wp-json\/wp\/v2\/pages\/8490"}],"collection":[{"href":"https:\/\/www.sade-cgth.fr\/es\/wp-json\/wp\/v2\/pages"}],"about":[{"href":"https:\/\/www.sade-cgth.fr\/es\/wp-json\/wp\/v2\/types\/page"}],"author":[{"embeddable":true,"href":"https:\/\/www.sade-cgth.fr\/es\/wp-json\/wp\/v2\/users\/1"}],"replies":[{"embeddable":true,"href":"https:\/\/www.sade-cgth.fr\/es\/wp-json\/wp\/v2\/comments?post=8490"}],"version-history":[{"count":0,"href":"https:\/\/www.sade-cgth.fr\/es\/wp-json\/wp\/v2\/pages\/8490\/revisions"}],"up":[{"embeddable":true,"href":"https:\/\/www.sade-cgth.fr\/es\/wp-json\/wp\/v2\/pages\/6833"}],"wp:attachment":[{"href":"https:\/\/www.sade-cgth.fr\/es\/wp-json\/wp\/v2\/media?parent=8490"}],"curies":[{"name":"wp","href":"https:\/\/api.w.org\/{rel}","templated":true}]}}