{"id":8494,"date":"2020-12-08T20:40:36","date_gmt":"2020-12-08T19:40:36","guid":{"rendered":"https:\/\/www.sade-cgth.fr\/accueil\/poser-des-reseaux-jusqua-3500-mm-de-diametre\/"},"modified":"2021-01-15T13:11:27","modified_gmt":"2021-01-15T12:11:27","slug":"instalar-redes-de-hasta-3500-mm-de-diametro","status":"publish","type":"page","link":"https:\/\/www.sade-cgth.fr\/es\/accueil\/instalar-redes-de-hasta-3500-mm-de-diametro\/","title":{"rendered":"Instalar redes de hasta 3500 mm de di\u00e1metro"},"content":{"rendered":"<div class=\"wpb-content-wrapper\"><p>[vc_row css=\u00bb.vc_custom_1610468484987{padding-bottom: 30px !important;}\u00bb][vc_column width=\u00bb1\/4&#8243; css=\u00bb.vc_custom_1610551204899{margin-top: 20px !important;}\u00bb][vc_column_text css=\u00bb.vc_custom_1610619420087{padding-right: 30px !important;}\u00bb el_class=\u00bbfondbleu\u00bb]<\/p>\n<h4 style=\"text-align: left\"><span style=\"color: #008bcb\"><b>TECNICIDAD<\/b><\/span><\/h4>\n<p>[\/vc_column_text][\/vc_column][vc_column width=\u00bb3\/4&#8243;][vc_column_text css=\u00bb.vc_custom_1610619380978{padding-left: 40px !important;}\u00bb]<\/p>\n<h2><strong><span style=\"color: #008bcb\"><b>Instalar redes de hasta 3500 mm de di\u00e1metro<\/b><\/span><\/strong><\/h2>\n<p><span style=\"color: #999999\"><strong><b>Con el fin de mejorar su red de alcantarillado y habilitar un terreno industrial para su utilizaci\u00f3n por nuevos agentes econ\u00f3micos, la Metr\u00f3poli Europea de Lille (MEL) mand\u00f3 enterrar un tramo de la red de alcantarillado, que bordea el canal de Roubaix, e instalar un nuevo sif\u00f3n bajo el lecho del r\u00edo.<\/b><\/strong><\/span>[\/vc_column_text][\/vc_column][\/vc_row][vc_row gap=\u00bb20&#8243;][vc_column width=\u00bb7\/12&#8243;][vc_column_text]<\/p>\n<h3><span style=\"color: #008bcb\"><b>El problema<\/b><\/span><\/h3>\n<p><span style=\"font-weight: 400\">Muelle de Sartel en Roubaix: el colector del Trichon vert\u00eda en la superficie, en una zanja de varios centenares de metros, antes de cruzar el canal a trav\u00e9s de un sif\u00f3n para ir a parar, en la otra orilla, al muelle de Wattrelos, colector del Espierre, que termina en la depuradora de Grimonpont.\u00a0 Para evitar inundaciones en el terreno industrial, en rehabilitaci\u00f3n, que se encuentra junto a dicha zanja, la metr\u00f3poli decidi\u00f3 construir una red enterrada y un sif\u00f3n capaz de absorber caudales de hasta 30m<\/span><span style=\"font-weight: 400\">3<\/span><span style=\"font-weight: 400\"> \/s, lo que equivale a 108 000 m<\/span><span style=\"font-weight: 400\">3<\/span><span style=\"font-weight: 400\"> \/h.<\/span><\/p>\n<h3><span style=\"color: #008bcb\"><b>La soluci\u00f3n t\u00e9cnica<\/b><\/span><\/h3>\n<p><span style=\"font-weight: 400\">Se ofreci\u00f3 una soluci\u00f3n doble en las orillas y triple en el canal.\u00a0 A la salida del colector del Trichon, se construy\u00f3 una c\u00e1mara de conexi\u00f3n y un desarenador: de ah\u00ed salen dos tuber\u00edas paralelas de PRFV de \u00d8 3000 mm que recorren el canal durante 75 m a una profundidad media de 4 metros. Estas dos tuber\u00edas van a parar a una segunda c\u00e1mara, el punto de partida de un sif\u00f3n doble, tambi\u00e9n de PRFV \u00d8 3000 mm, y 50 m de largo, que pasa por debajo del lecho del canal a una profundidad media de 10 m. Otras dos tuber\u00edas, siempre paralelas y del mismo di\u00e1metro, parten de la c\u00e1mara de entrada del doble sif\u00f3n y terminan, 52 m m\u00e1s adelante, en una nueva c\u00e1mara de conexi\u00f3n con el colector del Espierre. Bajo el canal, se ha instalado adem\u00e1s una tuber\u00eda de PRFV de \u00d8 600 mm, paralela al doble sif\u00f3n: esta absorbe el caudal en tiempo seco (900 m<\/span><span style=\"font-weight: 400\">3<\/span><span style=\"font-weight: 400\"> \/h) y evita los fen\u00f3menos de sedimentaci\u00f3n en el sif\u00f3n principal.<\/span><\/p>\n<h3><span style=\"color: #008bcb\"><b>Los actores<\/b><\/span><\/h3>\n<p><span style=\"font-weight: 400\">Este proyecto de gran envergadura fue adjudicado al grupo BOUYGUES\/SADE\/CLAISSE Environnement, donde cada empresa hizo lo que mejor sabe hacer: el Grupo SADE se encarg\u00f3 del suministro, la colocaci\u00f3n y revestimiento de las tuber\u00edas (Direcci\u00f3n Regional de Arras), as\u00ed como de la construcci\u00f3n de las c\u00e1maras de conexi\u00f3n (CLAISSE Environnement). <\/span>[\/vc_column_text][\/vc_column][vc_column width=\u00bb5\/12&#8243;][vc_single_image image=\u00bb8377&#8243; img_size=\u00bbfull\u00bb css=\u00bb.vc_custom_1610712686066{margin-bottom: 20px !important;}\u00bb][vc_message message_box_style=\u00bbsolid\u00bb style=\u00bbsquare\u00bb message_box_color=\u00bbwhite\u00bb css=\u00bb.vc_custom_1610619580401{margin-top: 0px !important;padding-top: 0px !important;background-color: #008bcb !important;}\u00bb]<\/p>\n<h3><span style=\"color: #ffffff\"><strong>Datos clave<\/strong><\/span><\/h3>\n<ul>\n<li style=\"color: #ffffff\">3 meses para instalar 44 tuber\u00edas y codos de PRFV de \u00d8 3000 mm y 10 tuber\u00edas de PRFV de \u00d8 600 mm teniendo en cuenta los requisitos de entibado de las excavaciones<\/li>\n<li style=\"color: #ffffff\">11 t por cada tuber\u00eda de PRFV de \u00d8 3000 mm de 10 m, 14 t por cada tuber\u00eda de \u00d8 3000 mm de 13 m que pasan por debajo del canal<\/li>\n<li style=\"color: #ffffff\">7 meses para construir las 5 estructuras de ingenier\u00eda civil (4 c\u00e1maras y 1 desarenador)<\/li>\n<li style=\"color: #ffffff\">8 m de ancho, 10 m de largo y 5 m de profundidad de media para las estructuras de ingenier\u00eda civil<\/li>\n<li style=\"color: #ffffff\">56 t de jaulas de pernos y 700 m3 de hormig\u00f3n empleados<\/li>\n<\/ul>\n<p>[\/vc_message][\/vc_column][\/vc_row][vc_row][vc_column][\/vc_column][\/vc_row]<\/p>\n<!-- WPMSNGI:: This input got made by wpms-network-global-inserts It is a WordPress Plugin, you will find your Plugins @ www.wordpress.org ... Information about the Plugin you will find @ www.ruben-storm.de Thank you for using this Plungin--><\/div>","protected":false},"excerpt":{"rendered":"[vc_row css=\u00bb.vc_custom_1610468484987{padding-bottom: 30px !important;}\u00bb][vc_column width=\u00bb1\/4&#8243; css=\u00bb.vc_custom_1610551204899{margin-top: 20px !important;}\u00bb][vc_column_text css=\u00bb.vc_custom_1610619420087{padding-right: 30px !important;}\u00bb el_class=\u00bbfondbleu\u00bb] TECNICIDAD [\/vc_column_text][\/vc_column][vc_column width=\u00bb3\/4&#8243;][vc_column_text css=\u00bb.vc_custom_1610619380978{padding-left: 40px !important;}\u00bb] Instalar redes de hasta 3500 mm de di\u00e1metro Con el fin de mejorar su red de alcantarillado y habilitar un terreno industrial para su utilizaci\u00f3n por nuevos agentes econ\u00f3micos, la Metr\u00f3poli Europea de Lille (MEL) mand\u00f3 enterrar un tramo de la red de alcantarillado, que bordea el canal de Roubaix, e instalar un nuevo sif\u00f3n bajo el lecho del r\u00edo.[\/vc_column_text][\/vc_column][\/vc_row][vc_row gap=\u00bb20&#8243;][vc_column width=\u00bb7\/12&#8243;][vc_column_text] El problema Muelle de Sartel en Roubaix: el colector del Trichon vert\u00eda en la superficie, en una zanja de varios&#8230; <div class=\"liresuite\"><a class=\"view-article\" href=\"https:\/\/www.sade-cgth.fr\/es\/accueil\/instalar-redes-de-hasta-3500-mm-de-diametro\/\">+<\/a><\/div>","protected":false},"author":1,"featured_media":0,"parent":6833,"menu_order":0,"comment_status":"closed","ping_status":"closed","template":"","meta":{"footnotes":""},"class_list":["post-8494","page","type-page","status-publish","hentry"],"yoast_head":"<!-- This site is optimized with the Yoast SEO plugin v24.6 - https:\/\/yoast.com\/wordpress\/plugins\/seo\/ -->\n<title>Instalar redes de hasta 3500 mm de di\u00e1metro - SADE<\/title>\n<meta name=\"description\" content=\"TECNICIDAD\r\n\r\nInstalar redes de hasta 3500 mm de di\u00e1metro\r\nCon el fin de mejorar su red de alcantarillado y habilitar un terreno industrial para su utiliz\" \/>\n<meta name=\"robots\" content=\"index, follow, max-snippet:-1, max-image-preview:large, max-video-preview:-1\" \/>\n<link rel=\"canonical\" href=\"https:\/\/www.sade-cgth.fr\/es\/accueil\/instalar-redes-de-hasta-3500-mm-de-diametro\/\" \/>\n<meta property=\"og:locale\" content=\"es_ES\" \/>\n<meta property=\"og:type\" content=\"article\" \/>\n<meta property=\"og:title\" content=\"Instalar redes de hasta 3500 mm de di\u00e1metro - SADE\" \/>\n<meta property=\"og:description\" content=\"[vc_row css=\u00bb.vc_custom_1610468484987{padding-bottom: 30px !important;}\u00bb][vc_column width=\u00bb1\/4&#8243; css=\u00bb.vc_custom_1610551204899{margin-top: 20px !important;}\u00bb][vc_column_text css=\u00bb.vc_custom_1610619420087{padding-right: 30px !important;}\u00bb el_class=\u00bbfondbleu\u00bb] TECNICIDAD [\/vc_column_text][\/vc_column][vc_column width=\u00bb3\/4&#8243;][vc_column_text css=\u00bb.vc_custom_1610619380978{padding-left: 40px !important;}\u00bb] Instalar redes de hasta 3500 mm de di\u00e1metro Con el fin de mejorar su red de alcantarillado y habilitar un terreno industrial para su utilizaci\u00f3n por nuevos agentes econ\u00f3micos, la Metr\u00f3poli Europea de Lille (MEL) mand\u00f3 enterrar un tramo de la red de alcantarillado, que bordea el canal de Roubaix, e instalar un nuevo sif\u00f3n bajo el lecho del r\u00edo.[\/vc_column_text][\/vc_column][\/vc_row][vc_row gap=\u00bb20&#8243;][vc_column width=\u00bb7\/12&#8243;][vc_column_text] El problema Muelle de Sartel en Roubaix: el colector del Trichon vert\u00eda en la superficie, en una zanja de varios... +\" \/>\n<meta property=\"og:url\" content=\"https:\/\/www.sade-cgth.fr\/es\/accueil\/instalar-redes-de-hasta-3500-mm-de-diametro\/\" \/>\n<meta property=\"og:site_name\" content=\"SADE\" \/>\n<meta property=\"article:modified_time\" content=\"2021-01-15T12:11:27+00:00\" \/>\n<meta property=\"og:image\" content=\"https:\/\/www.sade-cgth.fr\/wp-content\/uploads\/2020\/06\/logo-la-sade.png\" \/>\n\t<meta property=\"og:image:width\" content=\"330\" \/>\n\t<meta property=\"og:image:height\" content=\"144\" \/>\n\t<meta property=\"og:image:type\" content=\"image\/png\" \/>\n<meta name=\"twitter:card\" content=\"summary_large_image\" \/>\n<meta name=\"twitter:site\" content=\"@sadecgth\" \/>\n<meta name=\"twitter:label1\" content=\"Tiempo de lectura\" \/>\n\t<meta name=\"twitter:data1\" content=\"3 minutos\" \/>\n<script type=\"application\/ld+json\" class=\"yoast-schema-graph\">{\"@context\":\"https:\/\/schema.org\",\"@graph\":[{\"@type\":\"WebPage\",\"@id\":\"https:\/\/www.sade-cgth.fr\/es\/accueil\/instalar-redes-de-hasta-3500-mm-de-diametro\/\",\"url\":\"https:\/\/www.sade-cgth.fr\/es\/accueil\/instalar-redes-de-hasta-3500-mm-de-diametro\/\",\"name\":\"Instalar redes de hasta 3500 mm de di\u00e1metro - SADE\",\"isPartOf\":{\"@id\":\"https:\/\/www.sade-cgth.fr\/#website\"},\"datePublished\":\"2020-12-08T19:40:36+00:00\",\"dateModified\":\"2021-01-15T12:11:27+00:00\",\"breadcrumb\":{\"@id\":\"https:\/\/www.sade-cgth.fr\/es\/accueil\/instalar-redes-de-hasta-3500-mm-de-diametro\/#breadcrumb\"},\"inLanguage\":\"es\",\"potentialAction\":[{\"@type\":\"ReadAction\",\"target\":[\"https:\/\/www.sade-cgth.fr\/es\/accueil\/instalar-redes-de-hasta-3500-mm-de-diametro\/\"]}]},{\"@type\":\"BreadcrumbList\",\"@id\":\"https:\/\/www.sade-cgth.fr\/es\/accueil\/instalar-redes-de-hasta-3500-mm-de-diametro\/#breadcrumb\",\"itemListElement\":[{\"@type\":\"ListItem\",\"position\":1,\"name\":\"Accueil\",\"item\":\"https:\/\/www.sade-cgth.fr\/es\/\"},{\"@type\":\"ListItem\",\"position\":2,\"name\":\"Bienvenida SADE\",\"item\":\"https:\/\/www.sade-cgth.fr\/es\/\"},{\"@type\":\"ListItem\",\"position\":3,\"name\":\"Instalar redes de hasta 3500 mm de di\u00e1metro\"}]},{\"@type\":\"WebSite\",\"@id\":\"https:\/\/www.sade-cgth.fr\/#website\",\"url\":\"https:\/\/www.sade-cgth.fr\/\",\"name\":\"SADE\",\"description\":\"\",\"publisher\":{\"@id\":\"https:\/\/www.sade-cgth.fr\/#organization\"},\"potentialAction\":[{\"@type\":\"SearchAction\",\"target\":{\"@type\":\"EntryPoint\",\"urlTemplate\":\"https:\/\/www.sade-cgth.fr\/?s={search_term_string}\"},\"query-input\":{\"@type\":\"PropertyValueSpecification\",\"valueRequired\":true,\"valueName\":\"search_term_string\"}}],\"inLanguage\":\"es\"},{\"@type\":\"Organization\",\"@id\":\"https:\/\/www.sade-cgth.fr\/#organization\",\"name\":\"La SADE\",\"url\":\"https:\/\/www.sade-cgth.fr\/\",\"logo\":{\"@type\":\"ImageObject\",\"inLanguage\":\"es\",\"@id\":\"https:\/\/www.sade-cgth.fr\/#\/schema\/logo\/image\/\",\"url\":\"https:\/\/www.sade-cgth.fr\/wp-content\/uploads\/2020\/06\/logo-la-sade.png\",\"contentUrl\":\"https:\/\/www.sade-cgth.fr\/wp-content\/uploads\/2020\/06\/logo-la-sade.png\",\"width\":330,\"height\":144,\"caption\":\"La SADE\"},\"image\":{\"@id\":\"https:\/\/www.sade-cgth.fr\/#\/schema\/logo\/image\/\"},\"sameAs\":[\"https:\/\/x.com\/sadecgth\",\"https:\/\/www.instagram.com\/sadecgth\",\"https:\/\/fr.linkedin.com\/company\/sade\",\"https:\/\/www.youtube.com\/channel\/UCt0AEHEpfgRE3pADxCZvXnQ\"]}]}<\/script>\n<!-- \/ Yoast SEO plugin. -->","yoast_head_json":{"title":"Instalar redes de hasta 3500 mm de di\u00e1metro - SADE","description":"TECNICIDAD\r\n\r\nInstalar redes de hasta 3500 mm de di\u00e1metro\r\nCon el fin de mejorar su red de alcantarillado y habilitar un terreno industrial para su utiliz","robots":{"index":"index","follow":"follow","max-snippet":"max-snippet:-1","max-image-preview":"max-image-preview:large","max-video-preview":"max-video-preview:-1"},"canonical":"https:\/\/www.sade-cgth.fr\/es\/accueil\/instalar-redes-de-hasta-3500-mm-de-diametro\/","og_locale":"es_ES","og_type":"article","og_title":"Instalar redes de hasta 3500 mm de di\u00e1metro - SADE","og_description":"[vc_row css=\u00bb.vc_custom_1610468484987{padding-bottom: 30px !important;}\u00bb][vc_column width=\u00bb1\/4&#8243; css=\u00bb.vc_custom_1610551204899{margin-top: 20px !important;}\u00bb][vc_column_text css=\u00bb.vc_custom_1610619420087{padding-right: 30px !important;}\u00bb el_class=\u00bbfondbleu\u00bb] TECNICIDAD [\/vc_column_text][\/vc_column][vc_column width=\u00bb3\/4&#8243;][vc_column_text css=\u00bb.vc_custom_1610619380978{padding-left: 40px !important;}\u00bb] Instalar redes de hasta 3500 mm de di\u00e1metro Con el fin de mejorar su red de alcantarillado y habilitar un terreno industrial para su utilizaci\u00f3n por nuevos agentes econ\u00f3micos, la Metr\u00f3poli Europea de Lille (MEL) mand\u00f3 enterrar un tramo de la red de alcantarillado, que bordea el canal de Roubaix, e instalar un nuevo sif\u00f3n bajo el lecho del r\u00edo.[\/vc_column_text][\/vc_column][\/vc_row][vc_row gap=\u00bb20&#8243;][vc_column width=\u00bb7\/12&#8243;][vc_column_text] El problema Muelle de Sartel en Roubaix: el colector del Trichon vert\u00eda en la superficie, en una zanja de varios... +","og_url":"https:\/\/www.sade-cgth.fr\/es\/accueil\/instalar-redes-de-hasta-3500-mm-de-diametro\/","og_site_name":"SADE","article_modified_time":"2021-01-15T12:11:27+00:00","og_image":[{"width":330,"height":144,"url":"https:\/\/www.sade-cgth.fr\/wp-content\/uploads\/2020\/06\/logo-la-sade.png","type":"image\/png"}],"twitter_card":"summary_large_image","twitter_site":"@sadecgth","twitter_misc":{"Tiempo de lectura":"3 minutos"},"schema":{"@context":"https:\/\/schema.org","@graph":[{"@type":"WebPage","@id":"https:\/\/www.sade-cgth.fr\/es\/accueil\/instalar-redes-de-hasta-3500-mm-de-diametro\/","url":"https:\/\/www.sade-cgth.fr\/es\/accueil\/instalar-redes-de-hasta-3500-mm-de-diametro\/","name":"Instalar redes de hasta 3500 mm de di\u00e1metro - SADE","isPartOf":{"@id":"https:\/\/www.sade-cgth.fr\/#website"},"datePublished":"2020-12-08T19:40:36+00:00","dateModified":"2021-01-15T12:11:27+00:00","breadcrumb":{"@id":"https:\/\/www.sade-cgth.fr\/es\/accueil\/instalar-redes-de-hasta-3500-mm-de-diametro\/#breadcrumb"},"inLanguage":"es","potentialAction":[{"@type":"ReadAction","target":["https:\/\/www.sade-cgth.fr\/es\/accueil\/instalar-redes-de-hasta-3500-mm-de-diametro\/"]}]},{"@type":"BreadcrumbList","@id":"https:\/\/www.sade-cgth.fr\/es\/accueil\/instalar-redes-de-hasta-3500-mm-de-diametro\/#breadcrumb","itemListElement":[{"@type":"ListItem","position":1,"name":"Accueil","item":"https:\/\/www.sade-cgth.fr\/es\/"},{"@type":"ListItem","position":2,"name":"Bienvenida SADE","item":"https:\/\/www.sade-cgth.fr\/es\/"},{"@type":"ListItem","position":3,"name":"Instalar redes de hasta 3500 mm de di\u00e1metro"}]},{"@type":"WebSite","@id":"https:\/\/www.sade-cgth.fr\/#website","url":"https:\/\/www.sade-cgth.fr\/","name":"SADE","description":"","publisher":{"@id":"https:\/\/www.sade-cgth.fr\/#organization"},"potentialAction":[{"@type":"SearchAction","target":{"@type":"EntryPoint","urlTemplate":"https:\/\/www.sade-cgth.fr\/?s={search_term_string}"},"query-input":{"@type":"PropertyValueSpecification","valueRequired":true,"valueName":"search_term_string"}}],"inLanguage":"es"},{"@type":"Organization","@id":"https:\/\/www.sade-cgth.fr\/#organization","name":"La SADE","url":"https:\/\/www.sade-cgth.fr\/","logo":{"@type":"ImageObject","inLanguage":"es","@id":"https:\/\/www.sade-cgth.fr\/#\/schema\/logo\/image\/","url":"https:\/\/www.sade-cgth.fr\/wp-content\/uploads\/2020\/06\/logo-la-sade.png","contentUrl":"https:\/\/www.sade-cgth.fr\/wp-content\/uploads\/2020\/06\/logo-la-sade.png","width":330,"height":144,"caption":"La SADE"},"image":{"@id":"https:\/\/www.sade-cgth.fr\/#\/schema\/logo\/image\/"},"sameAs":["https:\/\/x.com\/sadecgth","https:\/\/www.instagram.com\/sadecgth","https:\/\/fr.linkedin.com\/company\/sade","https:\/\/www.youtube.com\/channel\/UCt0AEHEpfgRE3pADxCZvXnQ"]}]}},"_links":{"self":[{"href":"https:\/\/www.sade-cgth.fr\/es\/wp-json\/wp\/v2\/pages\/8494"}],"collection":[{"href":"https:\/\/www.sade-cgth.fr\/es\/wp-json\/wp\/v2\/pages"}],"about":[{"href":"https:\/\/www.sade-cgth.fr\/es\/wp-json\/wp\/v2\/types\/page"}],"author":[{"embeddable":true,"href":"https:\/\/www.sade-cgth.fr\/es\/wp-json\/wp\/v2\/users\/1"}],"replies":[{"embeddable":true,"href":"https:\/\/www.sade-cgth.fr\/es\/wp-json\/wp\/v2\/comments?post=8494"}],"version-history":[{"count":0,"href":"https:\/\/www.sade-cgth.fr\/es\/wp-json\/wp\/v2\/pages\/8494\/revisions"}],"up":[{"embeddable":true,"href":"https:\/\/www.sade-cgth.fr\/es\/wp-json\/wp\/v2\/pages\/6833"}],"wp:attachment":[{"href":"https:\/\/www.sade-cgth.fr\/es\/wp-json\/wp\/v2\/media?parent=8494"}],"curies":[{"name":"wp","href":"https:\/\/api.w.org\/{rel}","templated":true}]}}