{"id":8497,"date":"2020-12-09T14:09:02","date_gmt":"2020-12-09T13:09:02","guid":{"rendered":"https:\/\/www.sade-cgth.fr\/accueil\/etre-partenaire-dun-projet-hyperloop\/"},"modified":"2021-01-14T12:09:03","modified_gmt":"2021-01-14T11:09:03","slug":"colaborar-con-un-proyecto-de-hyperloop","status":"publish","type":"page","link":"https:\/\/www.sade-cgth.fr\/es\/accueil\/colaborar-con-un-proyecto-de-hyperloop\/","title":{"rendered":"Colaborar con un proyecto de Hyperloop"},"content":{"rendered":"<div class=\"wpb-content-wrapper\"><p>[vc_row css=\u00bb.vc_custom_1610468484987{padding-bottom: 30px !important;}\u00bb][vc_column width=\u00bb1\/4&#8243; css=\u00bb.vc_custom_1610551204899{margin-top: 20px !important;}\u00bb][vc_column_text el_class=\u00bbfondbleu\u00bb css=\u00bb.vc_custom_1610619958588{margin-top: 0px !important;margin-bottom: 0px !important;padding-top: 0px !important;padding-bottom: 0px !important;}\u00bb]<\/p>\n<h4 style=\"text-align: left\"><span style=\"color: #008bcb\"><b>NUEVA MOVILIDAD<\/b><\/span><\/h4>\n<p>[\/vc_column_text][vc_column_text css=\u00bb.vc_custom_1610622541152{padding-right: 30px !important;}\u00bb]<span style=\"color: #008bcb\"><strong>El 22 de enero de 2019, SADE dio un salto al futuro al firmar un acuerdo de colaboraci\u00f3n con TransPod.<\/strong><\/span><\/p>\n<div style=\"height: 2px;width: 80px;background-color: #999999\"><\/div>\n<p>[\/vc_column_text][\/vc_column][vc_column width=\u00bb3\/4&#8243;][vc_column_text css=\u00bb.vc_custom_1610620022031{padding-left: 40px !important;}\u00bb]<\/p>\n<h2><strong><span style=\"color: #008bcb\"><b>Colaborar con un proyecto de Hyperloop<\/b><\/span><\/strong><\/h2>\n<p><span style=\"color: #999999\"><b>El objetivo de TransPod es fabricar y vender un medio de transporte de personas o mercanc\u00edas entre las principales ciudades, mediante el desplazamiento de c\u00e1psulas en levitaci\u00f3n a trav\u00e9s de un tubo a baja presi\u00f3n (para evitar la fricci\u00f3n aerodin\u00e1mica) a velocidades comparables a las de un avi\u00f3n.<\/b><\/span>[\/vc_column_text][\/vc_column][\/vc_row][vc_row gap=\u00bb20&#8243;][vc_column width=\u00bb7\/12&#8243;][vc_column_text]<\/p>\n<h3><span style=\"color: #008bcb\"><b>El proyecto TransPod<\/b><\/span><\/h3>\n<p><span style=\"font-weight: 400\">El 22 de enero de 2019, SADE dio un salto al futuro al firmar un acuerdo de colaboraci\u00f3n con TransPod, start-up canadiense que construye uno de los sistemas de hyperloop m\u00e1s avanzados del mundo, para dise\u00f1ar una nueva pista de pruebas en Droux (Limoges). Con la participaci\u00f3n tambi\u00e9n de EDF y Arcelor Mittal. <\/span><\/p>\n<p><span style=\"font-weight: 400\">SADE se enfrenta a desaf\u00edos t\u00e9cnicos en el dise\u00f1o y la construcci\u00f3n del tubo y sus pilotes de cimentaci\u00f3n, como los complejos fen\u00f3menos relacionados con la depresi\u00f3n del tubo, las cargas puntuales ejercidas por la c\u00e1psula al circular y las importantes fuerzas de frenado que deber\u00e1n absorber los cimientos.<\/span><\/p>\n<p><span style=\"font-weight: 400\">Debido al contexto sanitario, los plazos del proyecto de Droux se han retrasado: <span style=\"color: #008bcb\"><strong>inicio de las obras de pavimentaci\u00f3n en marzo-abril de 2021, construcci\u00f3n de la pista de aterrizaje a partir de mayo-junio y finalizaci\u00f3n de las obras a finales de a\u00f1o.<\/strong><\/span><\/span>[\/vc_column_text][\/vc_column][vc_column width=\u00bb5\/12&#8243; css=\u00bb.vc_custom_1610551860917{margin-top: 30px !important;}\u00bb][vc_single_image image=\u00bb5541&#8243; img_size=\u00bbfull\u00bb][vc_btn title=\u00bbVer el video sobre Transpod\u00bb shape=\u00bbsquare\u00bb color=\u00bborange\u00bb align=\u00bbright\u00bb i_icon_fontawesome=\u00bbfas fa-video\u00bb add_icon=\u00bbtrue\u00bb link=\u00bburl:https%3A%2F%2Fyoutu.be%2FAx3TqQdbrFg||target:%20_blank|\u00bb][\/vc_column][\/vc_row][vc_row][vc_column][\/vc_column][\/vc_row]<\/p>\n<!-- WPMSNGI:: This input got made by wpms-network-global-inserts It is a WordPress Plugin, you will find your Plugins @ www.wordpress.org ... Information about the Plugin you will find @ www.ruben-storm.de Thank you for using this Plungin--><\/div>","protected":false},"excerpt":{"rendered":"[vc_row css=\u00bb.vc_custom_1610468484987{padding-bottom: 30px !important;}\u00bb][vc_column width=\u00bb1\/4&#8243; css=\u00bb.vc_custom_1610551204899{margin-top: 20px !important;}\u00bb][vc_column_text el_class=\u00bbfondbleu\u00bb css=\u00bb.vc_custom_1610619958588{margin-top: 0px !important;margin-bottom: 0px !important;padding-top: 0px !important;padding-bottom: 0px !important;}\u00bb] NUEVA MOVILIDAD [\/vc_column_text][vc_column_text css=\u00bb.vc_custom_1610622541152{padding-right: 30px !important;}\u00bb]El 22 de enero de 2019, SADE dio un salto al futuro al firmar un acuerdo de colaboraci\u00f3n con TransPod. [\/vc_column_text][\/vc_column][vc_column width=\u00bb3\/4&#8243;][vc_column_text css=\u00bb.vc_custom_1610620022031{padding-left: 40px !important;}\u00bb] Colaborar con un proyecto de Hyperloop El objetivo de TransPod es fabricar y vender un medio de transporte de personas o mercanc\u00edas entre las principales ciudades, mediante el desplazamiento de c\u00e1psulas en levitaci\u00f3n a trav\u00e9s de un tubo a baja presi\u00f3n (para evitar la fricci\u00f3n aerodin\u00e1mica) a velocidades comparables a las de&#8230; <div class=\"liresuite\"><a class=\"view-article\" href=\"https:\/\/www.sade-cgth.fr\/es\/accueil\/colaborar-con-un-proyecto-de-hyperloop\/\">+<\/a><\/div>","protected":false},"author":1,"featured_media":0,"parent":6833,"menu_order":0,"comment_status":"closed","ping_status":"closed","template":"","meta":{"footnotes":""},"class_list":["post-8497","page","type-page","status-publish","hentry"],"yoast_head":"<!-- This site is optimized with the Yoast SEO plugin v24.6 - https:\/\/yoast.com\/wordpress\/plugins\/seo\/ -->\n<title>Colaborar con un proyecto de Hyperloop - SADE<\/title>\n<meta name=\"description\" content=\"NUEVA MOVILIDAD\r\nEl 22 de enero de 2019, SADE dio un salto al futuro al firmar un acuerdo de colaboraci\u00f3n con TransPod.\r\n\r\n\r\nColaborar con un proyecto de\" \/>\n<meta name=\"robots\" content=\"index, follow, max-snippet:-1, max-image-preview:large, max-video-preview:-1\" \/>\n<link rel=\"canonical\" href=\"https:\/\/www.sade-cgth.fr\/es\/accueil\/colaborar-con-un-proyecto-de-hyperloop\/\" \/>\n<meta property=\"og:locale\" content=\"es_ES\" \/>\n<meta property=\"og:type\" content=\"article\" \/>\n<meta property=\"og:title\" content=\"Colaborar con un proyecto de Hyperloop - SADE\" \/>\n<meta property=\"og:description\" content=\"[vc_row css=\u00bb.vc_custom_1610468484987{padding-bottom: 30px !important;}\u00bb][vc_column width=\u00bb1\/4&#8243; css=\u00bb.vc_custom_1610551204899{margin-top: 20px !important;}\u00bb][vc_column_text el_class=\u00bbfondbleu\u00bb css=\u00bb.vc_custom_1610619958588{margin-top: 0px !important;margin-bottom: 0px !important;padding-top: 0px !important;padding-bottom: 0px !important;}\u00bb] NUEVA MOVILIDAD [\/vc_column_text][vc_column_text css=\u00bb.vc_custom_1610622541152{padding-right: 30px !important;}\u00bb]El 22 de enero de 2019, SADE dio un salto al futuro al firmar un acuerdo de colaboraci\u00f3n con TransPod. [\/vc_column_text][\/vc_column][vc_column width=\u00bb3\/4&#8243;][vc_column_text css=\u00bb.vc_custom_1610620022031{padding-left: 40px !important;}\u00bb] Colaborar con un proyecto de Hyperloop El objetivo de TransPod es fabricar y vender un medio de transporte de personas o mercanc\u00edas entre las principales ciudades, mediante el desplazamiento de c\u00e1psulas en levitaci\u00f3n a trav\u00e9s de un tubo a baja presi\u00f3n (para evitar la fricci\u00f3n aerodin\u00e1mica) a velocidades comparables a las de... +\" \/>\n<meta property=\"og:url\" content=\"https:\/\/www.sade-cgth.fr\/es\/accueil\/colaborar-con-un-proyecto-de-hyperloop\/\" \/>\n<meta property=\"og:site_name\" content=\"SADE\" \/>\n<meta property=\"article:modified_time\" content=\"2021-01-14T11:09:03+00:00\" \/>\n<meta property=\"og:image\" content=\"https:\/\/www.sade-cgth.fr\/wp-content\/uploads\/2020\/06\/logo-la-sade.png\" \/>\n\t<meta property=\"og:image:width\" content=\"330\" \/>\n\t<meta property=\"og:image:height\" content=\"144\" \/>\n\t<meta property=\"og:image:type\" content=\"image\/png\" \/>\n<meta name=\"twitter:card\" content=\"summary_large_image\" \/>\n<meta name=\"twitter:site\" content=\"@sadecgth\" \/>\n<meta name=\"twitter:label1\" content=\"Tiempo de lectura\" \/>\n\t<meta name=\"twitter:data1\" content=\"2 minutos\" \/>\n<script type=\"application\/ld+json\" class=\"yoast-schema-graph\">{\"@context\":\"https:\/\/schema.org\",\"@graph\":[{\"@type\":\"WebPage\",\"@id\":\"https:\/\/www.sade-cgth.fr\/es\/accueil\/colaborar-con-un-proyecto-de-hyperloop\/\",\"url\":\"https:\/\/www.sade-cgth.fr\/es\/accueil\/colaborar-con-un-proyecto-de-hyperloop\/\",\"name\":\"Colaborar con un proyecto de Hyperloop - SADE\",\"isPartOf\":{\"@id\":\"https:\/\/www.sade-cgth.fr\/#website\"},\"datePublished\":\"2020-12-09T13:09:02+00:00\",\"dateModified\":\"2021-01-14T11:09:03+00:00\",\"breadcrumb\":{\"@id\":\"https:\/\/www.sade-cgth.fr\/es\/accueil\/colaborar-con-un-proyecto-de-hyperloop\/#breadcrumb\"},\"inLanguage\":\"es\",\"potentialAction\":[{\"@type\":\"ReadAction\",\"target\":[\"https:\/\/www.sade-cgth.fr\/es\/accueil\/colaborar-con-un-proyecto-de-hyperloop\/\"]}]},{\"@type\":\"BreadcrumbList\",\"@id\":\"https:\/\/www.sade-cgth.fr\/es\/accueil\/colaborar-con-un-proyecto-de-hyperloop\/#breadcrumb\",\"itemListElement\":[{\"@type\":\"ListItem\",\"position\":1,\"name\":\"Accueil\",\"item\":\"https:\/\/www.sade-cgth.fr\/es\/\"},{\"@type\":\"ListItem\",\"position\":2,\"name\":\"Bienvenida SADE\",\"item\":\"https:\/\/www.sade-cgth.fr\/es\/\"},{\"@type\":\"ListItem\",\"position\":3,\"name\":\"Colaborar con un proyecto de Hyperloop\"}]},{\"@type\":\"WebSite\",\"@id\":\"https:\/\/www.sade-cgth.fr\/#website\",\"url\":\"https:\/\/www.sade-cgth.fr\/\",\"name\":\"SADE\",\"description\":\"\",\"publisher\":{\"@id\":\"https:\/\/www.sade-cgth.fr\/#organization\"},\"potentialAction\":[{\"@type\":\"SearchAction\",\"target\":{\"@type\":\"EntryPoint\",\"urlTemplate\":\"https:\/\/www.sade-cgth.fr\/?s={search_term_string}\"},\"query-input\":{\"@type\":\"PropertyValueSpecification\",\"valueRequired\":true,\"valueName\":\"search_term_string\"}}],\"inLanguage\":\"es\"},{\"@type\":\"Organization\",\"@id\":\"https:\/\/www.sade-cgth.fr\/#organization\",\"name\":\"La SADE\",\"url\":\"https:\/\/www.sade-cgth.fr\/\",\"logo\":{\"@type\":\"ImageObject\",\"inLanguage\":\"es\",\"@id\":\"https:\/\/www.sade-cgth.fr\/#\/schema\/logo\/image\/\",\"url\":\"https:\/\/www.sade-cgth.fr\/wp-content\/uploads\/2020\/06\/logo-la-sade.png\",\"contentUrl\":\"https:\/\/www.sade-cgth.fr\/wp-content\/uploads\/2020\/06\/logo-la-sade.png\",\"width\":330,\"height\":144,\"caption\":\"La SADE\"},\"image\":{\"@id\":\"https:\/\/www.sade-cgth.fr\/#\/schema\/logo\/image\/\"},\"sameAs\":[\"https:\/\/x.com\/sadecgth\",\"https:\/\/www.instagram.com\/sadecgth\",\"https:\/\/fr.linkedin.com\/company\/sade\",\"https:\/\/www.youtube.com\/channel\/UCt0AEHEpfgRE3pADxCZvXnQ\"]}]}<\/script>\n<!-- \/ Yoast SEO plugin. -->","yoast_head_json":{"title":"Colaborar con un proyecto de Hyperloop - SADE","description":"NUEVA MOVILIDAD\r\nEl 22 de enero de 2019, SADE dio un salto al futuro al firmar un acuerdo de colaboraci\u00f3n con TransPod.\r\n\r\n\r\nColaborar con un proyecto de","robots":{"index":"index","follow":"follow","max-snippet":"max-snippet:-1","max-image-preview":"max-image-preview:large","max-video-preview":"max-video-preview:-1"},"canonical":"https:\/\/www.sade-cgth.fr\/es\/accueil\/colaborar-con-un-proyecto-de-hyperloop\/","og_locale":"es_ES","og_type":"article","og_title":"Colaborar con un proyecto de Hyperloop - SADE","og_description":"[vc_row css=\u00bb.vc_custom_1610468484987{padding-bottom: 30px !important;}\u00bb][vc_column width=\u00bb1\/4&#8243; css=\u00bb.vc_custom_1610551204899{margin-top: 20px !important;}\u00bb][vc_column_text el_class=\u00bbfondbleu\u00bb css=\u00bb.vc_custom_1610619958588{margin-top: 0px !important;margin-bottom: 0px !important;padding-top: 0px !important;padding-bottom: 0px !important;}\u00bb] NUEVA MOVILIDAD [\/vc_column_text][vc_column_text css=\u00bb.vc_custom_1610622541152{padding-right: 30px !important;}\u00bb]El 22 de enero de 2019, SADE dio un salto al futuro al firmar un acuerdo de colaboraci\u00f3n con TransPod. [\/vc_column_text][\/vc_column][vc_column width=\u00bb3\/4&#8243;][vc_column_text css=\u00bb.vc_custom_1610620022031{padding-left: 40px !important;}\u00bb] Colaborar con un proyecto de Hyperloop El objetivo de TransPod es fabricar y vender un medio de transporte de personas o mercanc\u00edas entre las principales ciudades, mediante el desplazamiento de c\u00e1psulas en levitaci\u00f3n a trav\u00e9s de un tubo a baja presi\u00f3n (para evitar la fricci\u00f3n aerodin\u00e1mica) a velocidades comparables a las de... +","og_url":"https:\/\/www.sade-cgth.fr\/es\/accueil\/colaborar-con-un-proyecto-de-hyperloop\/","og_site_name":"SADE","article_modified_time":"2021-01-14T11:09:03+00:00","og_image":[{"width":330,"height":144,"url":"https:\/\/www.sade-cgth.fr\/wp-content\/uploads\/2020\/06\/logo-la-sade.png","type":"image\/png"}],"twitter_card":"summary_large_image","twitter_site":"@sadecgth","twitter_misc":{"Tiempo de lectura":"2 minutos"},"schema":{"@context":"https:\/\/schema.org","@graph":[{"@type":"WebPage","@id":"https:\/\/www.sade-cgth.fr\/es\/accueil\/colaborar-con-un-proyecto-de-hyperloop\/","url":"https:\/\/www.sade-cgth.fr\/es\/accueil\/colaborar-con-un-proyecto-de-hyperloop\/","name":"Colaborar con un proyecto de Hyperloop - SADE","isPartOf":{"@id":"https:\/\/www.sade-cgth.fr\/#website"},"datePublished":"2020-12-09T13:09:02+00:00","dateModified":"2021-01-14T11:09:03+00:00","breadcrumb":{"@id":"https:\/\/www.sade-cgth.fr\/es\/accueil\/colaborar-con-un-proyecto-de-hyperloop\/#breadcrumb"},"inLanguage":"es","potentialAction":[{"@type":"ReadAction","target":["https:\/\/www.sade-cgth.fr\/es\/accueil\/colaborar-con-un-proyecto-de-hyperloop\/"]}]},{"@type":"BreadcrumbList","@id":"https:\/\/www.sade-cgth.fr\/es\/accueil\/colaborar-con-un-proyecto-de-hyperloop\/#breadcrumb","itemListElement":[{"@type":"ListItem","position":1,"name":"Accueil","item":"https:\/\/www.sade-cgth.fr\/es\/"},{"@type":"ListItem","position":2,"name":"Bienvenida SADE","item":"https:\/\/www.sade-cgth.fr\/es\/"},{"@type":"ListItem","position":3,"name":"Colaborar con un proyecto de Hyperloop"}]},{"@type":"WebSite","@id":"https:\/\/www.sade-cgth.fr\/#website","url":"https:\/\/www.sade-cgth.fr\/","name":"SADE","description":"","publisher":{"@id":"https:\/\/www.sade-cgth.fr\/#organization"},"potentialAction":[{"@type":"SearchAction","target":{"@type":"EntryPoint","urlTemplate":"https:\/\/www.sade-cgth.fr\/?s={search_term_string}"},"query-input":{"@type":"PropertyValueSpecification","valueRequired":true,"valueName":"search_term_string"}}],"inLanguage":"es"},{"@type":"Organization","@id":"https:\/\/www.sade-cgth.fr\/#organization","name":"La SADE","url":"https:\/\/www.sade-cgth.fr\/","logo":{"@type":"ImageObject","inLanguage":"es","@id":"https:\/\/www.sade-cgth.fr\/#\/schema\/logo\/image\/","url":"https:\/\/www.sade-cgth.fr\/wp-content\/uploads\/2020\/06\/logo-la-sade.png","contentUrl":"https:\/\/www.sade-cgth.fr\/wp-content\/uploads\/2020\/06\/logo-la-sade.png","width":330,"height":144,"caption":"La SADE"},"image":{"@id":"https:\/\/www.sade-cgth.fr\/#\/schema\/logo\/image\/"},"sameAs":["https:\/\/x.com\/sadecgth","https:\/\/www.instagram.com\/sadecgth","https:\/\/fr.linkedin.com\/company\/sade","https:\/\/www.youtube.com\/channel\/UCt0AEHEpfgRE3pADxCZvXnQ"]}]}},"_links":{"self":[{"href":"https:\/\/www.sade-cgth.fr\/es\/wp-json\/wp\/v2\/pages\/8497"}],"collection":[{"href":"https:\/\/www.sade-cgth.fr\/es\/wp-json\/wp\/v2\/pages"}],"about":[{"href":"https:\/\/www.sade-cgth.fr\/es\/wp-json\/wp\/v2\/types\/page"}],"author":[{"embeddable":true,"href":"https:\/\/www.sade-cgth.fr\/es\/wp-json\/wp\/v2\/users\/1"}],"replies":[{"embeddable":true,"href":"https:\/\/www.sade-cgth.fr\/es\/wp-json\/wp\/v2\/comments?post=8497"}],"version-history":[{"count":0,"href":"https:\/\/www.sade-cgth.fr\/es\/wp-json\/wp\/v2\/pages\/8497\/revisions"}],"up":[{"embeddable":true,"href":"https:\/\/www.sade-cgth.fr\/es\/wp-json\/wp\/v2\/pages\/6833"}],"wp:attachment":[{"href":"https:\/\/www.sade-cgth.fr\/es\/wp-json\/wp\/v2\/media?parent=8497"}],"curies":[{"name":"wp","href":"https:\/\/api.w.org\/{rel}","templated":true}]}}