{"id":8500,"date":"2020-12-09T14:09:20","date_gmt":"2020-12-09T13:09:20","guid":{"rendered":"https:\/\/www.sade-cgth.fr\/accueil\/construire-2-chateaux-deau-en-simultane\/"},"modified":"2021-01-14T12:06:59","modified_gmt":"2021-01-14T11:06:59","slug":"construir-dos-torres-de-agua-de-forma-simultanea","status":"publish","type":"page","link":"https:\/\/www.sade-cgth.fr\/es\/accueil\/construir-dos-torres-de-agua-de-forma-simultanea\/","title":{"rendered":"Construir dos torres de agua de forma simult\u00e1nea"},"content":{"rendered":"<div class=\"wpb-content-wrapper\"><p>[vc_row css=\u00bb.vc_custom_1610468484987{padding-bottom: 30px !important;}\u00bb][vc_column width=\u00bb1\/4&#8243; css=\u00bb.vc_custom_1610562032802{margin-top: 20px !important;margin-bottom: 0px !important;}\u00bb][vc_column_text el_class=\u00bbfondbleu\u00bb css=\u00bb.vc_custom_1610620343696{margin-top: 0px !important;margin-bottom: 0px !important;padding-top: 0px !important;padding-bottom: 0px !important;}\u00bb]<\/p>\n<h4 style=\"text-align: left\"><span style=\"color: #008bcb\"><b>UTILIDAD<\/b><\/span><\/h4>\n<p>[\/vc_column_text][vc_column_text css=\u00bb.vc_custom_1610622417176{padding-right: 30px !important;}\u00bb]<span style=\"color: #008bcb\"><strong>Con el fin de reforzar la red de abastecimiento de agua potable de la ciudad de Abiy\u00e1n, SADE construy\u00f3, en 19 meses y de forma simult\u00e1nea, dos torres de agua gemelas, a tres metros de distancia entre ellas, de 50 m de alto y 40 m de circunferencia (reservorio).<\/strong><\/span><\/p>\n<div style=\"height: 2px;width: 80px;background-color: #999999\"><\/div>\n<p>[\/vc_column_text][\/vc_column][vc_column width=\u00bb3\/4&#8243;][vc_column_text css=\u00bb.vc_custom_1610620293161{padding-left: 40px !important;}\u00bb]<\/p>\n<h2><strong><span style=\"color: #008bcb\"><b>Construir dos torres de agua de forma simult\u00e1nea<\/b><\/span><\/strong><\/h2>\n<p><span style=\"color: #999999\"><strong>Estas dos obras pesan aproximadamente 1000 toneladas de acero por 10 000 m\u00b3 de hormig\u00f3n.<\/strong><\/span>[\/vc_column_text][\/vc_column][\/vc_row][vc_row gap=\u00bb20&#8243; css=\u00bb.vc_custom_1610562103375{margin-top: -30px !important;}\u00bb][vc_column width=\u00bb7\/12&#8243; css=\u00bb.vc_custom_1610562057535{margin-top: 0px !important;}\u00bb][vc_column_text]La t\u00e9cnica de construcci\u00f3n es una t\u00e9cnica espec\u00edfica de SADE, ya probada en la construcci\u00f3n de las torres de agua de Djibi y N\u2019dotre: dise\u00f1o previo en 3D, construcci\u00f3n de los tanques tronc\u00f3nicos mediante encofrado trepante, construcci\u00f3n simult\u00e1nea de las dos torres de agua y de una pasarela met\u00e1lica que conectar\u00e1 la parte superior de ambos tanques elevados.<\/p>\n<p>El 1 de septiembre de 2020, en unas diez horas, 8 m\u00e1quinas elevadoras izaron a 30 metros, mediante un conjunto de cables de acero, las 3500 toneladas del primer tanque.<\/p>\n<p>Las 3500 toneladas del otro tanque se elevaron los d\u00edas 8 y 9 de octubre en condiciones clim\u00e1ticas adversas.<\/p>\n<p>Estos tanques se fijaron a las torres para despu\u00e9s construir los remates.<\/p>\n<p>Franzetti construye actualmente unas diez torres de agua al a\u00f1o, con diferentes capacidades.[\/vc_column_text][\/vc_column][vc_column width=\u00bb5\/12&#8243;][vc_single_image image=\u00bb8382&#8243; img_size=\u00bbfull\u00bb css=\u00bb.vc_custom_1610561656255{margin-top: 20px !important;}\u00bb][vc_btn title=\u00bbVer el dise\u00f1o en 3D\u00bb shape=\u00bbsquare\u00bb color=\u00bborange\u00bb align=\u00bbright\u00bb i_icon_fontawesome=\u00bbfas fa-video\u00bb add_icon=\u00bbtrue\u00bb link=\u00bburl:https%3A%2F%2Fyoutu.be%2FWZAG5XYA-78||target:%20_blank|\u00bb][\/vc_column][\/vc_row][vc_row][vc_column][\/vc_column][\/vc_row]<\/p>\n<!-- WPMSNGI:: This input got made by wpms-network-global-inserts It is a WordPress Plugin, you will find your Plugins @ www.wordpress.org ... Information about the Plugin you will find @ www.ruben-storm.de Thank you for using this Plungin--><\/div>","protected":false},"excerpt":{"rendered":"[vc_row css=\u00bb.vc_custom_1610468484987{padding-bottom: 30px !important;}\u00bb][vc_column width=\u00bb1\/4&#8243; css=\u00bb.vc_custom_1610562032802{margin-top: 20px !important;margin-bottom: 0px !important;}\u00bb][vc_column_text el_class=\u00bbfondbleu\u00bb css=\u00bb.vc_custom_1610620343696{margin-top: 0px !important;margin-bottom: 0px !important;padding-top: 0px !important;padding-bottom: 0px !important;}\u00bb] UTILIDAD [\/vc_column_text][vc_column_text css=\u00bb.vc_custom_1610622417176{padding-right: 30px !important;}\u00bb]Con el fin de reforzar la red de abastecimiento de agua potable de la ciudad de Abiy\u00e1n, SADE construy\u00f3, en 19 meses y de forma simult\u00e1nea, dos torres de agua gemelas, a tres metros de distancia entre ellas, de 50 m de alto y 40 m de circunferencia (reservorio). [\/vc_column_text][\/vc_column][vc_column width=\u00bb3\/4&#8243;][vc_column_text css=\u00bb.vc_custom_1610620293161{padding-left: 40px !important;}\u00bb] Construir dos torres de agua de forma simult\u00e1nea Estas dos obras pesan aproximadamente 1000 toneladas de acero por 10 000 m\u00b3 de&#8230; <div class=\"liresuite\"><a class=\"view-article\" href=\"https:\/\/www.sade-cgth.fr\/es\/accueil\/construir-dos-torres-de-agua-de-forma-simultanea\/\">+<\/a><\/div>","protected":false},"author":1,"featured_media":0,"parent":6833,"menu_order":0,"comment_status":"closed","ping_status":"closed","template":"","meta":{"footnotes":""},"class_list":["post-8500","page","type-page","status-publish","hentry"],"yoast_head":"<!-- This site is optimized with the Yoast SEO plugin v24.6 - https:\/\/yoast.com\/wordpress\/plugins\/seo\/ -->\n<title>Construir dos torres de agua de forma simult\u00e1nea - SADE<\/title>\n<meta name=\"description\" content=\"UTILIDAD\r\nCon el fin de reforzar la red de abastecimiento de agua potable de la ciudad de Abiy\u00e1n, SADE construy\u00f3, en 19 meses y de forma simult\u00e1nea, dos\" \/>\n<meta name=\"robots\" content=\"index, follow, max-snippet:-1, max-image-preview:large, max-video-preview:-1\" \/>\n<link rel=\"canonical\" href=\"https:\/\/www.sade-cgth.fr\/es\/accueil\/construir-dos-torres-de-agua-de-forma-simultanea\/\" \/>\n<meta property=\"og:locale\" content=\"es_ES\" \/>\n<meta property=\"og:type\" content=\"article\" \/>\n<meta property=\"og:title\" content=\"Construir dos torres de agua de forma simult\u00e1nea - SADE\" \/>\n<meta property=\"og:description\" content=\"[vc_row css=\u00bb.vc_custom_1610468484987{padding-bottom: 30px !important;}\u00bb][vc_column width=\u00bb1\/4&#8243; css=\u00bb.vc_custom_1610562032802{margin-top: 20px !important;margin-bottom: 0px !important;}\u00bb][vc_column_text el_class=\u00bbfondbleu\u00bb css=\u00bb.vc_custom_1610620343696{margin-top: 0px !important;margin-bottom: 0px !important;padding-top: 0px !important;padding-bottom: 0px !important;}\u00bb] UTILIDAD [\/vc_column_text][vc_column_text css=\u00bb.vc_custom_1610622417176{padding-right: 30px !important;}\u00bb]Con el fin de reforzar la red de abastecimiento de agua potable de la ciudad de Abiy\u00e1n, SADE construy\u00f3, en 19 meses y de forma simult\u00e1nea, dos torres de agua gemelas, a tres metros de distancia entre ellas, de 50 m de alto y 40 m de circunferencia (reservorio). [\/vc_column_text][\/vc_column][vc_column width=\u00bb3\/4&#8243;][vc_column_text css=\u00bb.vc_custom_1610620293161{padding-left: 40px !important;}\u00bb] Construir dos torres de agua de forma simult\u00e1nea Estas dos obras pesan aproximadamente 1000 toneladas de acero por 10 000 m\u00b3 de... +\" \/>\n<meta property=\"og:url\" content=\"https:\/\/www.sade-cgth.fr\/es\/accueil\/construir-dos-torres-de-agua-de-forma-simultanea\/\" \/>\n<meta property=\"og:site_name\" content=\"SADE\" \/>\n<meta property=\"article:modified_time\" content=\"2021-01-14T11:06:59+00:00\" \/>\n<meta property=\"og:image\" content=\"https:\/\/www.sade-cgth.fr\/wp-content\/uploads\/2020\/06\/logo-la-sade.png\" \/>\n\t<meta property=\"og:image:width\" content=\"330\" \/>\n\t<meta property=\"og:image:height\" content=\"144\" \/>\n\t<meta property=\"og:image:type\" content=\"image\/png\" \/>\n<meta name=\"twitter:card\" content=\"summary_large_image\" \/>\n<meta name=\"twitter:site\" content=\"@sadecgth\" \/>\n<meta name=\"twitter:label1\" content=\"Tiempo de lectura\" \/>\n\t<meta name=\"twitter:data1\" content=\"2 minutos\" \/>\n<script type=\"application\/ld+json\" class=\"yoast-schema-graph\">{\"@context\":\"https:\/\/schema.org\",\"@graph\":[{\"@type\":\"WebPage\",\"@id\":\"https:\/\/www.sade-cgth.fr\/es\/accueil\/construir-dos-torres-de-agua-de-forma-simultanea\/\",\"url\":\"https:\/\/www.sade-cgth.fr\/es\/accueil\/construir-dos-torres-de-agua-de-forma-simultanea\/\",\"name\":\"Construir dos torres de agua de forma simult\u00e1nea - SADE\",\"isPartOf\":{\"@id\":\"https:\/\/www.sade-cgth.fr\/#website\"},\"datePublished\":\"2020-12-09T13:09:20+00:00\",\"dateModified\":\"2021-01-14T11:06:59+00:00\",\"breadcrumb\":{\"@id\":\"https:\/\/www.sade-cgth.fr\/es\/accueil\/construir-dos-torres-de-agua-de-forma-simultanea\/#breadcrumb\"},\"inLanguage\":\"es\",\"potentialAction\":[{\"@type\":\"ReadAction\",\"target\":[\"https:\/\/www.sade-cgth.fr\/es\/accueil\/construir-dos-torres-de-agua-de-forma-simultanea\/\"]}]},{\"@type\":\"BreadcrumbList\",\"@id\":\"https:\/\/www.sade-cgth.fr\/es\/accueil\/construir-dos-torres-de-agua-de-forma-simultanea\/#breadcrumb\",\"itemListElement\":[{\"@type\":\"ListItem\",\"position\":1,\"name\":\"Accueil\",\"item\":\"https:\/\/www.sade-cgth.fr\/es\/\"},{\"@type\":\"ListItem\",\"position\":2,\"name\":\"Bienvenida SADE\",\"item\":\"https:\/\/www.sade-cgth.fr\/es\/\"},{\"@type\":\"ListItem\",\"position\":3,\"name\":\"Construir dos torres de agua de forma simult\u00e1nea\"}]},{\"@type\":\"WebSite\",\"@id\":\"https:\/\/www.sade-cgth.fr\/#website\",\"url\":\"https:\/\/www.sade-cgth.fr\/\",\"name\":\"SADE\",\"description\":\"\",\"publisher\":{\"@id\":\"https:\/\/www.sade-cgth.fr\/#organization\"},\"potentialAction\":[{\"@type\":\"SearchAction\",\"target\":{\"@type\":\"EntryPoint\",\"urlTemplate\":\"https:\/\/www.sade-cgth.fr\/?s={search_term_string}\"},\"query-input\":{\"@type\":\"PropertyValueSpecification\",\"valueRequired\":true,\"valueName\":\"search_term_string\"}}],\"inLanguage\":\"es\"},{\"@type\":\"Organization\",\"@id\":\"https:\/\/www.sade-cgth.fr\/#organization\",\"name\":\"La SADE\",\"url\":\"https:\/\/www.sade-cgth.fr\/\",\"logo\":{\"@type\":\"ImageObject\",\"inLanguage\":\"es\",\"@id\":\"https:\/\/www.sade-cgth.fr\/#\/schema\/logo\/image\/\",\"url\":\"https:\/\/www.sade-cgth.fr\/wp-content\/uploads\/2020\/06\/logo-la-sade.png\",\"contentUrl\":\"https:\/\/www.sade-cgth.fr\/wp-content\/uploads\/2020\/06\/logo-la-sade.png\",\"width\":330,\"height\":144,\"caption\":\"La SADE\"},\"image\":{\"@id\":\"https:\/\/www.sade-cgth.fr\/#\/schema\/logo\/image\/\"},\"sameAs\":[\"https:\/\/x.com\/sadecgth\",\"https:\/\/www.instagram.com\/sadecgth\",\"https:\/\/fr.linkedin.com\/company\/sade\",\"https:\/\/www.youtube.com\/channel\/UCt0AEHEpfgRE3pADxCZvXnQ\"]}]}<\/script>\n<!-- \/ Yoast SEO plugin. -->","yoast_head_json":{"title":"Construir dos torres de agua de forma simult\u00e1nea - SADE","description":"UTILIDAD\r\nCon el fin de reforzar la red de abastecimiento de agua potable de la ciudad de Abiy\u00e1n, SADE construy\u00f3, en 19 meses y de forma simult\u00e1nea, dos","robots":{"index":"index","follow":"follow","max-snippet":"max-snippet:-1","max-image-preview":"max-image-preview:large","max-video-preview":"max-video-preview:-1"},"canonical":"https:\/\/www.sade-cgth.fr\/es\/accueil\/construir-dos-torres-de-agua-de-forma-simultanea\/","og_locale":"es_ES","og_type":"article","og_title":"Construir dos torres de agua de forma simult\u00e1nea - SADE","og_description":"[vc_row css=\u00bb.vc_custom_1610468484987{padding-bottom: 30px !important;}\u00bb][vc_column width=\u00bb1\/4&#8243; css=\u00bb.vc_custom_1610562032802{margin-top: 20px !important;margin-bottom: 0px !important;}\u00bb][vc_column_text el_class=\u00bbfondbleu\u00bb css=\u00bb.vc_custom_1610620343696{margin-top: 0px !important;margin-bottom: 0px !important;padding-top: 0px !important;padding-bottom: 0px !important;}\u00bb] UTILIDAD [\/vc_column_text][vc_column_text css=\u00bb.vc_custom_1610622417176{padding-right: 30px !important;}\u00bb]Con el fin de reforzar la red de abastecimiento de agua potable de la ciudad de Abiy\u00e1n, SADE construy\u00f3, en 19 meses y de forma simult\u00e1nea, dos torres de agua gemelas, a tres metros de distancia entre ellas, de 50 m de alto y 40 m de circunferencia (reservorio). [\/vc_column_text][\/vc_column][vc_column width=\u00bb3\/4&#8243;][vc_column_text css=\u00bb.vc_custom_1610620293161{padding-left: 40px !important;}\u00bb] Construir dos torres de agua de forma simult\u00e1nea Estas dos obras pesan aproximadamente 1000 toneladas de acero por 10 000 m\u00b3 de... +","og_url":"https:\/\/www.sade-cgth.fr\/es\/accueil\/construir-dos-torres-de-agua-de-forma-simultanea\/","og_site_name":"SADE","article_modified_time":"2021-01-14T11:06:59+00:00","og_image":[{"width":330,"height":144,"url":"https:\/\/www.sade-cgth.fr\/wp-content\/uploads\/2020\/06\/logo-la-sade.png","type":"image\/png"}],"twitter_card":"summary_large_image","twitter_site":"@sadecgth","twitter_misc":{"Tiempo de lectura":"2 minutos"},"schema":{"@context":"https:\/\/schema.org","@graph":[{"@type":"WebPage","@id":"https:\/\/www.sade-cgth.fr\/es\/accueil\/construir-dos-torres-de-agua-de-forma-simultanea\/","url":"https:\/\/www.sade-cgth.fr\/es\/accueil\/construir-dos-torres-de-agua-de-forma-simultanea\/","name":"Construir dos torres de agua de forma simult\u00e1nea - SADE","isPartOf":{"@id":"https:\/\/www.sade-cgth.fr\/#website"},"datePublished":"2020-12-09T13:09:20+00:00","dateModified":"2021-01-14T11:06:59+00:00","breadcrumb":{"@id":"https:\/\/www.sade-cgth.fr\/es\/accueil\/construir-dos-torres-de-agua-de-forma-simultanea\/#breadcrumb"},"inLanguage":"es","potentialAction":[{"@type":"ReadAction","target":["https:\/\/www.sade-cgth.fr\/es\/accueil\/construir-dos-torres-de-agua-de-forma-simultanea\/"]}]},{"@type":"BreadcrumbList","@id":"https:\/\/www.sade-cgth.fr\/es\/accueil\/construir-dos-torres-de-agua-de-forma-simultanea\/#breadcrumb","itemListElement":[{"@type":"ListItem","position":1,"name":"Accueil","item":"https:\/\/www.sade-cgth.fr\/es\/"},{"@type":"ListItem","position":2,"name":"Bienvenida SADE","item":"https:\/\/www.sade-cgth.fr\/es\/"},{"@type":"ListItem","position":3,"name":"Construir dos torres de agua de forma simult\u00e1nea"}]},{"@type":"WebSite","@id":"https:\/\/www.sade-cgth.fr\/#website","url":"https:\/\/www.sade-cgth.fr\/","name":"SADE","description":"","publisher":{"@id":"https:\/\/www.sade-cgth.fr\/#organization"},"potentialAction":[{"@type":"SearchAction","target":{"@type":"EntryPoint","urlTemplate":"https:\/\/www.sade-cgth.fr\/?s={search_term_string}"},"query-input":{"@type":"PropertyValueSpecification","valueRequired":true,"valueName":"search_term_string"}}],"inLanguage":"es"},{"@type":"Organization","@id":"https:\/\/www.sade-cgth.fr\/#organization","name":"La SADE","url":"https:\/\/www.sade-cgth.fr\/","logo":{"@type":"ImageObject","inLanguage":"es","@id":"https:\/\/www.sade-cgth.fr\/#\/schema\/logo\/image\/","url":"https:\/\/www.sade-cgth.fr\/wp-content\/uploads\/2020\/06\/logo-la-sade.png","contentUrl":"https:\/\/www.sade-cgth.fr\/wp-content\/uploads\/2020\/06\/logo-la-sade.png","width":330,"height":144,"caption":"La SADE"},"image":{"@id":"https:\/\/www.sade-cgth.fr\/#\/schema\/logo\/image\/"},"sameAs":["https:\/\/x.com\/sadecgth","https:\/\/www.instagram.com\/sadecgth","https:\/\/fr.linkedin.com\/company\/sade","https:\/\/www.youtube.com\/channel\/UCt0AEHEpfgRE3pADxCZvXnQ"]}]}},"_links":{"self":[{"href":"https:\/\/www.sade-cgth.fr\/es\/wp-json\/wp\/v2\/pages\/8500"}],"collection":[{"href":"https:\/\/www.sade-cgth.fr\/es\/wp-json\/wp\/v2\/pages"}],"about":[{"href":"https:\/\/www.sade-cgth.fr\/es\/wp-json\/wp\/v2\/types\/page"}],"author":[{"embeddable":true,"href":"https:\/\/www.sade-cgth.fr\/es\/wp-json\/wp\/v2\/users\/1"}],"replies":[{"embeddable":true,"href":"https:\/\/www.sade-cgth.fr\/es\/wp-json\/wp\/v2\/comments?post=8500"}],"version-history":[{"count":0,"href":"https:\/\/www.sade-cgth.fr\/es\/wp-json\/wp\/v2\/pages\/8500\/revisions"}],"up":[{"embeddable":true,"href":"https:\/\/www.sade-cgth.fr\/es\/wp-json\/wp\/v2\/pages\/6833"}],"wp:attachment":[{"href":"https:\/\/www.sade-cgth.fr\/es\/wp-json\/wp\/v2\/media?parent=8500"}],"curies":[{"name":"wp","href":"https:\/\/api.w.org\/{rel}","templated":true}]}}